{"id":6338,"date":"2025-12-14T13:56:34","date_gmt":"2025-12-14T12:56:34","guid":{"rendered":"https:\/\/observatoire-asap.org\/?page_id=6338"},"modified":"2025-12-14T13:56:35","modified_gmt":"2025-12-14T12:56:35","slug":"lettre-17-11-2025","status":"publish","type":"page","link":"https:\/\/observatoire-asap.org\/index.php\/lettre-17-11-2025\/","title":{"rendered":"Lettre #17 &#8211; 11\/2025"},"content":{"rendered":"\n<div class=\"wp-block-file\"><a id=\"wp-block-file--media-13dc5d1c-7395-4fe9-9348-4bc36cb3a25a\" href=\"https:\/\/observatoire-asap.org\/wp-content\/uploads\/2025\/12\/ASAP_Lettre_17.pdf\">ASAP_Lettre_17<\/a><a href=\"https:\/\/observatoire-asap.org\/wp-content\/uploads\/2025\/12\/ASAP_Lettre_17.pdf\" class=\"wp-block-file__button wp-element-button\" download aria-describedby=\"wp-block-file--media-13dc5d1c-7395-4fe9-9348-4bc36cb3a25a\">T\u00e9l\u00e9charger<\/a><\/div>\n\n\n<p><strong>1. \u00c9conomie<\/strong><\/p>\n<p><a href=\"https:\/\/observatoire-asap.org\/index.php\/2023\/10\/05\/les-prix-du-vin-en-economie-une-analyse-bibliometrique\/\">Les prix du vin en \u00e9conomie : une analyse bibliom\u00e9trique<\/a> par <a href=\"http:\/\/observatoire-asap.org\/index.php\/2020\/11\/23\/anne-sophie-thelisson\/\">Anne-Sophie Thelisson<\/a>,\u00a0<a href=\"http:\/\/observatoire-asap.org\/index.php\/2023\/06\/05\/eric-le-fur\/\">Eric Le Fur<\/a>\u00a0et\u00a0<a href=\"http:\/\/observatoire-asap.org\/index.php\/2023\/01\/16\/olivier-guyottot\/\">Olivier Guyottot<\/a><\/p>\n<p><a href=\"https:\/\/observatoire-asap.org\/index.php\/2023\/11\/21\/elements-de-synthese-des-fusions-acquisitions-en-2023-perspectives-pour-lannee-2024\/\">El\u00e9ments de synth\u00e8se des fusions-acquisitions en 2023\u00a0: perspectives pour l\u2019ann\u00e9e 2024<\/a> par <a href=\"https:\/\/observatoire-asap.org\/index.php\/2020\/02\/02\/olivier-meier\/\">Olivier Meier<\/a>\u00a0et\u00a0<a href=\"https:\/\/observatoire-asap.org\/index.php\/2020\/11\/23\/anne-sophie-thelisson\/\">Anne sophie Thelisson<\/a><\/p>\n<p><strong>2. \u00c9ducation<\/strong><\/p>\n<p><a href=\"https:\/\/observatoire-asap.org\/index.php\/2024\/02\/27\/ameliorer-la-lisibilite-du-marche-des-formations-en-management-enjeu-majeur-pour-les-instances-nationales-devaluation\/\">Am\u00e9liorer la lisibilit\u00e9 du march\u00e9 des formations en management\u00a0: enjeu majeur pour les instances nationales d\u2019\u00e9valuation<\/a> par <a href=\"http:\/\/observatoire-asap.org\/index.php\/2024\/02\/27\/pierre-buffaz\/\">Pierre Buffaz<\/a>\u00a0et\u00a0<a href=\"http:\/\/observatoire-asap.org\/index.php\/2024\/02\/27\/mathilde-gollety\/\">Mathilde Gollety<\/a><\/p>\n<p><strong>3. Entretien<\/strong><\/p>\n<p><a href=\"https:\/\/observatoire-asap.org\/index.php\/2023\/07\/24\/entretien-de-anne-celine-blanc-la-gouvernance-partagee-limportance-du-et\/\">Entretien de Anne-C\u00e9line Blanc \u00a0\u00bb La gouvernance partag\u00e9e\u00a0: l\u2019importance du \u00ab\u00a0ET\u00a0\u00bb<\/a> par \u00a0<a href=\"http:\/\/observatoire-asap.org\/index.php\/2020\/11\/30\/stefen-simon\/\">Stephen Simon<\/a><\/p>\n<p><strong>4. Juridique<\/strong><\/p>\n<p><a href=\"https:\/\/observatoire-asap.org\/index.php\/2023\/10\/31\/des-nouvelles-du-rgpd-histoires-de-profilage-dia-et-de-concurrence\/\">Des nouvelles du RGPD\u00a0: histoires de profilage, d\u2019IA et de concurrence<\/a> par <a href=\"http:\/\/observatoire-asap.org\/index.php\/2020\/10\/23\/marie-helene-gostiaux\/\">Marie-H\u00e9l\u00e8ne Gostiaux<\/a><\/p>\n<p><strong>5. Politique\u00a0<\/strong><\/p>\n<p><a href=\"https:\/\/observatoire-asap.org\/index.php\/2023\/10\/25\/ecologie-et-pouvoir-comment-votre-vote-peut-influencer-lavenir-de-la-planete\/\">Ecologie et pouvoir : comment votre vote peut influencer l\u2019avenir de la Plan\u00e8te !<\/a> par <a href=\"http:\/\/observatoire-asap.org\/index.php\/2023\/10\/25\/nicolas-stef\/\">Nicolae Stef<\/a>\u00a0et\u00a0<a href=\"http:\/\/observatoire-asap.org\/index.php\/2023\/10\/25\/sami-ben-jabeur\/\">Sami Ben Jabeur<\/a><\/p>\n<p><strong>6. Soci\u00e9tal<\/strong><\/p>\n<p><span class=\"current\"><a href=\"https:\/\/observatoire-asap.org\/index.php\/2022\/07\/06\/entreprise-a-mission-et-marches-financiers-une-incompatibilite\/\">Entreprise \u00e0 mission et march\u00e9s financiers : Une incompatibilit\u00e9\u00a0?<\/a> par <a href=\"http:\/\/observatoire-asap.org\/index.php\/2022\/04\/20\/loic-le-morlec\/\">Lo\u00efc Le Morlec<\/a><\/span><\/p>\n<p><span class=\"current\"><a href=\"https:\/\/observatoire-asap.org\/index.php\/2022\/07\/11\/lance-armstrong-crack-de-la-logistique-bricolee\/\">Lance Armstrong: crack de la logistique bricol\u00e9e<\/a> <\/span>par <a href=\"https:\/\/observatoire-asap.org\/index.php\/2021\/04\/07\/gilles-pache\/\">Gilles Pach\u00e9<\/a><\/p>\n<p><a href=\"https:\/\/observatoire-asap.org\/index.php\/2022\/09\/23\/la-grande-demission-en-france-et-si-les-drh-etaient-vraiment-les-actifs-concernes\/\">La grande d\u00e9mission en France : et si les DRH \u00e9taient vraiment les actifs concern\u00e9s ? \u00a0<\/a>par <a href=\"http:\/\/observatoire-asap.org\/index.php\/2020\/11\/30\/stefen-simon\/\">Stefen Simon<\/a><\/p>","protected":false},"excerpt":{"rendered":"<p>1. \u00c9conomie Les prix du vin en \u00e9conomie : une analyse bibliom\u00e9trique par Anne-Sophie Thelisson,\u00a0Eric Le Fur\u00a0et\u00a0Olivier Guyottot El\u00e9ments de synth\u00e8se des fusions-acquisitions en 2023\u00a0: perspectives pour l\u2019ann\u00e9e 2024 par Olivier Meier\u00a0et\u00a0Anne sophie Thelisson 2. \u00c9ducation Am\u00e9liorer la lisibilit\u00e9 du march\u00e9 des formations en management\u00a0: enjeu majeur pour les instances nationales d\u2019\u00e9valuation par Pierre Buffaz\u00a0et\u00a0Mathilde &hellip; <\/p>\n","protected":false},"author":3,"featured_media":0,"parent":0,"menu_order":0,"comment_status":"closed","ping_status":"closed","template":"","meta":{"spay_email":"","footnotes":""},"class_list":["post-6338","page","type-page","status-publish","hentry"],"yoast_head":"<!-- This site is optimized with the Yoast SEO plugin v24.9 - https:\/\/yoast.com\/wordpress\/plugins\/seo\/ -->\n<title>Lettre #17 - 11\/2025 -<\/title>\n<meta name=\"robots\" content=\"index, follow, max-snippet:-1, max-image-preview:large, max-video-preview:-1\" \/>\n<link rel=\"canonical\" href=\"https:\/\/observatoire-asap.org\/index.php\/lettre-17-11-2025\/\" \/>\n<meta property=\"og:locale\" content=\"fr_FR\" \/>\n<meta property=\"og:type\" content=\"article\" \/>\n<meta property=\"og:title\" content=\"Lettre #17 - 11\/2025 -\" \/>\n<meta property=\"og:description\" content=\"1. \u00c9conomie Les prix du vin en \u00e9conomie : une analyse bibliom\u00e9trique par Anne-Sophie Thelisson,\u00a0Eric Le Fur\u00a0et\u00a0Olivier Guyottot El\u00e9ments de synth\u00e8se des fusions-acquisitions en 2023\u00a0: perspectives pour l\u2019ann\u00e9e 2024 par Olivier Meier\u00a0et\u00a0Anne sophie Thelisson 2. \u00c9ducation Am\u00e9liorer la lisibilit\u00e9 du march\u00e9 des formations en management\u00a0: enjeu majeur pour les instances nationales d\u2019\u00e9valuation par Pierre Buffaz\u00a0et\u00a0Mathilde &hellip;\" \/>\n<meta property=\"og:url\" content=\"https:\/\/observatoire-asap.org\/index.php\/lettre-17-11-2025\/\" \/>\n<meta property=\"article:publisher\" content=\"https:\/\/facebook.com\/fabrice.hamelin.1\" \/>\n<meta property=\"article:modified_time\" content=\"2025-12-14T12:56:35+00:00\" \/>\n<meta name=\"twitter:card\" content=\"summary_large_image\" \/>\n<meta name=\"twitter:label1\" content=\"Dur\u00e9e de lecture estim\u00e9e\" \/>\n\t<meta name=\"twitter:data1\" content=\"1 minute\" \/>\n<script type=\"application\/ld+json\" class=\"yoast-schema-graph\">{\"@context\":\"https:\/\/schema.org\",\"@graph\":[{\"@type\":\"WebPage\",\"@id\":\"https:\/\/observatoire-asap.org\/index.php\/lettre-17-11-2025\/\",\"url\":\"https:\/\/observatoire-asap.org\/index.php\/lettre-17-11-2025\/\",\"name\":\"Lettre #17 - 11\/2025 -\",\"isPartOf\":{\"@id\":\"http:\/\/observatoire-asap.org\/#website\"},\"datePublished\":\"2025-12-14T12:56:34+00:00\",\"dateModified\":\"2025-12-14T12:56:35+00:00\",\"breadcrumb\":{\"@id\":\"https:\/\/observatoire-asap.org\/index.php\/lettre-17-11-2025\/#breadcrumb\"},\"inLanguage\":\"fr-FR\",\"potentialAction\":[{\"@type\":\"ReadAction\",\"target\":[\"https:\/\/observatoire-asap.org\/index.php\/lettre-17-11-2025\/\"]}]},{\"@type\":\"BreadcrumbList\",\"@id\":\"https:\/\/observatoire-asap.org\/index.php\/lettre-17-11-2025\/#breadcrumb\",\"itemListElement\":[{\"@type\":\"ListItem\",\"position\":1,\"name\":\"Accueil\",\"item\":\"http:\/\/observatoire-asap.org\/\"},{\"@type\":\"ListItem\",\"position\":2,\"name\":\"Lettre #17 &#8211; 11\/2025\"}]},{\"@type\":\"WebSite\",\"@id\":\"http:\/\/observatoire-asap.org\/#website\",\"url\":\"http:\/\/observatoire-asap.org\/\",\"name\":\"Action Soci\u00e9tale et Action Publique\",\"description\":\"\",\"publisher\":{\"@id\":\"http:\/\/observatoire-asap.org\/#organization\"},\"potentialAction\":[{\"@type\":\"SearchAction\",\"target\":{\"@type\":\"EntryPoint\",\"urlTemplate\":\"http:\/\/observatoire-asap.org\/?s={search_term_string}\"},\"query-input\":{\"@type\":\"PropertyValueSpecification\",\"valueRequired\":true,\"valueName\":\"search_term_string\"}}],\"inLanguage\":\"fr-FR\"},{\"@type\":\"Organization\",\"@id\":\"http:\/\/observatoire-asap.org\/#organization\",\"name\":\"Laboratoire ASAP\",\"url\":\"http:\/\/observatoire-asap.org\/\",\"logo\":{\"@type\":\"ImageObject\",\"inLanguage\":\"fr-FR\",\"@id\":\"http:\/\/observatoire-asap.org\/#\/schema\/logo\/image\/\",\"url\":\"https:\/\/observatoire-asap.org\/wp-content\/uploads\/2022\/01\/cropped-cropped-ASAP_Plan-de-travail-1.png\",\"contentUrl\":\"https:\/\/observatoire-asap.org\/wp-content\/uploads\/2022\/01\/cropped-cropped-ASAP_Plan-de-travail-1.png\",\"width\":1345,\"height\":426,\"caption\":\"Laboratoire ASAP\"},\"image\":{\"@id\":\"http:\/\/observatoire-asap.org\/#\/schema\/logo\/image\/\"},\"sameAs\":[\"https:\/\/facebook.com\/fabrice.hamelin.1\"]}]}<\/script>\n<!-- \/ Yoast SEO plugin. -->","yoast_head_json":{"title":"Lettre #17 - 11\/2025 -","robots":{"index":"index","follow":"follow","max-snippet":"max-snippet:-1","max-image-preview":"max-image-preview:large","max-video-preview":"max-video-preview:-1"},"canonical":"https:\/\/observatoire-asap.org\/index.php\/lettre-17-11-2025\/","og_locale":"fr_FR","og_type":"article","og_title":"Lettre #17 - 11\/2025 -","og_description":"1. \u00c9conomie Les prix du vin en \u00e9conomie : une analyse bibliom\u00e9trique par Anne-Sophie Thelisson,\u00a0Eric Le Fur\u00a0et\u00a0Olivier Guyottot El\u00e9ments de synth\u00e8se des fusions-acquisitions en 2023\u00a0: perspectives pour l\u2019ann\u00e9e 2024 par Olivier Meier\u00a0et\u00a0Anne sophie Thelisson 2. \u00c9ducation Am\u00e9liorer la lisibilit\u00e9 du march\u00e9 des formations en management\u00a0: enjeu majeur pour les instances nationales d\u2019\u00e9valuation par Pierre Buffaz\u00a0et\u00a0Mathilde &hellip;","og_url":"https:\/\/observatoire-asap.org\/index.php\/lettre-17-11-2025\/","article_publisher":"https:\/\/facebook.com\/fabrice.hamelin.1","article_modified_time":"2025-12-14T12:56:35+00:00","twitter_card":"summary_large_image","twitter_misc":{"Dur\u00e9e de lecture estim\u00e9e":"1 minute"},"schema":{"@context":"https:\/\/schema.org","@graph":[{"@type":"WebPage","@id":"https:\/\/observatoire-asap.org\/index.php\/lettre-17-11-2025\/","url":"https:\/\/observatoire-asap.org\/index.php\/lettre-17-11-2025\/","name":"Lettre #17 - 11\/2025 -","isPartOf":{"@id":"http:\/\/observatoire-asap.org\/#website"},"datePublished":"2025-12-14T12:56:34+00:00","dateModified":"2025-12-14T12:56:35+00:00","breadcrumb":{"@id":"https:\/\/observatoire-asap.org\/index.php\/lettre-17-11-2025\/#breadcrumb"},"inLanguage":"fr-FR","potentialAction":[{"@type":"ReadAction","target":["https:\/\/observatoire-asap.org\/index.php\/lettre-17-11-2025\/"]}]},{"@type":"BreadcrumbList","@id":"https:\/\/observatoire-asap.org\/index.php\/lettre-17-11-2025\/#breadcrumb","itemListElement":[{"@type":"ListItem","position":1,"name":"Accueil","item":"http:\/\/observatoire-asap.org\/"},{"@type":"ListItem","position":2,"name":"Lettre #17 &#8211; 11\/2025"}]},{"@type":"WebSite","@id":"http:\/\/observatoire-asap.org\/#website","url":"http:\/\/observatoire-asap.org\/","name":"Action Soci\u00e9tale et Action Publique","description":"","publisher":{"@id":"http:\/\/observatoire-asap.org\/#organization"},"potentialAction":[{"@type":"SearchAction","target":{"@type":"EntryPoint","urlTemplate":"http:\/\/observatoire-asap.org\/?s={search_term_string}"},"query-input":{"@type":"PropertyValueSpecification","valueRequired":true,"valueName":"search_term_string"}}],"inLanguage":"fr-FR"},{"@type":"Organization","@id":"http:\/\/observatoire-asap.org\/#organization","name":"Laboratoire ASAP","url":"http:\/\/observatoire-asap.org\/","logo":{"@type":"ImageObject","inLanguage":"fr-FR","@id":"http:\/\/observatoire-asap.org\/#\/schema\/logo\/image\/","url":"https:\/\/observatoire-asap.org\/wp-content\/uploads\/2022\/01\/cropped-cropped-ASAP_Plan-de-travail-1.png","contentUrl":"https:\/\/observatoire-asap.org\/wp-content\/uploads\/2022\/01\/cropped-cropped-ASAP_Plan-de-travail-1.png","width":1345,"height":426,"caption":"Laboratoire ASAP"},"image":{"@id":"http:\/\/observatoire-asap.org\/#\/schema\/logo\/image\/"},"sameAs":["https:\/\/facebook.com\/fabrice.hamelin.1"]}]}},"_links":{"self":[{"href":"https:\/\/observatoire-asap.org\/index.php\/wp-json\/wp\/v2\/pages\/6338","targetHints":{"allow":["GET"]}}],"collection":[{"href":"https:\/\/observatoire-asap.org\/index.php\/wp-json\/wp\/v2\/pages"}],"about":[{"href":"https:\/\/observatoire-asap.org\/index.php\/wp-json\/wp\/v2\/types\/page"}],"author":[{"embeddable":true,"href":"https:\/\/observatoire-asap.org\/index.php\/wp-json\/wp\/v2\/users\/3"}],"replies":[{"embeddable":true,"href":"https:\/\/observatoire-asap.org\/index.php\/wp-json\/wp\/v2\/comments?post=6338"}],"version-history":[{"count":1,"href":"https:\/\/observatoire-asap.org\/index.php\/wp-json\/wp\/v2\/pages\/6338\/revisions"}],"predecessor-version":[{"id":6340,"href":"https:\/\/observatoire-asap.org\/index.php\/wp-json\/wp\/v2\/pages\/6338\/revisions\/6340"}],"wp:attachment":[{"href":"https:\/\/observatoire-asap.org\/index.php\/wp-json\/wp\/v2\/media?parent=6338"}],"curies":[{"name":"wp","href":"https:\/\/api.w.org\/{rel}","templated":true}]}}