{"id":6220,"date":"2025-05-27T13:57:27","date_gmt":"2025-05-27T11:57:27","guid":{"rendered":"https:\/\/observatoire-asap.org\/?page_id=6220"},"modified":"2025-05-27T14:38:20","modified_gmt":"2025-05-27T12:38:20","slug":"lettre-16-06-2025","status":"publish","type":"page","link":"https:\/\/observatoire-asap.org\/index.php\/lettre-16-06-2025\/","title":{"rendered":"Lettre #16 &#8211; 05\/2025"},"content":{"rendered":"\n<div class=\"wp-block-file\"><a id=\"wp-block-file--media-8774acf9-14b1-4841-9605-3f3d38a0728f\" href=\"https:\/\/observatoire-asap.org\/wp-content\/uploads\/2025\/05\/ASAP_Lettre_16.pdf\">Lettre #16 compl\u00e8te<\/a><a href=\"https:\/\/observatoire-asap.org\/wp-content\/uploads\/2025\/05\/ASAP_Lettre_16.pdf\" class=\"wp-block-file__button wp-element-button\" download aria-describedby=\"wp-block-file--media-8774acf9-14b1-4841-9605-3f3d38a0728f\">T\u00e9l\u00e9charger<\/a><\/div>\n\n\n<p><strong>1. \u00c9conomie<\/strong><\/p>\n<p><a href=\"https:\/\/observatoire-asap.org\/index.php\/2022\/11\/02\/le-droit-a-lerreur-une-question-denvironnement\/\">Le droit \u00e0 l\u2019erreur : une question d\u2019environnement ?<\/a> par\u00a0<a href=\"http:\/\/observatoire-asap.org\/index.php\/2022\/04\/20\/loic-le-morlec\/\">Lo\u00efc Le Morlec<\/a><\/p>\n<p><a href=\"https:\/\/observatoire-asap.org\/index.php\/2023\/01\/30\/les-universites-et-l-economie-de-la-connaissance\/\">Les universit\u00e9s et l\u2019\u00ab \u00e9conomie de la connaissance\u00a0\u00bb<\/a> par\u00a0<a href=\"http:\/\/observatoire-asap.org\/index.php\/2022\/04\/27\/corentin-mariette\/\">Corentin Mariette<\/a><\/p>\n<p><strong>2. \u00c9ducation<\/strong><\/p>\n<p><a href=\"https:\/\/observatoire-asap.org\/index.php\/2024\/02\/23\/mieux-comprendre-le-fonctionnement-dune-chaine-logistique-grace-a-un-film-de-857-heures\/\">Mieux comprendre le fonctionnement d\u2019une cha\u00eene logistique gr\u00e2ce \u00e0 un film de 857\u00a0heures<\/a> par <a href=\"http:\/\/observatoire-asap.org\/index.php\/2021\/04\/07\/gilles-pache\/\">Gilles Pach\u00e9<\/a><\/p>\n<p><strong>3. Entretien<\/strong><\/p>\n<p><a href=\"https:\/\/observatoire-asap.org\/index.php\/2023\/06\/26\/entretien-aupres-de-jeremy-lamri-et-de-todd-lubar\/\">Entretien aupr\u00e8s de J\u00e9r\u00e9my Lamri et de Todd Lubart<\/a> par <a href=\"https:\/\/observatoire-asap.org\/index.php\/2021\/04\/27\/nicolas-anne\/\">Nicolas Anne<\/a><\/p>\n<p><strong>4. Juridique<\/strong><\/p>\n<p><a href=\"https:\/\/observatoire-asap.org\/index.php\/2022\/07\/19\/plus-de-6-ans-apres-le-rgpd-adoption-des-versions-definitives-des-dma-et-dsa-par-le-parlement-europeen\/\">Plus de 6 ans apr\u00e8s le RGPD, adoption des versions d\u00e9finitives des DMA et DSA par le Parlement europ\u00e9en<\/a> par <a href=\"https:\/\/observatoire-asap.org\/index.php\/2020\/10\/23\/marie-helene-gostiaux\/\">Marie-H\u00e9l\u00e8ne Gostiaux<\/a><\/p>\n<p><strong>5. Management<\/strong><\/p>\n<p><a href=\"https:\/\/observatoire-asap.org\/index.php\/2023\/01\/05\/peut-on-disrupter-la-variable-temps-dans-les-transformations\/\">Peut-on disrupter la variable temps dans les transformations\u00a0?<\/a> par <a href=\"http:\/\/observatoire-asap.org\/index.php\/2022\/04\/20\/loic-le-morlec\/\">Lo\u00efc Le Morlec<\/a><\/p>\n<p><span class=\"current\"><a href=\"https:\/\/observatoire-asap.org\/index.php\/2023\/04\/17\/il-faut-etre-gonfle-pour-favoriser-lentrepreneuriat-des-personnes-en-situation-de-handicap\/\">\u201cIl faut \u00eatre gonfl\u00e9\u201d. Pour favoriser l\u2019entrepreneuriat des personnes en situation de handicap<\/a><\/span> par <a href=\"http:\/\/observatoire-asap.org\/index.php\/2023\/04\/05\/julien-billion\/\">Julien Billion<\/a>\u00a0et\u00a0<a href=\"http:\/\/observatoire-asap.org\/index.php\/2023\/04\/05\/claire-doussard\/\">Claire Doussard<\/a><\/p>\n<p><a href=\"https:\/\/observatoire-asap.org\/index.php\/2023\/06\/05\/quand-les-rh-passent-au-vert-decryptage-dune-mutation\/\">Quand les RH passent au vert\u00a0! D\u00e9cryptage d\u2019une mutation<\/a> par <a href=\"http:\/\/observatoire-asap.org\/index.php\/2020\/02\/27\/jeanne-le-roy\/\">Jeanne Le Roy<\/a><\/p>\n<p><strong>6. Politique\u00a0<\/strong><\/p>\n<p><span class=\"current\"><a href=\"https:\/\/observatoire-asap.org\/index.php\/2023\/09\/23\/un-modele-de-leader-emergeant-le-cas-pspp-au-quebec\/\">Un mod\u00e8le de leader \u00e9mergeant : le cas \u00ab PSPP \u00bb au Qu\u00e9bec<\/a><\/span> par <a href=\"http:\/\/observatoire-asap.org\/index.php\/2023\/04\/24\/olivier-fournout\/\">Olivier Fournout<\/a><\/p>\n<p><strong>7. Soci\u00e9tal<\/strong><\/p>\n<p><span class=\"current\"><a href=\"https:\/\/observatoire-asap.org\/index.php\/2022\/04\/18\/changer-les-comportements-dans-le-domaine-de-lenvironnement-hdr-de-lolita-rubens\/\">Changer les comportements dans le domaine de l\u2019environnement<\/a> par <a href=\"http:\/\/observatoire-asap.org\/index.php\/2020\/02\/02\/lolita-rubens\/\">Lolita Rubens<\/a><\/span><\/p>\n<p><a href=\"https:\/\/observatoire-asap.org\/index.php\/2022\/05\/05\/atterrissage-du-rock-planant-au-pays-du-marketing-retour-sur-laffaire-pink-floyd-gini\/\">Atterrissage du rock planant au pays du marketing\u00a0: Retour sur \u00ab\u00a0l\u2019affaire\u00a0\u00bb Pink Floyd\u00a0\/\u00a0Gini<\/a> par <a href=\"http:\/\/observatoire-asap.org\/index.php\/2021\/04\/07\/gilles-pache\/\">Gilles Pach\u00e9<\/a><\/p>\n<p><a href=\"https:\/\/observatoire-asap.org\/index.php\/2022\/06\/16\/pourquoi-lunivers-de-la-musique-metal-est-un-terrain-approprie-pour-la-recherche-en-sciences-de-gestion\/\">Pourquoi l\u2019univers de la musique metal est un terrain appropri\u00e9 pour la recherche en sciences de gestion\u00a0?<\/a> par <a href=\"http:\/\/observatoire-asap.org\/index.php\/2021\/04\/27\/nicolas-anne\/\">Nicolas ANNE<\/a><\/p>\n<p><strong>8. Technologie<\/strong><\/p>\n<p><a href=\"https:\/\/observatoire-asap.org\/index.php\/2023\/04\/04\/chatgpt-et-la-course-effrenee-a-lia\/\">ChatGPT et la course effr\u00e9n\u00e9e \u00e0 l\u2019IA<\/a> par <a href=\"http:\/\/observatoire-asap.org\/index.php\/2020\/10\/23\/marie-helene-gostiaux\/\">Marie-H\u00e9l\u00e8ne Gostiaux<\/a><\/p>\n\n\n<p><\/p>\n","protected":false},"excerpt":{"rendered":"<p>1. \u00c9conomie Le droit \u00e0 l\u2019erreur : une question d\u2019environnement ? par\u00a0Lo\u00efc Le Morlec Les universit\u00e9s et l\u2019\u00ab \u00e9conomie de la connaissance\u00a0\u00bb par\u00a0Corentin Mariette 2. \u00c9ducation Mieux comprendre le fonctionnement d\u2019une cha\u00eene logistique gr\u00e2ce \u00e0 un film de 857\u00a0heures par Gilles Pach\u00e9 3. Entretien Entretien aupr\u00e8s de J\u00e9r\u00e9my Lamri et de Todd Lubart par Nicolas &hellip; <\/p>\n","protected":false},"author":3,"featured_media":0,"parent":0,"menu_order":0,"comment_status":"closed","ping_status":"closed","template":"","meta":{"spay_email":"","footnotes":""},"class_list":["post-6220","page","type-page","status-publish","hentry"],"yoast_head":"<!-- This site is optimized with the Yoast SEO plugin v24.9 - https:\/\/yoast.com\/wordpress\/plugins\/seo\/ -->\n<title>Lettre #16 - 05\/2025 -<\/title>\n<meta name=\"robots\" content=\"index, follow, max-snippet:-1, max-image-preview:large, max-video-preview:-1\" \/>\n<link rel=\"canonical\" href=\"https:\/\/observatoire-asap.org\/index.php\/lettre-16-06-2025\/\" \/>\n<meta property=\"og:locale\" content=\"fr_FR\" \/>\n<meta property=\"og:type\" content=\"article\" \/>\n<meta property=\"og:title\" content=\"Lettre #16 - 05\/2025 -\" \/>\n<meta property=\"og:description\" content=\"1. \u00c9conomie Le droit \u00e0 l\u2019erreur : une question d\u2019environnement ? par\u00a0Lo\u00efc Le Morlec Les universit\u00e9s et l\u2019\u00ab \u00e9conomie de la connaissance\u00a0\u00bb par\u00a0Corentin Mariette 2. \u00c9ducation Mieux comprendre le fonctionnement d\u2019une cha\u00eene logistique gr\u00e2ce \u00e0 un film de 857\u00a0heures par Gilles Pach\u00e9 3. Entretien Entretien aupr\u00e8s de J\u00e9r\u00e9my Lamri et de Todd Lubart par Nicolas &hellip;\" \/>\n<meta property=\"og:url\" content=\"https:\/\/observatoire-asap.org\/index.php\/lettre-16-06-2025\/\" \/>\n<meta property=\"article:publisher\" content=\"https:\/\/facebook.com\/fabrice.hamelin.1\" \/>\n<meta property=\"article:modified_time\" content=\"2025-05-27T12:38:20+00:00\" \/>\n<meta name=\"twitter:card\" content=\"summary_large_image\" \/>\n<script type=\"application\/ld+json\" class=\"yoast-schema-graph\">{\"@context\":\"https:\/\/schema.org\",\"@graph\":[{\"@type\":\"WebPage\",\"@id\":\"https:\/\/observatoire-asap.org\/index.php\/lettre-16-06-2025\/\",\"url\":\"https:\/\/observatoire-asap.org\/index.php\/lettre-16-06-2025\/\",\"name\":\"Lettre #16 - 05\/2025 -\",\"isPartOf\":{\"@id\":\"http:\/\/observatoire-asap.org\/#website\"},\"datePublished\":\"2025-05-27T11:57:27+00:00\",\"dateModified\":\"2025-05-27T12:38:20+00:00\",\"breadcrumb\":{\"@id\":\"https:\/\/observatoire-asap.org\/index.php\/lettre-16-06-2025\/#breadcrumb\"},\"inLanguage\":\"fr-FR\",\"potentialAction\":[{\"@type\":\"ReadAction\",\"target\":[\"https:\/\/observatoire-asap.org\/index.php\/lettre-16-06-2025\/\"]}]},{\"@type\":\"BreadcrumbList\",\"@id\":\"https:\/\/observatoire-asap.org\/index.php\/lettre-16-06-2025\/#breadcrumb\",\"itemListElement\":[{\"@type\":\"ListItem\",\"position\":1,\"name\":\"Accueil\",\"item\":\"http:\/\/observatoire-asap.org\/\"},{\"@type\":\"ListItem\",\"position\":2,\"name\":\"Lettre #16 &#8211; 05\/2025\"}]},{\"@type\":\"WebSite\",\"@id\":\"http:\/\/observatoire-asap.org\/#website\",\"url\":\"http:\/\/observatoire-asap.org\/\",\"name\":\"Action Soci\u00e9tale et Action Publique\",\"description\":\"\",\"publisher\":{\"@id\":\"http:\/\/observatoire-asap.org\/#organization\"},\"potentialAction\":[{\"@type\":\"SearchAction\",\"target\":{\"@type\":\"EntryPoint\",\"urlTemplate\":\"http:\/\/observatoire-asap.org\/?s={search_term_string}\"},\"query-input\":{\"@type\":\"PropertyValueSpecification\",\"valueRequired\":true,\"valueName\":\"search_term_string\"}}],\"inLanguage\":\"fr-FR\"},{\"@type\":\"Organization\",\"@id\":\"http:\/\/observatoire-asap.org\/#organization\",\"name\":\"Laboratoire ASAP\",\"url\":\"http:\/\/observatoire-asap.org\/\",\"logo\":{\"@type\":\"ImageObject\",\"inLanguage\":\"fr-FR\",\"@id\":\"http:\/\/observatoire-asap.org\/#\/schema\/logo\/image\/\",\"url\":\"https:\/\/observatoire-asap.org\/wp-content\/uploads\/2022\/01\/cropped-cropped-ASAP_Plan-de-travail-1.png\",\"contentUrl\":\"https:\/\/observatoire-asap.org\/wp-content\/uploads\/2022\/01\/cropped-cropped-ASAP_Plan-de-travail-1.png\",\"width\":1345,\"height\":426,\"caption\":\"Laboratoire ASAP\"},\"image\":{\"@id\":\"http:\/\/observatoire-asap.org\/#\/schema\/logo\/image\/\"},\"sameAs\":[\"https:\/\/facebook.com\/fabrice.hamelin.1\"]}]}<\/script>\n<!-- \/ Yoast SEO plugin. -->","yoast_head_json":{"title":"Lettre #16 - 05\/2025 -","robots":{"index":"index","follow":"follow","max-snippet":"max-snippet:-1","max-image-preview":"max-image-preview:large","max-video-preview":"max-video-preview:-1"},"canonical":"https:\/\/observatoire-asap.org\/index.php\/lettre-16-06-2025\/","og_locale":"fr_FR","og_type":"article","og_title":"Lettre #16 - 05\/2025 -","og_description":"1. \u00c9conomie Le droit \u00e0 l\u2019erreur : une question d\u2019environnement ? par\u00a0Lo\u00efc Le Morlec Les universit\u00e9s et l\u2019\u00ab \u00e9conomie de la connaissance\u00a0\u00bb par\u00a0Corentin Mariette 2. \u00c9ducation Mieux comprendre le fonctionnement d\u2019une cha\u00eene logistique gr\u00e2ce \u00e0 un film de 857\u00a0heures par Gilles Pach\u00e9 3. Entretien Entretien aupr\u00e8s de J\u00e9r\u00e9my Lamri et de Todd Lubart par Nicolas &hellip;","og_url":"https:\/\/observatoire-asap.org\/index.php\/lettre-16-06-2025\/","article_publisher":"https:\/\/facebook.com\/fabrice.hamelin.1","article_modified_time":"2025-05-27T12:38:20+00:00","twitter_card":"summary_large_image","schema":{"@context":"https:\/\/schema.org","@graph":[{"@type":"WebPage","@id":"https:\/\/observatoire-asap.org\/index.php\/lettre-16-06-2025\/","url":"https:\/\/observatoire-asap.org\/index.php\/lettre-16-06-2025\/","name":"Lettre #16 - 05\/2025 -","isPartOf":{"@id":"http:\/\/observatoire-asap.org\/#website"},"datePublished":"2025-05-27T11:57:27+00:00","dateModified":"2025-05-27T12:38:20+00:00","breadcrumb":{"@id":"https:\/\/observatoire-asap.org\/index.php\/lettre-16-06-2025\/#breadcrumb"},"inLanguage":"fr-FR","potentialAction":[{"@type":"ReadAction","target":["https:\/\/observatoire-asap.org\/index.php\/lettre-16-06-2025\/"]}]},{"@type":"BreadcrumbList","@id":"https:\/\/observatoire-asap.org\/index.php\/lettre-16-06-2025\/#breadcrumb","itemListElement":[{"@type":"ListItem","position":1,"name":"Accueil","item":"http:\/\/observatoire-asap.org\/"},{"@type":"ListItem","position":2,"name":"Lettre #16 &#8211; 05\/2025"}]},{"@type":"WebSite","@id":"http:\/\/observatoire-asap.org\/#website","url":"http:\/\/observatoire-asap.org\/","name":"Action Soci\u00e9tale et Action Publique","description":"","publisher":{"@id":"http:\/\/observatoire-asap.org\/#organization"},"potentialAction":[{"@type":"SearchAction","target":{"@type":"EntryPoint","urlTemplate":"http:\/\/observatoire-asap.org\/?s={search_term_string}"},"query-input":{"@type":"PropertyValueSpecification","valueRequired":true,"valueName":"search_term_string"}}],"inLanguage":"fr-FR"},{"@type":"Organization","@id":"http:\/\/observatoire-asap.org\/#organization","name":"Laboratoire ASAP","url":"http:\/\/observatoire-asap.org\/","logo":{"@type":"ImageObject","inLanguage":"fr-FR","@id":"http:\/\/observatoire-asap.org\/#\/schema\/logo\/image\/","url":"https:\/\/observatoire-asap.org\/wp-content\/uploads\/2022\/01\/cropped-cropped-ASAP_Plan-de-travail-1.png","contentUrl":"https:\/\/observatoire-asap.org\/wp-content\/uploads\/2022\/01\/cropped-cropped-ASAP_Plan-de-travail-1.png","width":1345,"height":426,"caption":"Laboratoire ASAP"},"image":{"@id":"http:\/\/observatoire-asap.org\/#\/schema\/logo\/image\/"},"sameAs":["https:\/\/facebook.com\/fabrice.hamelin.1"]}]}},"_links":{"self":[{"href":"https:\/\/observatoire-asap.org\/index.php\/wp-json\/wp\/v2\/pages\/6220","targetHints":{"allow":["GET"]}}],"collection":[{"href":"https:\/\/observatoire-asap.org\/index.php\/wp-json\/wp\/v2\/pages"}],"about":[{"href":"https:\/\/observatoire-asap.org\/index.php\/wp-json\/wp\/v2\/types\/page"}],"author":[{"embeddable":true,"href":"https:\/\/observatoire-asap.org\/index.php\/wp-json\/wp\/v2\/users\/3"}],"replies":[{"embeddable":true,"href":"https:\/\/observatoire-asap.org\/index.php\/wp-json\/wp\/v2\/comments?post=6220"}],"version-history":[{"count":3,"href":"https:\/\/observatoire-asap.org\/index.php\/wp-json\/wp\/v2\/pages\/6220\/revisions"}],"predecessor-version":[{"id":6226,"href":"https:\/\/observatoire-asap.org\/index.php\/wp-json\/wp\/v2\/pages\/6220\/revisions\/6226"}],"wp:attachment":[{"href":"https:\/\/observatoire-asap.org\/index.php\/wp-json\/wp\/v2\/media?parent=6220"}],"curies":[{"name":"wp","href":"https:\/\/api.w.org\/{rel}","templated":true}]}}