{"id":6149,"date":"2025-03-01T23:42:59","date_gmt":"2025-03-01T22:42:59","guid":{"rendered":"https:\/\/observatoire-asap.org\/?page_id=6149"},"modified":"2025-03-01T23:44:46","modified_gmt":"2025-03-01T22:44:46","slug":"lettre-15-02-2025","status":"publish","type":"page","link":"https:\/\/observatoire-asap.org\/index.php\/lettre-15-02-2025\/","title":{"rendered":"Lettre #15 &#8211; 02\/2025"},"content":{"rendered":"\n<div class=\"wp-block-file\"><a id=\"wp-block-file--media-e3d5c858-0a19-4909-bb20-0c9c09057781\" href=\"https:\/\/observatoire-asap.org\/wp-content\/uploads\/2025\/03\/ASAP_Lettre_15.pdf\">Lettre #15 compl\u00e8te<\/a><a href=\"https:\/\/observatoire-asap.org\/wp-content\/uploads\/2025\/03\/ASAP_Lettre_15.pdf\" class=\"wp-block-file__button wp-element-button\" download aria-describedby=\"wp-block-file--media-e3d5c858-0a19-4909-bb20-0c9c09057781\">T\u00e9l\u00e9charger<\/a><\/div>\n\n\n<p><strong>1. \u00c9conomie<\/strong><\/p>\n<p><a href=\"https:\/\/observatoire-asap.org\/index.php\/2022\/06\/07\/les-parties-prenantes-le-cas-de-la-relation-manager-fonds-dinvestissement-lors-dun-transfert-externe-de-pme\/\">Parties prenantes : le cas de la relation manager-fonds d\u2019investissement lors d\u2019un transfert externe de pme<\/a> par <a href=\"http:\/\/observatoire-asap.org\/index.php\/2022\/06\/07\/martine-story\/\">Martine Story<\/a><\/p>\n<p><a href=\"https:\/\/observatoire-asap.org\/index.php\/2022\/08\/01\/le-retour-de-la-croissance-economique-au-liban-un-reve-encore-inaccessible\/\">Le retour de la croissance \u00e9conomique au Liban : un r\u00eave encore inaccessible ?<\/a> par <a href=\"http:\/\/observatoire-asap.org\/index.php\/2022\/08\/01\/jean-francois-verne\/\">Jean-Fran\u00e7ois Verne<\/a><\/p>\n<p><a href=\"https:\/\/observatoire-asap.org\/index.php\/2022\/10\/25\/culture-de-lincertitude-ou-culture-du-risque-ce-nest-pas-quune-question-de-choix\/\">Culture de l\u2019incertitude ou culture du risque : ce n\u2019est pas qu\u2019une question de choix<\/a> par <a href=\"http:\/\/observatoire-asap.org\/index.php\/2022\/04\/20\/loic-le-morlec\/\">Lo\u00efc Le Morlec<\/a><\/p>\n<p><strong>2. \u00c9ducation<\/strong><\/p>\n<p><a href=\"https:\/\/observatoire-asap.org\/index.php\/2024\/01\/04\/les-universites-et-lapprentissage\/\">Les universit\u00e9s et l\u2019apprentissage<\/a> par <a href=\"http:\/\/observatoire-asap.org\/index.php\/2022\/04\/27\/corentin-mariette\/\">Corentin Mariette<\/a><\/p>\n<p><strong>3. Entretien<\/strong><\/p>\n<p><a href=\"https:\/\/observatoire-asap.org\/index.php\/2023\/04\/14\/entretien-aupres-daurelien-rouquet\/\">Entretien aupr\u00e8s d\u2019Aur\u00e9lien Rouquet<\/a> par <a href=\"http:\/\/observatoire-asap.org\/index.php\/2020\/11\/13\/elizabeth-couzineau-zegwaard\/\">Elizabeth Couzineau-Zegwaard<\/a><\/p>\n<p><strong>4. Juridique<\/strong><\/p>\n<p><a href=\"https:\/\/observatoire-asap.org\/index.php\/2022\/04\/26\/un-projet-de-directive-europeenne-sur-le-devoir-de-vigilance-des-societes-transnationales-attendu\/\">Un projet de directive europ\u00e9enne sur le devoir de vigilance des soci\u00e9t\u00e9s transnationales attendu<\/a> par <a href=\"https:\/\/observatoire-asap.org\/index.php\/2021\/02\/01\/marine-fouquet\/\">Marine Fouquet<\/a><\/p>\n<p><strong>5. Management<\/strong><\/p>\n<p><a href=\"https:\/\/observatoire-asap.org\/index.php\/2022\/11\/17\/culture-strategie-des-firmes-et-mode-de-management-le-cas-toray\/\">Culture, strat\u00e9gie des firmes et mode de management : le cas Toray<\/a> par <a href=\"http:\/\/observatoire-asap.org\/index.php\/2020\/02\/02\/olivier-meier\/\">Olivier Meier<\/a>\u00a0et\u00a0<a href=\"http:\/\/observatoire-asap.org\/index.php\/2020\/11\/16\/eric-le-tallec\/\">Eric le Tallec<\/a><\/p>\n<p><a href=\"https:\/\/observatoire-asap.org\/index.php\/2023\/01\/05\/quels-leviers-pour-reduire-la-variable-temps-dans-les-strategies\/\">Quels leviers pour r\u00e9duire la variable temps dans les strat\u00e9gies\u00a0?<\/a> par <a href=\"http:\/\/observatoire-asap.org\/index.php\/2022\/04\/20\/loic-le-morlec\/\">Lo\u00efc Le Morlec<\/a><\/p>\n<p><a href=\"https:\/\/observatoire-asap.org\/index.php\/2022\/12\/05\/le-lean-management-une-des-reponses-aux-defis-de-la-sobriete\/\">Le lean management, une des r\u00e9ponses aux d\u00e9fis de la sobri\u00e9t\u00e9<\/a> par <a href=\"http:\/\/observatoire-asap.org\/index.php\/2022\/12\/05\/florent-cochard\/\">Florent Cochard<\/a>\u00a0et\u00a0<a href=\"http:\/\/observatoire-asap.org\/index.php\/2020\/11\/13\/elizabeth-couzineau-zegwaard\/\">Elizabeth Couzineau-Zegwaard<\/a><\/p>\n<p><strong>6. Politique\u00a0<\/strong><\/p>\n<p><a href=\"https:\/\/observatoire-asap.org\/index.php\/2023\/02\/21\/la-jurisprudence-administrative-relative-a-la-qualite-de-lair-vers-un-controle-juridictionnel-de-la-politique-climatique\/\">La jurisprudence administrative relative \u00e0 la qualit\u00e9 de l\u2019air, vers un contr\u00f4le juridictionnel de la politique climatique\u00a0?<\/a> par <a href=\"http:\/\/observatoire-asap.org\/index.php\/2021\/04\/06\/claire-cuvelier\/\">Claire Cuvelier<\/a><\/p>\n<p><strong>7. Soci\u00e9tal<\/strong><\/p>\n<p><a href=\"https:\/\/observatoire-asap.org\/index.php\/2022\/02\/14\/la-pensee-dedgar-morin-a-la-rescousse-de-linextricable-complexite-de-lethique-des-algorithmes\/\">La pens\u00e9e d\u2019Edgar Morin \u00e0 la rescousse de l\u2019inextricable complexit\u00e9 de l\u2019\u00e9thique des algorithmes<\/a> par <a href=\"https:\/\/observatoire-asap.org\/index.php\/2022\/02\/14\/la-pensee-dedgar-morin-a-la-rescousse-de-linextricable-complexite-de-lethique-des-algorithmes\/\">La pens\u00e9e d\u2019Edgar Morin \u00e0 la rescousse de l\u2019inextricable complexit\u00e9 de l\u2019\u00e9thique des algorithmes<\/a><\/p>\n<p><a href=\"https:\/\/observatoire-asap.org\/index.php\/2022\/04\/13\/labsenteisme-ou-le-mythe-de-sisyphe-applique-aux-rh\/\">L\u2019absent\u00e9isme ou le mythe de Sisyphe appliqu\u00e9 aux RH<\/a> par <a href=\"http:\/\/observatoire-asap.org\/index.php\/2022\/03\/31\/francois-geuze\/\">Fran\u00e7ois GEUZE<\/a><\/p>\n<p><a href=\"https:\/\/observatoire-asap.org\/index.php\/2022\/05\/02\/la-disputio-au-coeur-du-management-chapitre-3-vers-la-reconnaissance-de-la-valeur-du-don\/\">La disputio au coeur du management : vers la reconnaissance de la valeur du don<\/a> par <a href=\"http:\/\/observatoire-asap.org\/index.php\/2022\/05\/02\/nicolas-aubert\/\">Nicolas Aubert<\/a>,\u00a0<a href=\"http:\/\/observatoire-asap.org\/index.php\/2021\/01\/19\/marc-bonnet\/\">Marc Bonnet<\/a>,\u00a0<a href=\"http:\/\/observatoire-asap.org\/index.php\/2020\/10\/24\/aude-deville\/\">Aude Deville<\/a>\u00a0et\u00a0<a href=\"http:\/\/observatoire-asap.org\/index.php\/2022\/05\/02\/anouk-grevin\/\">Anouk Grevin<\/a><\/p>\n<p><a href=\"https:\/\/observatoire-asap.org\/index.php\/2023\/04\/04\/chatgpt-et-la-course-effrenee-a-lia\/\">ChatGPT et la course effr\u00e9n\u00e9e \u00e0 l\u2019IA<\/a> par <a href=\"http:\/\/observatoire-asap.org\/index.php\/2020\/10\/23\/marie-helene-gostiaux\/\">Marie-H\u00e9l\u00e8ne Gostiaux<\/a><\/p>\n<\/p>\n\n\n<p><\/p>\n","protected":false},"excerpt":{"rendered":"<p>1. \u00c9conomie Parties prenantes : le cas de la relation manager-fonds d\u2019investissement lors d\u2019un transfert externe de pme par Martine Story Le retour de la croissance \u00e9conomique au Liban : un r\u00eave encore inaccessible ? par Jean-Fran\u00e7ois Verne Culture de l\u2019incertitude ou culture du risque : ce n\u2019est pas qu\u2019une question de choix par Lo\u00efc &hellip; <\/p>\n","protected":false},"author":3,"featured_media":0,"parent":0,"menu_order":0,"comment_status":"closed","ping_status":"closed","template":"","meta":{"spay_email":"","footnotes":""},"class_list":["post-6149","page","type-page","status-publish","hentry"],"yoast_head":"<!-- This site is optimized with the Yoast SEO plugin v24.9 - https:\/\/yoast.com\/wordpress\/plugins\/seo\/ -->\n<title>Lettre #15 - 02\/2025 -<\/title>\n<meta name=\"robots\" content=\"index, follow, max-snippet:-1, max-image-preview:large, max-video-preview:-1\" \/>\n<link rel=\"canonical\" href=\"https:\/\/observatoire-asap.org\/index.php\/lettre-15-02-2025\/\" \/>\n<meta property=\"og:locale\" content=\"fr_FR\" \/>\n<meta property=\"og:type\" content=\"article\" \/>\n<meta property=\"og:title\" content=\"Lettre #15 - 02\/2025 -\" \/>\n<meta property=\"og:description\" content=\"1. \u00c9conomie Parties prenantes : le cas de la relation manager-fonds d\u2019investissement lors d\u2019un transfert externe de pme par Martine Story Le retour de la croissance \u00e9conomique au Liban : un r\u00eave encore inaccessible ? par Jean-Fran\u00e7ois Verne Culture de l\u2019incertitude ou culture du risque : ce n\u2019est pas qu\u2019une question de choix par Lo\u00efc &hellip;\" \/>\n<meta property=\"og:url\" content=\"https:\/\/observatoire-asap.org\/index.php\/lettre-15-02-2025\/\" \/>\n<meta property=\"article:publisher\" content=\"https:\/\/facebook.com\/fabrice.hamelin.1\" \/>\n<meta property=\"article:modified_time\" content=\"2025-03-01T22:44:46+00:00\" \/>\n<meta name=\"twitter:card\" content=\"summary_large_image\" \/>\n<meta name=\"twitter:label1\" content=\"Dur\u00e9e de lecture estim\u00e9e\" \/>\n\t<meta name=\"twitter:data1\" content=\"2 minutes\" \/>\n<script type=\"application\/ld+json\" class=\"yoast-schema-graph\">{\"@context\":\"https:\/\/schema.org\",\"@graph\":[{\"@type\":\"WebPage\",\"@id\":\"https:\/\/observatoire-asap.org\/index.php\/lettre-15-02-2025\/\",\"url\":\"https:\/\/observatoire-asap.org\/index.php\/lettre-15-02-2025\/\",\"name\":\"Lettre #15 - 02\/2025 -\",\"isPartOf\":{\"@id\":\"http:\/\/observatoire-asap.org\/#website\"},\"datePublished\":\"2025-03-01T22:42:59+00:00\",\"dateModified\":\"2025-03-01T22:44:46+00:00\",\"breadcrumb\":{\"@id\":\"https:\/\/observatoire-asap.org\/index.php\/lettre-15-02-2025\/#breadcrumb\"},\"inLanguage\":\"fr-FR\",\"potentialAction\":[{\"@type\":\"ReadAction\",\"target\":[\"https:\/\/observatoire-asap.org\/index.php\/lettre-15-02-2025\/\"]}]},{\"@type\":\"BreadcrumbList\",\"@id\":\"https:\/\/observatoire-asap.org\/index.php\/lettre-15-02-2025\/#breadcrumb\",\"itemListElement\":[{\"@type\":\"ListItem\",\"position\":1,\"name\":\"Accueil\",\"item\":\"http:\/\/observatoire-asap.org\/\"},{\"@type\":\"ListItem\",\"position\":2,\"name\":\"Lettre #15 &#8211; 02\/2025\"}]},{\"@type\":\"WebSite\",\"@id\":\"http:\/\/observatoire-asap.org\/#website\",\"url\":\"http:\/\/observatoire-asap.org\/\",\"name\":\"Action Soci\u00e9tale et Action Publique\",\"description\":\"\",\"publisher\":{\"@id\":\"http:\/\/observatoire-asap.org\/#organization\"},\"potentialAction\":[{\"@type\":\"SearchAction\",\"target\":{\"@type\":\"EntryPoint\",\"urlTemplate\":\"http:\/\/observatoire-asap.org\/?s={search_term_string}\"},\"query-input\":{\"@type\":\"PropertyValueSpecification\",\"valueRequired\":true,\"valueName\":\"search_term_string\"}}],\"inLanguage\":\"fr-FR\"},{\"@type\":\"Organization\",\"@id\":\"http:\/\/observatoire-asap.org\/#organization\",\"name\":\"Laboratoire ASAP\",\"url\":\"http:\/\/observatoire-asap.org\/\",\"logo\":{\"@type\":\"ImageObject\",\"inLanguage\":\"fr-FR\",\"@id\":\"http:\/\/observatoire-asap.org\/#\/schema\/logo\/image\/\",\"url\":\"https:\/\/observatoire-asap.org\/wp-content\/uploads\/2022\/01\/cropped-cropped-ASAP_Plan-de-travail-1.png\",\"contentUrl\":\"https:\/\/observatoire-asap.org\/wp-content\/uploads\/2022\/01\/cropped-cropped-ASAP_Plan-de-travail-1.png\",\"width\":1345,\"height\":426,\"caption\":\"Laboratoire ASAP\"},\"image\":{\"@id\":\"http:\/\/observatoire-asap.org\/#\/schema\/logo\/image\/\"},\"sameAs\":[\"https:\/\/facebook.com\/fabrice.hamelin.1\"]}]}<\/script>\n<!-- \/ Yoast SEO plugin. -->","yoast_head_json":{"title":"Lettre #15 - 02\/2025 -","robots":{"index":"index","follow":"follow","max-snippet":"max-snippet:-1","max-image-preview":"max-image-preview:large","max-video-preview":"max-video-preview:-1"},"canonical":"https:\/\/observatoire-asap.org\/index.php\/lettre-15-02-2025\/","og_locale":"fr_FR","og_type":"article","og_title":"Lettre #15 - 02\/2025 -","og_description":"1. \u00c9conomie Parties prenantes : le cas de la relation manager-fonds d\u2019investissement lors d\u2019un transfert externe de pme par Martine Story Le retour de la croissance \u00e9conomique au Liban : un r\u00eave encore inaccessible ? par Jean-Fran\u00e7ois Verne Culture de l\u2019incertitude ou culture du risque : ce n\u2019est pas qu\u2019une question de choix par Lo\u00efc &hellip;","og_url":"https:\/\/observatoire-asap.org\/index.php\/lettre-15-02-2025\/","article_publisher":"https:\/\/facebook.com\/fabrice.hamelin.1","article_modified_time":"2025-03-01T22:44:46+00:00","twitter_card":"summary_large_image","twitter_misc":{"Dur\u00e9e de lecture estim\u00e9e":"2 minutes"},"schema":{"@context":"https:\/\/schema.org","@graph":[{"@type":"WebPage","@id":"https:\/\/observatoire-asap.org\/index.php\/lettre-15-02-2025\/","url":"https:\/\/observatoire-asap.org\/index.php\/lettre-15-02-2025\/","name":"Lettre #15 - 02\/2025 -","isPartOf":{"@id":"http:\/\/observatoire-asap.org\/#website"},"datePublished":"2025-03-01T22:42:59+00:00","dateModified":"2025-03-01T22:44:46+00:00","breadcrumb":{"@id":"https:\/\/observatoire-asap.org\/index.php\/lettre-15-02-2025\/#breadcrumb"},"inLanguage":"fr-FR","potentialAction":[{"@type":"ReadAction","target":["https:\/\/observatoire-asap.org\/index.php\/lettre-15-02-2025\/"]}]},{"@type":"BreadcrumbList","@id":"https:\/\/observatoire-asap.org\/index.php\/lettre-15-02-2025\/#breadcrumb","itemListElement":[{"@type":"ListItem","position":1,"name":"Accueil","item":"http:\/\/observatoire-asap.org\/"},{"@type":"ListItem","position":2,"name":"Lettre #15 &#8211; 02\/2025"}]},{"@type":"WebSite","@id":"http:\/\/observatoire-asap.org\/#website","url":"http:\/\/observatoire-asap.org\/","name":"Action Soci\u00e9tale et Action Publique","description":"","publisher":{"@id":"http:\/\/observatoire-asap.org\/#organization"},"potentialAction":[{"@type":"SearchAction","target":{"@type":"EntryPoint","urlTemplate":"http:\/\/observatoire-asap.org\/?s={search_term_string}"},"query-input":{"@type":"PropertyValueSpecification","valueRequired":true,"valueName":"search_term_string"}}],"inLanguage":"fr-FR"},{"@type":"Organization","@id":"http:\/\/observatoire-asap.org\/#organization","name":"Laboratoire ASAP","url":"http:\/\/observatoire-asap.org\/","logo":{"@type":"ImageObject","inLanguage":"fr-FR","@id":"http:\/\/observatoire-asap.org\/#\/schema\/logo\/image\/","url":"https:\/\/observatoire-asap.org\/wp-content\/uploads\/2022\/01\/cropped-cropped-ASAP_Plan-de-travail-1.png","contentUrl":"https:\/\/observatoire-asap.org\/wp-content\/uploads\/2022\/01\/cropped-cropped-ASAP_Plan-de-travail-1.png","width":1345,"height":426,"caption":"Laboratoire ASAP"},"image":{"@id":"http:\/\/observatoire-asap.org\/#\/schema\/logo\/image\/"},"sameAs":["https:\/\/facebook.com\/fabrice.hamelin.1"]}]}},"_links":{"self":[{"href":"https:\/\/observatoire-asap.org\/index.php\/wp-json\/wp\/v2\/pages\/6149","targetHints":{"allow":["GET"]}}],"collection":[{"href":"https:\/\/observatoire-asap.org\/index.php\/wp-json\/wp\/v2\/pages"}],"about":[{"href":"https:\/\/observatoire-asap.org\/index.php\/wp-json\/wp\/v2\/types\/page"}],"author":[{"embeddable":true,"href":"https:\/\/observatoire-asap.org\/index.php\/wp-json\/wp\/v2\/users\/3"}],"replies":[{"embeddable":true,"href":"https:\/\/observatoire-asap.org\/index.php\/wp-json\/wp\/v2\/comments?post=6149"}],"version-history":[{"count":7,"href":"https:\/\/observatoire-asap.org\/index.php\/wp-json\/wp\/v2\/pages\/6149\/revisions"}],"predecessor-version":[{"id":6221,"href":"https:\/\/observatoire-asap.org\/index.php\/wp-json\/wp\/v2\/pages\/6149\/revisions\/6221"}],"wp:attachment":[{"href":"https:\/\/observatoire-asap.org\/index.php\/wp-json\/wp\/v2\/media?parent=6149"}],"curies":[{"name":"wp","href":"https:\/\/api.w.org\/{rel}","templated":true}]}}