{"id":4892,"date":"2022-07-11T11:04:05","date_gmt":"2022-07-11T09:04:05","guid":{"rendered":"http:\/\/observatoire-asap.org\/?page_id=4892"},"modified":"2022-07-11T11:32:30","modified_gmt":"2022-07-11T09:32:30","slug":"rfg-nemesis","status":"publish","type":"page","link":"https:\/\/observatoire-asap.org\/index.php\/rfg-nemesis\/","title":{"rendered":"RFG &#8211; N\u00e9m\u00e9sis"},"content":{"rendered":"<p style=\"text-align: justify;\">L&rsquo;Observatoire ASAP publie en partenariat avec la <a href=\"https:\/\/rfg.revuesonline.com\/\">Revue Fran\u00e7aise de Gestion<\/a> (rang 2 &#8211; FNEGE) et le projet Nemesis, plusieurs tribunes labellis\u00e9es par la RFG, propos\u00e9es par des professeurs d&rsquo;universit\u00e9 et de Grandes Ecoles.<\/p>\n<p style=\"text-align: justify;\">\n<p style=\"text-align: justify;\">La <strong>Revue Fran\u00e7aise de Gestion<\/strong> est la principale publication francophone dans le domaine du management.\u00a0 La RFG publie des articles et points de vue de praticiens et de chercheurs sur l\u2019\u00e9volution des sciences, techniques et pratiques de gestion.<\/p>\n<p style=\"text-align: justify;\">\n<p style=\"text-align: justify;\">Le <strong>projet N\u00e9m\u00e9sis<\/strong> offre la possibilit\u00e9, \u00e0 des experts et sp\u00e9cialistes reconnus dans leurs domaines, de donner leurs analyses et avis sur des sujets en prise avec l&rsquo;actualit\u00e9, sous forme de tribunes.<\/p>\n<p style=\"text-align: justify;\">\n<p style=\"text-align: justify;\">Les auteurs des contributions retenues par la RFG sont par ailleurs invit\u00e9s \u00e0 valoriser leurs textes sous la forme d\u2019interviews dans le cadre de l<strong>\u2019\u00e9mission IQSOG \u00ab Fen\u00eatres Ouvertes sur la Gestion \u00bb<\/strong>, produite par Xerfi Canal.<\/p>\n","protected":false},"excerpt":{"rendered":"<p>L&rsquo;Observatoire ASAP publie en partenariat avec la Revue Fran\u00e7aise de Gestion (rang 2 &#8211; FNEGE) et le projet Nemesis, plusieurs tribunes labellis\u00e9es par la RFG, propos\u00e9es par des professeurs d&rsquo;universit\u00e9 et de Grandes Ecoles. La Revue Fran\u00e7aise de Gestion est la principale publication francophone dans le domaine du management.\u00a0 La RFG publie des articles et &hellip; <\/p>\n","protected":false},"author":1,"featured_media":0,"parent":0,"menu_order":0,"comment_status":"closed","ping_status":"closed","template":"","meta":{"spay_email":"","footnotes":""},"class_list":["post-4892","page","type-page","status-publish","hentry"],"yoast_head":"<!-- This site is optimized with the Yoast SEO plugin v24.9 - https:\/\/yoast.com\/wordpress\/plugins\/seo\/ -->\n<title>RFG - N\u00e9m\u00e9sis -<\/title>\n<meta name=\"robots\" content=\"index, follow, max-snippet:-1, max-image-preview:large, max-video-preview:-1\" \/>\n<link rel=\"canonical\" href=\"http:\/\/observatoire-asap.org\/index.php\/rfg-nemesis\/\" \/>\n<meta property=\"og:locale\" content=\"fr_FR\" \/>\n<meta property=\"og:type\" content=\"article\" \/>\n<meta property=\"og:title\" content=\"RFG - N\u00e9m\u00e9sis -\" \/>\n<meta property=\"og:description\" content=\"L&rsquo;Observatoire ASAP publie en partenariat avec la Revue Fran\u00e7aise de Gestion (rang 2 &#8211; FNEGE) et le projet Nemesis, plusieurs tribunes labellis\u00e9es par la RFG, propos\u00e9es par des professeurs d&rsquo;universit\u00e9 et de Grandes Ecoles. La Revue Fran\u00e7aise de Gestion est la principale publication francophone dans le domaine du management.\u00a0 La RFG publie des articles et &hellip;\" \/>\n<meta property=\"og:url\" content=\"http:\/\/observatoire-asap.org\/index.php\/rfg-nemesis\/\" \/>\n<meta property=\"article:publisher\" content=\"https:\/\/facebook.com\/fabrice.hamelin.1\" \/>\n<meta property=\"article:modified_time\" content=\"2022-07-11T09:32:30+00:00\" \/>\n<meta name=\"twitter:card\" content=\"summary_large_image\" \/>\n<meta name=\"twitter:label1\" content=\"Dur\u00e9e de lecture estim\u00e9e\" \/>\n\t<meta name=\"twitter:data1\" content=\"1 minute\" \/>\n<script type=\"application\/ld+json\" class=\"yoast-schema-graph\">{\"@context\":\"https:\/\/schema.org\",\"@graph\":[{\"@type\":\"WebPage\",\"@id\":\"http:\/\/observatoire-asap.org\/index.php\/rfg-nemesis\/\",\"url\":\"http:\/\/observatoire-asap.org\/index.php\/rfg-nemesis\/\",\"name\":\"RFG - N\u00e9m\u00e9sis -\",\"isPartOf\":{\"@id\":\"http:\/\/observatoire-asap.org\/#website\"},\"datePublished\":\"2022-07-11T09:04:05+00:00\",\"dateModified\":\"2022-07-11T09:32:30+00:00\",\"breadcrumb\":{\"@id\":\"http:\/\/observatoire-asap.org\/index.php\/rfg-nemesis\/#breadcrumb\"},\"inLanguage\":\"fr-FR\",\"potentialAction\":[{\"@type\":\"ReadAction\",\"target\":[\"http:\/\/observatoire-asap.org\/index.php\/rfg-nemesis\/\"]}]},{\"@type\":\"BreadcrumbList\",\"@id\":\"http:\/\/observatoire-asap.org\/index.php\/rfg-nemesis\/#breadcrumb\",\"itemListElement\":[{\"@type\":\"ListItem\",\"position\":1,\"name\":\"Accueil\",\"item\":\"http:\/\/observatoire-asap.org\/\"},{\"@type\":\"ListItem\",\"position\":2,\"name\":\"RFG &#8211; N\u00e9m\u00e9sis\"}]},{\"@type\":\"WebSite\",\"@id\":\"http:\/\/observatoire-asap.org\/#website\",\"url\":\"http:\/\/observatoire-asap.org\/\",\"name\":\"Action Soci\u00e9tale et Action Publique\",\"description\":\"\",\"publisher\":{\"@id\":\"http:\/\/observatoire-asap.org\/#organization\"},\"potentialAction\":[{\"@type\":\"SearchAction\",\"target\":{\"@type\":\"EntryPoint\",\"urlTemplate\":\"http:\/\/observatoire-asap.org\/?s={search_term_string}\"},\"query-input\":{\"@type\":\"PropertyValueSpecification\",\"valueRequired\":true,\"valueName\":\"search_term_string\"}}],\"inLanguage\":\"fr-FR\"},{\"@type\":\"Organization\",\"@id\":\"http:\/\/observatoire-asap.org\/#organization\",\"name\":\"Laboratoire ASAP\",\"url\":\"http:\/\/observatoire-asap.org\/\",\"logo\":{\"@type\":\"ImageObject\",\"inLanguage\":\"fr-FR\",\"@id\":\"http:\/\/observatoire-asap.org\/#\/schema\/logo\/image\/\",\"url\":\"https:\/\/observatoire-asap.org\/wp-content\/uploads\/2022\/01\/cropped-cropped-ASAP_Plan-de-travail-1.png\",\"contentUrl\":\"https:\/\/observatoire-asap.org\/wp-content\/uploads\/2022\/01\/cropped-cropped-ASAP_Plan-de-travail-1.png\",\"width\":1345,\"height\":426,\"caption\":\"Laboratoire ASAP\"},\"image\":{\"@id\":\"http:\/\/observatoire-asap.org\/#\/schema\/logo\/image\/\"},\"sameAs\":[\"https:\/\/facebook.com\/fabrice.hamelin.1\"]}]}<\/script>\n<!-- \/ Yoast SEO plugin. -->","yoast_head_json":{"title":"RFG - N\u00e9m\u00e9sis -","robots":{"index":"index","follow":"follow","max-snippet":"max-snippet:-1","max-image-preview":"max-image-preview:large","max-video-preview":"max-video-preview:-1"},"canonical":"http:\/\/observatoire-asap.org\/index.php\/rfg-nemesis\/","og_locale":"fr_FR","og_type":"article","og_title":"RFG - N\u00e9m\u00e9sis -","og_description":"L&rsquo;Observatoire ASAP publie en partenariat avec la Revue Fran\u00e7aise de Gestion (rang 2 &#8211; FNEGE) et le projet Nemesis, plusieurs tribunes labellis\u00e9es par la RFG, propos\u00e9es par des professeurs d&rsquo;universit\u00e9 et de Grandes Ecoles. La Revue Fran\u00e7aise de Gestion est la principale publication francophone dans le domaine du management.\u00a0 La RFG publie des articles et &hellip;","og_url":"http:\/\/observatoire-asap.org\/index.php\/rfg-nemesis\/","article_publisher":"https:\/\/facebook.com\/fabrice.hamelin.1","article_modified_time":"2022-07-11T09:32:30+00:00","twitter_card":"summary_large_image","twitter_misc":{"Dur\u00e9e de lecture estim\u00e9e":"1 minute"},"schema":{"@context":"https:\/\/schema.org","@graph":[{"@type":"WebPage","@id":"http:\/\/observatoire-asap.org\/index.php\/rfg-nemesis\/","url":"http:\/\/observatoire-asap.org\/index.php\/rfg-nemesis\/","name":"RFG - N\u00e9m\u00e9sis -","isPartOf":{"@id":"http:\/\/observatoire-asap.org\/#website"},"datePublished":"2022-07-11T09:04:05+00:00","dateModified":"2022-07-11T09:32:30+00:00","breadcrumb":{"@id":"http:\/\/observatoire-asap.org\/index.php\/rfg-nemesis\/#breadcrumb"},"inLanguage":"fr-FR","potentialAction":[{"@type":"ReadAction","target":["http:\/\/observatoire-asap.org\/index.php\/rfg-nemesis\/"]}]},{"@type":"BreadcrumbList","@id":"http:\/\/observatoire-asap.org\/index.php\/rfg-nemesis\/#breadcrumb","itemListElement":[{"@type":"ListItem","position":1,"name":"Accueil","item":"http:\/\/observatoire-asap.org\/"},{"@type":"ListItem","position":2,"name":"RFG &#8211; N\u00e9m\u00e9sis"}]},{"@type":"WebSite","@id":"http:\/\/observatoire-asap.org\/#website","url":"http:\/\/observatoire-asap.org\/","name":"Action Soci\u00e9tale et Action Publique","description":"","publisher":{"@id":"http:\/\/observatoire-asap.org\/#organization"},"potentialAction":[{"@type":"SearchAction","target":{"@type":"EntryPoint","urlTemplate":"http:\/\/observatoire-asap.org\/?s={search_term_string}"},"query-input":{"@type":"PropertyValueSpecification","valueRequired":true,"valueName":"search_term_string"}}],"inLanguage":"fr-FR"},{"@type":"Organization","@id":"http:\/\/observatoire-asap.org\/#organization","name":"Laboratoire ASAP","url":"http:\/\/observatoire-asap.org\/","logo":{"@type":"ImageObject","inLanguage":"fr-FR","@id":"http:\/\/observatoire-asap.org\/#\/schema\/logo\/image\/","url":"https:\/\/observatoire-asap.org\/wp-content\/uploads\/2022\/01\/cropped-cropped-ASAP_Plan-de-travail-1.png","contentUrl":"https:\/\/observatoire-asap.org\/wp-content\/uploads\/2022\/01\/cropped-cropped-ASAP_Plan-de-travail-1.png","width":1345,"height":426,"caption":"Laboratoire ASAP"},"image":{"@id":"http:\/\/observatoire-asap.org\/#\/schema\/logo\/image\/"},"sameAs":["https:\/\/facebook.com\/fabrice.hamelin.1"]}]}},"_links":{"self":[{"href":"https:\/\/observatoire-asap.org\/index.php\/wp-json\/wp\/v2\/pages\/4892","targetHints":{"allow":["GET"]}}],"collection":[{"href":"https:\/\/observatoire-asap.org\/index.php\/wp-json\/wp\/v2\/pages"}],"about":[{"href":"https:\/\/observatoire-asap.org\/index.php\/wp-json\/wp\/v2\/types\/page"}],"author":[{"embeddable":true,"href":"https:\/\/observatoire-asap.org\/index.php\/wp-json\/wp\/v2\/users\/1"}],"replies":[{"embeddable":true,"href":"https:\/\/observatoire-asap.org\/index.php\/wp-json\/wp\/v2\/comments?post=4892"}],"version-history":[{"count":2,"href":"https:\/\/observatoire-asap.org\/index.php\/wp-json\/wp\/v2\/pages\/4892\/revisions"}],"predecessor-version":[{"id":4898,"href":"https:\/\/observatoire-asap.org\/index.php\/wp-json\/wp\/v2\/pages\/4892\/revisions\/4898"}],"wp:attachment":[{"href":"https:\/\/observatoire-asap.org\/index.php\/wp-json\/wp\/v2\/media?parent=4892"}],"curies":[{"name":"wp","href":"https:\/\/api.w.org\/{rel}","templated":true}]}}