{"id":4686,"date":"2022-06-09T10:14:15","date_gmt":"2022-06-09T08:14:15","guid":{"rendered":"http:\/\/observatoire-asap.org\/?page_id=4686"},"modified":"2022-06-09T10:14:15","modified_gmt":"2022-06-09T08:14:15","slug":"lettre-9-06-2022","status":"publish","type":"page","link":"https:\/\/observatoire-asap.org\/index.php\/lettre-9-06-2022\/","title":{"rendered":"Lettre #9 &#8211; 06\/2022"},"content":{"rendered":"\n<p><\/p>\n\n\n\n<div data-wp-interactive=\"core\/file\" class=\"wp-block-file\"><object data-wp-bind--hidden=\"!state.hasPdfPreview\" hidden class=\"wp-block-file__embed\" data=\"http:\/\/observatoire-asap.org\/wp-content\/uploads\/2022\/06\/ASAP_Lettre-9_Juin-2022.pdf\" type=\"application\/pdf\" style=\"width:100%;height:200px\" aria-label=\"Contenu embarqu\u00e9 Contenu embarqu\u00e9 Lettre #9 compl\u00e8te..\"><\/object><a id=\"wp-block-file--media-b8f1a165-98b7-466a-8866-6e43abfdc31b\" href=\"http:\/\/observatoire-asap.org\/wp-content\/uploads\/2022\/06\/ASAP_Lettre-9_Juin-2022.pdf\">Lettre #9 compl\u00e8te<\/a><a href=\"http:\/\/observatoire-asap.org\/wp-content\/uploads\/2022\/06\/ASAP_Lettre-9_Juin-2022.pdf\" class=\"wp-block-file__button\" download aria-describedby=\"wp-block-file--media-b8f1a165-98b7-466a-8866-6e43abfdc31b\">T\u00e9l\u00e9charger<\/a><\/div>\n\n\n<h2>\u00a0<\/h2>\n<h2>1. Entretiens<\/h2>\n<p><span class=\"current\"><a href=\"https:\/\/observatoire-asap.org\/index.php\/2021\/07\/09\/entretien-aupres-de-catherine-tanguy-responsable-du-pole-action-educative\/\">Entretien aupr\u00e8s de Catherine Tanguy<\/a>.<\/span> Entretien men\u00e9 par <a href=\"http:\/\/observatoire-asap.org\/index.php\/2020\/02\/15\/maryvonne-dussaux\/\">Maryvonne Dussaux<\/a><\/p>\n<div class=\"wp-block-column\">\n<p><a href=\"http:\/\/observatoire-asap.org\/index.php\/2021\/09\/13\/a-propos-de-chatelain-ponroy-s-gibert-p-rival-m-burlaud-a-dir-2021-les-grands-auteurs-en-management-public-editions-ems\/\">Entretien aupr\u00e8s de CHATELAIN-PONROY St\u00e9phanie<\/a>. Entretien men\u00e9 par <a href=\"http:\/\/observatoire-asap.org\/index.php\/2020\/02\/02\/olivier-meier\/\">Olivier Meier<\/a><\/p>\n<p>\u00a0<\/p>\n<\/div>\n<h2>2. Politique<\/h2>\n<p><a href=\"http:\/\/observatoire-asap.org\/index.php\/2021\/09\/23\/tiers-lieux-a-la-rencontre-de-laction-publique-et-de-laction-privee\/\">Tiers lieux : \u00e0 la rencontre de l\u2019action publique et de l\u2019action priv\u00e9e <\/a>par <a href=\"http:\/\/observatoire-asap.org\/index.php\/2020\/11\/24\/denis-cristol\/\">Denis Cristol<\/a><\/p>\n<p><a href=\"http:\/\/observatoire-asap.org\/index.php\/2021\/09\/12\/la-fonction-publique-face-aux-faits-religieux-au-travaillimites-de-la-loi-reaffirmation-nationale-et-modalites-de-reappropriation\/\">La fonction RH publique face aux faits religieux au travail <\/a>par <a href=\"http:\/\/observatoire-asap.org\/index.php\/2021\/03\/05\/hugo-gaillard\/\">Hugo Gaillard<\/a><\/p>\n<p>\u00a0<\/p>\n<h2>3. \u00c9conomie<\/h2>\n<p><a href=\"http:\/\/observatoire-asap.org\/index.php\/2021\/04\/13\/adapter-le-conseil-en-entreprise-aux-nouvelles-realites\/\">Adapter le conseil en entreprise aux nouvelles r\u00e9alit\u00e9s<\/a> par <a href=\"http:\/\/observatoire-asap.org\/index.php\/2020\/11\/18\/geoffrey-martinache\/\">Geoffrey Martinache<\/a><\/p>\n<p><a href=\"http:\/\/observatoire-asap.org\/index.php\/2021\/06\/24\/comment-les-partenariats-public-prive-emergent-operent-et-se-developpent-dans-les-economies-emergentes\/\">Comment les partenariats public-priv\u00e9 se d\u00e9veloppent et op\u00e8rent dans les \u00e9conomies \u00e9mergentes ?<\/a> par <a href=\"http:\/\/observatoire-asap.org\/index.php\/2021\/06\/24\/carla-bader\/\">Carla Bader<\/a>,\u00a0<a href=\"http:\/\/observatoire-asap.org\/index.php\/2021\/06\/24\/zoe-le-squeren\/\">Zo\u00e9 Le Squeren<\/a> et <a href=\"https:\/\/observatoire-asap.org\/index.php\/2021\/02\/19\/xavier-lecocq\/\">Xavier Lecocq<\/a><\/p>\n<p>\u00a0<\/p>\n<h2>4. Soci\u00e9tal<\/h2>\n<p><a href=\"http:\/\/observatoire-asap.org\/index.php\/2021\/04\/14\/religion-et-travail-un-apprentissage-progressif-une-polarisation-possible-des-postures-et-une-anticipation-necessaire\/\">Religion et travail : apprentissage progressif, polarisation possible des postures, anticipation n\u00e9cessaire<\/a> par <a href=\"http:\/\/observatoire-asap.org\/index.php\/2021\/03\/05\/hugo-gaillard\/\">Hugo Gaillard<\/a><\/p>\n<p><a href=\"http:\/\/observatoire-asap.org\/index.php\/2021\/04\/22\/prostitution-et-logistique-un-mariage-detonnant\/\">Prostitution et logistique : un mariage (d)\u00e9tonnant<\/a> par <a href=\"http:\/\/observatoire-asap.org\/index.php\/2021\/04\/07\/gilles-pache\/\">Gilles Pach\u00e9<\/a><\/p>\n<p><a href=\"http:\/\/observatoire-asap.org\/index.php\/2021\/05\/25\/travailleurs-relocalises-contre-travailleurs-detaches\/\">Travailleurs relocalis\u00e9s vs. travailleurs d\u00e9tach\u00e9s<\/a> par <a href=\"http:\/\/observatoire-asap.org\/index.php\/2021\/05\/25\/thierry-brugvin\/\">Thierry Brugvin<\/a><\/p>\n<p>\u00a0<\/p>\n<h2>5. \u00c9ducation<\/h2>\n<p><a href=\"http:\/\/observatoire-asap.org\/index.php\/2022\/01\/15\/linnovation-pedagogique-a-luniversite-dispositifs-de-mise-en-oeuvre-et-de-valorisation\/\">L\u2019innovation p\u00e9dagogique \u00e0 l\u2019universit\u00e9 : dispositif de mise en \u0153uvre et de valorisation<\/a> par <a href=\"http:\/\/observatoire-asap.org\/index.php\/2022\/01\/18\/nathalie-oriol-2\/\">Nathalie Oriol<\/a> et <a href=\"http:\/\/observatoire-asap.org\/index.php\/2022\/01\/15\/mickael-david\/\">Micka\u00ebl David<\/a><\/p>\n<p><a href=\"http:\/\/observatoire-asap.org\/index.php\/2022\/01\/28\/chiffres-et-decision-la-part-des-pairs\/\">Chiffres et d\u00e9cision : la part des pairs<\/a> par <a href=\"http:\/\/observatoire-asap.org\/index.php\/2020\/10\/24\/aude-deville\/\">Aude Deville<\/a> et <a href=\"http:\/\/observatoire-asap.org\/index.php\/2022\/01\/28\/emmanuelle-negre\/\">Emmanuelle N\u00e8gre<\/a><\/p>\n\n\n<p><\/p>\n","protected":false},"excerpt":{"rendered":"<p>\u00a0 1. Entretiens Entretien aupr\u00e8s de Catherine Tanguy. Entretien men\u00e9 par Maryvonne Dussaux Entretien aupr\u00e8s de CHATELAIN-PONROY St\u00e9phanie. Entretien men\u00e9 par Olivier Meier \u00a0 2. Politique Tiers lieux : \u00e0 la rencontre de l\u2019action publique et de l\u2019action priv\u00e9e par Denis Cristol La fonction RH publique face aux faits religieux au travail par Hugo Gaillard &hellip; <\/p>\n","protected":false},"author":3,"featured_media":0,"parent":0,"menu_order":0,"comment_status":"closed","ping_status":"closed","template":"","meta":{"spay_email":"","footnotes":""},"class_list":["post-4686","page","type-page","status-publish","hentry"],"yoast_head":"<!-- This site is optimized with the Yoast SEO plugin v24.9 - https:\/\/yoast.com\/wordpress\/plugins\/seo\/ -->\n<title>Lettre #9 - 06\/2022 -<\/title>\n<meta name=\"robots\" content=\"index, follow, max-snippet:-1, max-image-preview:large, max-video-preview:-1\" \/>\n<link rel=\"canonical\" href=\"https:\/\/observatoire-asap.org\/index.php\/lettre-9-06-2022\/\" \/>\n<meta property=\"og:locale\" content=\"fr_FR\" \/>\n<meta property=\"og:type\" content=\"article\" \/>\n<meta property=\"og:title\" content=\"Lettre #9 - 06\/2022 -\" \/>\n<meta property=\"og:description\" content=\"\u00a0 1. Entretiens Entretien aupr\u00e8s de Catherine Tanguy. Entretien men\u00e9 par Maryvonne Dussaux Entretien aupr\u00e8s de CHATELAIN-PONROY St\u00e9phanie. Entretien men\u00e9 par Olivier Meier \u00a0 2. Politique Tiers lieux : \u00e0 la rencontre de l\u2019action publique et de l\u2019action priv\u00e9e par Denis Cristol La fonction RH publique face aux faits religieux au travail par Hugo Gaillard &hellip;\" \/>\n<meta property=\"og:url\" content=\"https:\/\/observatoire-asap.org\/index.php\/lettre-9-06-2022\/\" \/>\n<meta property=\"article:publisher\" content=\"https:\/\/facebook.com\/fabrice.hamelin.1\" \/>\n<meta name=\"twitter:card\" content=\"summary_large_image\" \/>\n<meta name=\"twitter:label1\" content=\"Dur\u00e9e de lecture estim\u00e9e\" \/>\n\t<meta name=\"twitter:data1\" content=\"1 minute\" \/>\n<script type=\"application\/ld+json\" class=\"yoast-schema-graph\">{\"@context\":\"https:\/\/schema.org\",\"@graph\":[{\"@type\":\"WebPage\",\"@id\":\"https:\/\/observatoire-asap.org\/index.php\/lettre-9-06-2022\/\",\"url\":\"https:\/\/observatoire-asap.org\/index.php\/lettre-9-06-2022\/\",\"name\":\"Lettre #9 - 06\/2022 -\",\"isPartOf\":{\"@id\":\"http:\/\/observatoire-asap.org\/#website\"},\"datePublished\":\"2022-06-09T08:14:15+00:00\",\"breadcrumb\":{\"@id\":\"https:\/\/observatoire-asap.org\/index.php\/lettre-9-06-2022\/#breadcrumb\"},\"inLanguage\":\"fr-FR\",\"potentialAction\":[{\"@type\":\"ReadAction\",\"target\":[\"https:\/\/observatoire-asap.org\/index.php\/lettre-9-06-2022\/\"]}]},{\"@type\":\"BreadcrumbList\",\"@id\":\"https:\/\/observatoire-asap.org\/index.php\/lettre-9-06-2022\/#breadcrumb\",\"itemListElement\":[{\"@type\":\"ListItem\",\"position\":1,\"name\":\"Accueil\",\"item\":\"http:\/\/observatoire-asap.org\/\"},{\"@type\":\"ListItem\",\"position\":2,\"name\":\"Lettre #9 &#8211; 06\/2022\"}]},{\"@type\":\"WebSite\",\"@id\":\"http:\/\/observatoire-asap.org\/#website\",\"url\":\"http:\/\/observatoire-asap.org\/\",\"name\":\"Action Soci\u00e9tale et Action Publique\",\"description\":\"\",\"publisher\":{\"@id\":\"http:\/\/observatoire-asap.org\/#organization\"},\"potentialAction\":[{\"@type\":\"SearchAction\",\"target\":{\"@type\":\"EntryPoint\",\"urlTemplate\":\"http:\/\/observatoire-asap.org\/?s={search_term_string}\"},\"query-input\":{\"@type\":\"PropertyValueSpecification\",\"valueRequired\":true,\"valueName\":\"search_term_string\"}}],\"inLanguage\":\"fr-FR\"},{\"@type\":\"Organization\",\"@id\":\"http:\/\/observatoire-asap.org\/#organization\",\"name\":\"Laboratoire ASAP\",\"url\":\"http:\/\/observatoire-asap.org\/\",\"logo\":{\"@type\":\"ImageObject\",\"inLanguage\":\"fr-FR\",\"@id\":\"http:\/\/observatoire-asap.org\/#\/schema\/logo\/image\/\",\"url\":\"https:\/\/observatoire-asap.org\/wp-content\/uploads\/2022\/01\/cropped-cropped-ASAP_Plan-de-travail-1.png\",\"contentUrl\":\"https:\/\/observatoire-asap.org\/wp-content\/uploads\/2022\/01\/cropped-cropped-ASAP_Plan-de-travail-1.png\",\"width\":1345,\"height\":426,\"caption\":\"Laboratoire ASAP\"},\"image\":{\"@id\":\"http:\/\/observatoire-asap.org\/#\/schema\/logo\/image\/\"},\"sameAs\":[\"https:\/\/facebook.com\/fabrice.hamelin.1\"]}]}<\/script>\n<!-- \/ Yoast SEO plugin. -->","yoast_head_json":{"title":"Lettre #9 - 06\/2022 -","robots":{"index":"index","follow":"follow","max-snippet":"max-snippet:-1","max-image-preview":"max-image-preview:large","max-video-preview":"max-video-preview:-1"},"canonical":"https:\/\/observatoire-asap.org\/index.php\/lettre-9-06-2022\/","og_locale":"fr_FR","og_type":"article","og_title":"Lettre #9 - 06\/2022 -","og_description":"\u00a0 1. Entretiens Entretien aupr\u00e8s de Catherine Tanguy. Entretien men\u00e9 par Maryvonne Dussaux Entretien aupr\u00e8s de CHATELAIN-PONROY St\u00e9phanie. Entretien men\u00e9 par Olivier Meier \u00a0 2. Politique Tiers lieux : \u00e0 la rencontre de l\u2019action publique et de l\u2019action priv\u00e9e par Denis Cristol La fonction RH publique face aux faits religieux au travail par Hugo Gaillard &hellip;","og_url":"https:\/\/observatoire-asap.org\/index.php\/lettre-9-06-2022\/","article_publisher":"https:\/\/facebook.com\/fabrice.hamelin.1","twitter_card":"summary_large_image","twitter_misc":{"Dur\u00e9e de lecture estim\u00e9e":"1 minute"},"schema":{"@context":"https:\/\/schema.org","@graph":[{"@type":"WebPage","@id":"https:\/\/observatoire-asap.org\/index.php\/lettre-9-06-2022\/","url":"https:\/\/observatoire-asap.org\/index.php\/lettre-9-06-2022\/","name":"Lettre #9 - 06\/2022 -","isPartOf":{"@id":"http:\/\/observatoire-asap.org\/#website"},"datePublished":"2022-06-09T08:14:15+00:00","breadcrumb":{"@id":"https:\/\/observatoire-asap.org\/index.php\/lettre-9-06-2022\/#breadcrumb"},"inLanguage":"fr-FR","potentialAction":[{"@type":"ReadAction","target":["https:\/\/observatoire-asap.org\/index.php\/lettre-9-06-2022\/"]}]},{"@type":"BreadcrumbList","@id":"https:\/\/observatoire-asap.org\/index.php\/lettre-9-06-2022\/#breadcrumb","itemListElement":[{"@type":"ListItem","position":1,"name":"Accueil","item":"http:\/\/observatoire-asap.org\/"},{"@type":"ListItem","position":2,"name":"Lettre #9 &#8211; 06\/2022"}]},{"@type":"WebSite","@id":"http:\/\/observatoire-asap.org\/#website","url":"http:\/\/observatoire-asap.org\/","name":"Action Soci\u00e9tale et Action Publique","description":"","publisher":{"@id":"http:\/\/observatoire-asap.org\/#organization"},"potentialAction":[{"@type":"SearchAction","target":{"@type":"EntryPoint","urlTemplate":"http:\/\/observatoire-asap.org\/?s={search_term_string}"},"query-input":{"@type":"PropertyValueSpecification","valueRequired":true,"valueName":"search_term_string"}}],"inLanguage":"fr-FR"},{"@type":"Organization","@id":"http:\/\/observatoire-asap.org\/#organization","name":"Laboratoire ASAP","url":"http:\/\/observatoire-asap.org\/","logo":{"@type":"ImageObject","inLanguage":"fr-FR","@id":"http:\/\/observatoire-asap.org\/#\/schema\/logo\/image\/","url":"https:\/\/observatoire-asap.org\/wp-content\/uploads\/2022\/01\/cropped-cropped-ASAP_Plan-de-travail-1.png","contentUrl":"https:\/\/observatoire-asap.org\/wp-content\/uploads\/2022\/01\/cropped-cropped-ASAP_Plan-de-travail-1.png","width":1345,"height":426,"caption":"Laboratoire ASAP"},"image":{"@id":"http:\/\/observatoire-asap.org\/#\/schema\/logo\/image\/"},"sameAs":["https:\/\/facebook.com\/fabrice.hamelin.1"]}]}},"_links":{"self":[{"href":"https:\/\/observatoire-asap.org\/index.php\/wp-json\/wp\/v2\/pages\/4686","targetHints":{"allow":["GET"]}}],"collection":[{"href":"https:\/\/observatoire-asap.org\/index.php\/wp-json\/wp\/v2\/pages"}],"about":[{"href":"https:\/\/observatoire-asap.org\/index.php\/wp-json\/wp\/v2\/types\/page"}],"author":[{"embeddable":true,"href":"https:\/\/observatoire-asap.org\/index.php\/wp-json\/wp\/v2\/users\/3"}],"replies":[{"embeddable":true,"href":"https:\/\/observatoire-asap.org\/index.php\/wp-json\/wp\/v2\/comments?post=4686"}],"version-history":[{"count":4,"href":"https:\/\/observatoire-asap.org\/index.php\/wp-json\/wp\/v2\/pages\/4686\/revisions"}],"predecessor-version":[{"id":5428,"href":"https:\/\/observatoire-asap.org\/index.php\/wp-json\/wp\/v2\/pages\/4686\/revisions\/5428"}],"wp:attachment":[{"href":"https:\/\/observatoire-asap.org\/index.php\/wp-json\/wp\/v2\/media?parent=4686"}],"curies":[{"name":"wp","href":"https:\/\/api.w.org\/{rel}","templated":true}]}}