{"id":426,"date":"2020-07-14T19:12:56","date_gmt":"2020-07-14T17:12:56","guid":{"rendered":"http:\/\/observatoire-asap.org\/?page_id=426"},"modified":"2021-04-22T22:23:10","modified_gmt":"2021-04-22T20:23:10","slug":"lettre-1-12-2019","status":"publish","type":"page","link":"https:\/\/observatoire-asap.org\/index.php\/lettre-1-12-2019\/","title":{"rendered":"Lettre #1 &#8211; 02\/2020"},"content":{"rendered":"\n<div class=\"wp-block-file\"><a href=\"http:\/\/observatoire-asap.org\/wp-content\/uploads\/2021\/04\/Lettre-1-fusionnee.pdf\"><strong>Lettre #1 compl\u00e8te<\/strong><\/a><a href=\"http:\/\/observatoire-asap.org\/wp-content\/uploads\/2021\/04\/Lettre-1-fusionnee.pdf\" class=\"wp-block-file__button\" download>T\u00e9l\u00e9charger<\/a><\/div>\n\n\n<h2><span style=\"font-size: 18pt;\">1. Editorial<\/span><\/h2>\n\n\n<div class=\"wp-block-columns is-layout-flex wp-container-core-columns-is-layout-9d6595d7 wp-block-columns-is-layout-flex\">\n<div class=\"wp-block-column is-vertically-aligned-center is-layout-flow wp-block-column-is-layout-flow\">\n<div class=\"wp-block-group\"><div class=\"wp-block-group__inner-container is-layout-flow wp-block-group-is-layout-flow\">\n<p><a href=\"http:\/\/observatoire-asap.org\/\">Editorial<\/a>, par Olivier Meier<\/p>\n<\/div><\/div>\n\n\n\n<p><\/p>\n<\/div>\n\n\n\n<div class=\"wp-block-column is-vertically-aligned-center is-layout-flow wp-block-column-is-layout-flow\" style=\"flex-basis:24%\">\n<div class=\"wp-block-file\"><a href=\"http:\/\/observatoire-asap.org\/wp-content\/uploads\/2020\/07\/Meier_O_Lettre1_ASAP_02_20.pdf\" class=\"wp-block-file__button\" download>T\u00e9l\u00e9charger<\/a><\/div>\n\n\n\n<p><\/p>\n<\/div>\n<\/div>\n\n\n\n<div class=\"wp-block-columns is-layout-flex wp-container-core-columns-is-layout-9d6595d7 wp-block-columns-is-layout-flex\">\n<div class=\"wp-block-column is-vertically-aligned-center is-layout-flow wp-block-column-is-layout-flow\">\n<div class=\"wp-block-group\"><div class=\"wp-block-group__inner-container is-layout-flow wp-block-group-is-layout-flow\">\n<h2>2. Education<\/h2>\n<\/div><\/div>\n\n\n\n<p><\/p>\n<\/div>\n\n\n\n<div class=\"wp-block-column is-vertically-aligned-center is-layout-flow wp-block-column-is-layout-flow\">\n<p><\/p>\n<\/div>\n<\/div>\n\n\n\n<div class=\"wp-block-columns is-layout-flex wp-container-core-columns-is-layout-9d6595d7 wp-block-columns-is-layout-flex\">\n<div class=\"wp-block-column is-vertically-aligned-center is-layout-flow wp-block-column-is-layout-flow\">\n<p class=\"single-entry-title entry-title\"><span style=\"font-size: 12pt;\"><a href=\"http:\/\/observatoire-asap.org\/index.php\/2020\/02\/02\/des-etudiants-en-sante-en-formation-dans-les-etablissements-scolaires\/\">Des \u00e9tudiants en sant\u00e9 en formation dans les \u00e9tablissements scolaires<\/a>, par Maryvonne Dussaux<br><\/span><\/p>\n<\/div>\n\n\n\n<div class=\"wp-block-column is-vertically-aligned-center is-layout-flow wp-block-column-is-layout-flow\" style=\"flex-basis:24%\">\n<div class=\"wp-block-file\"><a href=\"http:\/\/observatoire-asap.org\/wp-content\/uploads\/2020\/07\/Dussaux_M_2_Lettre1_ASAP_02_20.pdf\" class=\"wp-block-file__button\" download>T\u00e9l\u00e9charger<\/a><\/div>\n<\/div>\n<\/div>\n\n\n\n<div class=\"wp-block-columns are-vertically-aligned-center is-layout-flex wp-container-core-columns-is-layout-9d6595d7 wp-block-columns-is-layout-flex\">\n<div class=\"wp-block-column is-vertically-aligned-center is-layout-flow wp-block-column-is-layout-flow\">\n<p class=\"single-entry-title entry-title\"><span style=\"font-size: 12pt;\"><a href=\"http:\/\/observatoire-asap.org\/index.php\/2020\/02\/14\/lexcellence-educative-en-finlande-de-mihaela-vioricat-rusitoru-edition-lharmattan-2019\/\">L\u2019excellence \u00e9ducative en Finlande de Mihaela-Vioricat Rusitoru \u2013 Edition l\u2019Harmattan 2019<\/a>, par Maryvonne Dussaux<\/span><\/p>\n\n\n\n<h2>3. Num\u00e9rique<\/h2>\n\n\n\n<p><\/p>\n<\/div>\n\n\n\n<div class=\"wp-block-column is-vertically-aligned-center is-layout-flow wp-block-column-is-layout-flow\" style=\"flex-basis:24%\">\n<div class=\"wp-block-file\"><a href=\"http:\/\/observatoire-asap.org\/wp-content\/uploads\/2020\/07\/Dussaux_M_Lettre1_ASAP_02_20.pdf\" class=\"wp-block-file__button\" download>T\u00e9l\u00e9charger<\/a><\/div>\n<\/div>\n<\/div>\n\n\n\n<div class=\"wp-block-columns is-layout-flex wp-container-core-columns-is-layout-9d6595d7 wp-block-columns-is-layout-flex\">\n<div class=\"wp-block-column is-layout-flow wp-block-column-is-layout-flow\">\n<p><a href=\"http:\/\/observatoire-asap.org\/index.php\/2020\/02\/14\/sous-quelles-conditions-les-algorithmes-de-justice-predictive-pourraient-ils-reellement-ameliorer-la-previsibilite-de-la-justice\/\">Sous quelles conditions les algorithmes de justice \u00ab pr\u00e9dictive \u00bb pourraient-ils am\u00e9liorer la pr\u00e9visibilit\u00e9 de la justice ?<\/a>, par Sylvie Thoron<\/p>\n\n\n\n<h2>4. Entretiens<\/h2>\n<\/div>\n\n\n\n<div class=\"wp-block-column is-layout-flow wp-block-column-is-layout-flow\" style=\"flex-basis:24%\">\n<div class=\"wp-block-file\"><a href=\"http:\/\/observatoire-asap.org\/wp-content\/uploads\/2020\/07\/Thoron_S_Lettre_1_ASAP_02_20-1.pdf\" class=\"wp-block-file__button\" download>T\u00e9l\u00e9charger<\/a><\/div>\n<\/div>\n<\/div>\n\n\n\n<div class=\"wp-block-group\"><div class=\"wp-block-group__inner-container is-layout-flow wp-block-group-is-layout-flow\">\n<div class=\"wp-block-columns is-layout-flex wp-container-core-columns-is-layout-9d6595d7 wp-block-columns-is-layout-flex\">\n<div class=\"wp-block-column is-layout-flow wp-block-column-is-layout-flow\">\n<p><a href=\"http:\/\/observatoire-asap.org\/index.php\/2020\/02\/14\/interview-de-pierre-valarcher\/\">Entretien<\/a> avec Pierre Valarcher<\/p>\n<\/div>\n\n\n\n<div class=\"wp-block-column is-layout-flow wp-block-column-is-layout-flow\" style=\"flex-basis:24%\">\n<div class=\"wp-block-file\"><a href=\"http:\/\/observatoire-asap.org\/wp-content\/uploads\/2020\/07\/Valarcher_P_Lettre1_ASAP_02_20.pdf\" class=\"wp-block-file__button\" download>T\u00e9l\u00e9charger<\/a><\/div>\n\n\n\n<p><\/p>\n<\/div>\n<\/div>\n<\/div><\/div>\n\n\n<h2>5. Divers<\/h2>\n\n\n<div class=\"wp-block-columns is-layout-flex wp-container-core-columns-is-layout-9d6595d7 wp-block-columns-is-layout-flex\">\n<div class=\"wp-block-column is-vertically-aligned-center is-layout-flow wp-block-column-is-layout-flow\">\n<p><a href=\"http:\/\/observatoire-asap.org\/index.php\/2020\/02\/02\/le-droit-dauteur-des-agents-publics\/\">Le droit d&rsquo;auteur des agents publics<\/a>, par Ma\u00eft\u00e9 Guillemain<\/p>\n<\/div>\n\n\n\n<div class=\"wp-block-column is-vertically-aligned-center is-layout-flow wp-block-column-is-layout-flow\" style=\"flex-basis:24%\">\n<div class=\"wp-block-file\"><a href=\"http:\/\/observatoire-asap.org\/wp-content\/uploads\/2020\/07\/Guillemain_M_Lettre1_ASAP_02_20.pdf\" class=\"wp-block-file__button\" download>T\u00e9l\u00e9charger<\/a><\/div>\n<\/div>\n<\/div>\n","protected":false},"excerpt":{"rendered":"<p>1. Editorial Editorial, par Olivier Meier 2. Education Des \u00e9tudiants en sant\u00e9 en formation dans les \u00e9tablissements scolaires, par Maryvonne Dussaux L\u2019excellence \u00e9ducative en Finlande de Mihaela-Vioricat Rusitoru \u2013 Edition l\u2019Harmattan 2019, par Maryvonne Dussaux 3. Num\u00e9rique Sous quelles conditions les algorithmes de justice \u00ab pr\u00e9dictive \u00bb pourraient-ils am\u00e9liorer la pr\u00e9visibilit\u00e9 de la justice ?, &hellip; <\/p>\n","protected":false},"author":1,"featured_media":0,"parent":0,"menu_order":0,"comment_status":"closed","ping_status":"closed","template":"","meta":{"spay_email":"","footnotes":""},"class_list":["post-426","page","type-page","status-publish","hentry"],"yoast_head":"<!-- This site is optimized with the Yoast SEO plugin v24.9 - https:\/\/yoast.com\/wordpress\/plugins\/seo\/ -->\n<title>Lettre #1 - 02\/2020 -<\/title>\n<meta name=\"robots\" content=\"index, follow, max-snippet:-1, max-image-preview:large, max-video-preview:-1\" \/>\n<link rel=\"canonical\" href=\"http:\/\/observatoire-asap.org\/index.php\/lettre-1-12-2019\/\" \/>\n<meta property=\"og:locale\" content=\"fr_FR\" \/>\n<meta property=\"og:type\" content=\"article\" \/>\n<meta property=\"og:title\" content=\"Lettre #1 - 02\/2020 -\" \/>\n<meta property=\"og:description\" content=\"1. Editorial Editorial, par Olivier Meier 2. Education Des \u00e9tudiants en sant\u00e9 en formation dans les \u00e9tablissements scolaires, par Maryvonne Dussaux L\u2019excellence \u00e9ducative en Finlande de Mihaela-Vioricat Rusitoru \u2013 Edition l\u2019Harmattan 2019, par Maryvonne Dussaux 3. Num\u00e9rique Sous quelles conditions les algorithmes de justice \u00ab pr\u00e9dictive \u00bb pourraient-ils am\u00e9liorer la pr\u00e9visibilit\u00e9 de la justice ?, &hellip;\" \/>\n<meta property=\"og:url\" content=\"http:\/\/observatoire-asap.org\/index.php\/lettre-1-12-2019\/\" \/>\n<meta property=\"article:publisher\" content=\"https:\/\/facebook.com\/fabrice.hamelin.1\" \/>\n<meta property=\"article:modified_time\" content=\"2021-04-22T20:23:10+00:00\" \/>\n<meta name=\"twitter:card\" content=\"summary_large_image\" \/>\n<meta name=\"twitter:label1\" content=\"Dur\u00e9e de lecture estim\u00e9e\" \/>\n\t<meta name=\"twitter:data1\" content=\"1 minute\" \/>\n<script type=\"application\/ld+json\" class=\"yoast-schema-graph\">{\"@context\":\"https:\/\/schema.org\",\"@graph\":[{\"@type\":\"WebPage\",\"@id\":\"http:\/\/observatoire-asap.org\/index.php\/lettre-1-12-2019\/\",\"url\":\"http:\/\/observatoire-asap.org\/index.php\/lettre-1-12-2019\/\",\"name\":\"Lettre #1 - 02\/2020 -\",\"isPartOf\":{\"@id\":\"http:\/\/observatoire-asap.org\/#website\"},\"datePublished\":\"2020-07-14T17:12:56+00:00\",\"dateModified\":\"2021-04-22T20:23:10+00:00\",\"breadcrumb\":{\"@id\":\"http:\/\/observatoire-asap.org\/index.php\/lettre-1-12-2019\/#breadcrumb\"},\"inLanguage\":\"fr-FR\",\"potentialAction\":[{\"@type\":\"ReadAction\",\"target\":[\"http:\/\/observatoire-asap.org\/index.php\/lettre-1-12-2019\/\"]}]},{\"@type\":\"BreadcrumbList\",\"@id\":\"http:\/\/observatoire-asap.org\/index.php\/lettre-1-12-2019\/#breadcrumb\",\"itemListElement\":[{\"@type\":\"ListItem\",\"position\":1,\"name\":\"Accueil\",\"item\":\"http:\/\/observatoire-asap.org\/\"},{\"@type\":\"ListItem\",\"position\":2,\"name\":\"Lettre #1 &#8211; 02\/2020\"}]},{\"@type\":\"WebSite\",\"@id\":\"http:\/\/observatoire-asap.org\/#website\",\"url\":\"http:\/\/observatoire-asap.org\/\",\"name\":\"Action Soci\u00e9tale et Action Publique\",\"description\":\"\",\"publisher\":{\"@id\":\"http:\/\/observatoire-asap.org\/#organization\"},\"potentialAction\":[{\"@type\":\"SearchAction\",\"target\":{\"@type\":\"EntryPoint\",\"urlTemplate\":\"http:\/\/observatoire-asap.org\/?s={search_term_string}\"},\"query-input\":{\"@type\":\"PropertyValueSpecification\",\"valueRequired\":true,\"valueName\":\"search_term_string\"}}],\"inLanguage\":\"fr-FR\"},{\"@type\":\"Organization\",\"@id\":\"http:\/\/observatoire-asap.org\/#organization\",\"name\":\"Laboratoire ASAP\",\"url\":\"http:\/\/observatoire-asap.org\/\",\"logo\":{\"@type\":\"ImageObject\",\"inLanguage\":\"fr-FR\",\"@id\":\"http:\/\/observatoire-asap.org\/#\/schema\/logo\/image\/\",\"url\":\"https:\/\/observatoire-asap.org\/wp-content\/uploads\/2022\/01\/cropped-cropped-ASAP_Plan-de-travail-1.png\",\"contentUrl\":\"https:\/\/observatoire-asap.org\/wp-content\/uploads\/2022\/01\/cropped-cropped-ASAP_Plan-de-travail-1.png\",\"width\":1345,\"height\":426,\"caption\":\"Laboratoire ASAP\"},\"image\":{\"@id\":\"http:\/\/observatoire-asap.org\/#\/schema\/logo\/image\/\"},\"sameAs\":[\"https:\/\/facebook.com\/fabrice.hamelin.1\"]}]}<\/script>\n<!-- \/ Yoast SEO plugin. -->","yoast_head_json":{"title":"Lettre #1 - 02\/2020 -","robots":{"index":"index","follow":"follow","max-snippet":"max-snippet:-1","max-image-preview":"max-image-preview:large","max-video-preview":"max-video-preview:-1"},"canonical":"http:\/\/observatoire-asap.org\/index.php\/lettre-1-12-2019\/","og_locale":"fr_FR","og_type":"article","og_title":"Lettre #1 - 02\/2020 -","og_description":"1. Editorial Editorial, par Olivier Meier 2. Education Des \u00e9tudiants en sant\u00e9 en formation dans les \u00e9tablissements scolaires, par Maryvonne Dussaux L\u2019excellence \u00e9ducative en Finlande de Mihaela-Vioricat Rusitoru \u2013 Edition l\u2019Harmattan 2019, par Maryvonne Dussaux 3. Num\u00e9rique Sous quelles conditions les algorithmes de justice \u00ab pr\u00e9dictive \u00bb pourraient-ils am\u00e9liorer la pr\u00e9visibilit\u00e9 de la justice ?, &hellip;","og_url":"http:\/\/observatoire-asap.org\/index.php\/lettre-1-12-2019\/","article_publisher":"https:\/\/facebook.com\/fabrice.hamelin.1","article_modified_time":"2021-04-22T20:23:10+00:00","twitter_card":"summary_large_image","twitter_misc":{"Dur\u00e9e de lecture estim\u00e9e":"1 minute"},"schema":{"@context":"https:\/\/schema.org","@graph":[{"@type":"WebPage","@id":"http:\/\/observatoire-asap.org\/index.php\/lettre-1-12-2019\/","url":"http:\/\/observatoire-asap.org\/index.php\/lettre-1-12-2019\/","name":"Lettre #1 - 02\/2020 -","isPartOf":{"@id":"http:\/\/observatoire-asap.org\/#website"},"datePublished":"2020-07-14T17:12:56+00:00","dateModified":"2021-04-22T20:23:10+00:00","breadcrumb":{"@id":"http:\/\/observatoire-asap.org\/index.php\/lettre-1-12-2019\/#breadcrumb"},"inLanguage":"fr-FR","potentialAction":[{"@type":"ReadAction","target":["http:\/\/observatoire-asap.org\/index.php\/lettre-1-12-2019\/"]}]},{"@type":"BreadcrumbList","@id":"http:\/\/observatoire-asap.org\/index.php\/lettre-1-12-2019\/#breadcrumb","itemListElement":[{"@type":"ListItem","position":1,"name":"Accueil","item":"http:\/\/observatoire-asap.org\/"},{"@type":"ListItem","position":2,"name":"Lettre #1 &#8211; 02\/2020"}]},{"@type":"WebSite","@id":"http:\/\/observatoire-asap.org\/#website","url":"http:\/\/observatoire-asap.org\/","name":"Action Soci\u00e9tale et Action Publique","description":"","publisher":{"@id":"http:\/\/observatoire-asap.org\/#organization"},"potentialAction":[{"@type":"SearchAction","target":{"@type":"EntryPoint","urlTemplate":"http:\/\/observatoire-asap.org\/?s={search_term_string}"},"query-input":{"@type":"PropertyValueSpecification","valueRequired":true,"valueName":"search_term_string"}}],"inLanguage":"fr-FR"},{"@type":"Organization","@id":"http:\/\/observatoire-asap.org\/#organization","name":"Laboratoire ASAP","url":"http:\/\/observatoire-asap.org\/","logo":{"@type":"ImageObject","inLanguage":"fr-FR","@id":"http:\/\/observatoire-asap.org\/#\/schema\/logo\/image\/","url":"https:\/\/observatoire-asap.org\/wp-content\/uploads\/2022\/01\/cropped-cropped-ASAP_Plan-de-travail-1.png","contentUrl":"https:\/\/observatoire-asap.org\/wp-content\/uploads\/2022\/01\/cropped-cropped-ASAP_Plan-de-travail-1.png","width":1345,"height":426,"caption":"Laboratoire ASAP"},"image":{"@id":"http:\/\/observatoire-asap.org\/#\/schema\/logo\/image\/"},"sameAs":["https:\/\/facebook.com\/fabrice.hamelin.1"]}]}},"_links":{"self":[{"href":"https:\/\/observatoire-asap.org\/index.php\/wp-json\/wp\/v2\/pages\/426","targetHints":{"allow":["GET"]}}],"collection":[{"href":"https:\/\/observatoire-asap.org\/index.php\/wp-json\/wp\/v2\/pages"}],"about":[{"href":"https:\/\/observatoire-asap.org\/index.php\/wp-json\/wp\/v2\/types\/page"}],"author":[{"embeddable":true,"href":"https:\/\/observatoire-asap.org\/index.php\/wp-json\/wp\/v2\/users\/1"}],"replies":[{"embeddable":true,"href":"https:\/\/observatoire-asap.org\/index.php\/wp-json\/wp\/v2\/comments?post=426"}],"version-history":[{"count":44,"href":"https:\/\/observatoire-asap.org\/index.php\/wp-json\/wp\/v2\/pages\/426\/revisions"}],"predecessor-version":[{"id":4687,"href":"https:\/\/observatoire-asap.org\/index.php\/wp-json\/wp\/v2\/pages\/426\/revisions\/4687"}],"wp:attachment":[{"href":"https:\/\/observatoire-asap.org\/index.php\/wp-json\/wp\/v2\/media?parent=426"}],"curies":[{"name":"wp","href":"https:\/\/api.w.org\/{rel}","templated":true}]}}