{"id":417,"date":"2020-07-14T19:05:48","date_gmt":"2020-07-14T17:05:48","guid":{"rendered":"http:\/\/observatoire-asap.org\/?page_id=417"},"modified":"2025-12-14T13:57:09","modified_gmt":"2025-12-14T12:57:09","slug":"les-lettres-de-lobservatoire-asap","status":"publish","type":"page","link":"https:\/\/observatoire-asap.org\/index.php\/les-lettres-de-lobservatoire-asap\/","title":{"rendered":"Les lettres de l&rsquo;observatoire ASAP"},"content":{"rendered":"<p><span style=\"font-size: 24pt;\">2020<\/span> : <span style=\"font-size: 12pt;\"><span style=\"font-size: 18pt;\"><a href=\"http:\/\/observatoire-asap.org\/index.php\/lettre-1-12-2019\/\"><span style=\"font-size: 18pt;\">Lettre #1 &#8211; 02\/2020<\/span><\/a>, <a href=\"http:\/\/observatoire-asap.org\/index.php\/lettre-2-7-2020\/\">Lettre #2 &#8211; 07\/2020<\/a>, <a href=\"http:\/\/observatoire-asap.org\/index.php\/lettre-3-12-2020\/\">Lettre #3 &#8211; 12\/2020<\/a><\/span><\/span><\/p>\n<p><span style=\"font-size: 24pt;\">2021<span style=\"font-size: 18pt;\"> :\u00a0<a href=\"http:\/\/observatoire-asap.org\/index.php\/lettre-4-03-2021\/\"><span style=\"font-size: 18pt;\">Lettre #4 &#8211; 03\/2021<\/span><\/a>, <\/span><\/span><span style=\"font-size: 18pt;\"><a href=\"https:\/\/observatoire-asap.org\/index.php\/lettre-5-05-2021\/\">Lettre #5 &#8211; 05\/2021<\/a>, <span class=\"current\"><a href=\"https:\/\/observatoire-asap.org\/index.php\/lettre-6-07-2021\/\">Lettre #6 \u2013 07\/2021<\/a>, <\/span><a href=\"https:\/\/observatoire-asap.org\/index.php\/lettre-7-11-2021\/\">Lettre #7 &#8211; 11\/2021<\/a><\/span><\/p>\n<p><span class=\"current\" style=\"font-size: 24pt;\">2022 <span style=\"font-size: 18pt;\">: <a href=\"https:\/\/observatoire-asap.org\/index.php\/lettre-8-03-2022\/\">Lettre #8 \u2013 03\/2022<\/a>, <\/span><\/span><span class=\"current\"><a href=\"https:\/\/observatoire-asap.org\/index.php\/lettre-9-06-2022\/\"><span style=\"font-size: 24pt;\"><span style=\"font-size: 18pt;\">Lettre #9 \u2013 06\/2022<\/span><\/span><\/a><\/span><\/p>\n<p><span style=\"font-size: 24pt;\">2023 <span style=\"font-size: 18pt;\">: <\/span><a href=\"https:\/\/observatoire-asap.org\/index.php\/2023\/01\/24\/lettre-10-01-2023\/\"><span style=\"font-size: 18pt;\">Lettre #10 &#8211; 01\/2023<\/span><\/a><span style=\"font-size: 18pt;\">, <a href=\"https:\/\/observatoire-asap.org\/index.php\/2023\/06\/23\/lettre-11-06-2023\/\">Lettre #11 &#8211; 06\/2023<\/a>, <a href=\"https:\/\/observatoire-asap.org\/index.php\/2023\/11\/21\/lettre-12-11-2023\/\">Lettre #12 &#8211; 11\/2023<\/a><\/span> <\/span><\/p>\n<p><span style=\"font-size: 24pt;\">2024 : <a href=\"https:\/\/observatoire-asap.org\/index.php\/lettre-13-03-2024\/\"><span style=\"font-size: 18pt;\">Lettre #13 &#8211; 03\/2024<\/span><\/a><span style=\"font-size: 18pt;\">,<\/span> <a href=\"https:\/\/observatoire-asap.org\/index.php\/lettre-14-12-2024\/\"><span style=\"font-size: 18pt;\">Lettre #14 &#8211; 12\/2024<\/span><\/a><\/span><\/p>\n<p><span style=\"font-size: 24pt;\">2025 :<\/span> <span style=\"font-size: 18pt;\"><a href=\"https:\/\/observatoire-asap.org\/index.php\/lettre-15-02-2025\/\">Lettre #15 &#8211; 02\/2025<\/a>, <a href=\"https:\/\/observatoire-asap.org\/index.php\/lettre-16-06-2025\/\">Lettre #16 &#8211; 05\/2025<\/a>, <a href=\"https:\/\/observatoire-asap.org\/index.php\/lettre-17-11-2025\/\">Lettre #17 \u2013 11\/2025<\/a><\/span><\/p>\n<h1><span style=\"font-size: 18pt;\">Recommandations aux auteurs<\/span><\/h1>\n<p><span style=\"font-size: 10pt;\">Les articles des lettres de l&rsquo;observatoire ont les caract\u00e9ristiques suivantes :<\/span><br \/><span style=\"font-size: 10pt;\"><em>&#8211;<\/em> une longueur de 5000 caract\u00e8res espaces compris<br \/>&#8211; des paragraphes et des intertitres<\/span><br \/><span style=\"font-size: 10pt;\">&#8211; des liens hypertextes<br \/>&#8211; une photo (16:9 de pr\u00e9f\u00e9rence)<\/span><br \/><span style=\"font-size: 10pt;\">&#8211; \u00e9ventuellement une courte bibliographie (5 r\u00e9f\u00e9rences maximum, aux normes APA)<\/span><\/p>\n\n\n<p><\/p>\n","protected":false},"excerpt":{"rendered":"<p>2020 : Lettre #1 &#8211; 02\/2020, Lettre #2 &#8211; 07\/2020, Lettre #3 &#8211; 12\/2020 2021 :\u00a0Lettre #4 &#8211; 03\/2021, Lettre #5 &#8211; 05\/2021, Lettre #6 \u2013 07\/2021, Lettre #7 &#8211; 11\/2021 2022 : Lettre #8 \u2013 03\/2022, Lettre #9 \u2013 06\/2022 2023 : Lettre #10 &#8211; 01\/2023, Lettre #11 &#8211; 06\/2023, Lettre #12 &#8211; 11\/2023 &hellip; <\/p>\n","protected":false},"author":1,"featured_media":1565,"parent":0,"menu_order":0,"comment_status":"closed","ping_status":"closed","template":"","meta":{"spay_email":"","footnotes":""},"class_list":["post-417","page","type-page","status-publish","has-post-thumbnail","hentry"],"yoast_head":"<!-- This site is optimized with the Yoast SEO plugin v24.9 - https:\/\/yoast.com\/wordpress\/plugins\/seo\/ -->\n<title>Les lettres de l&#039;observatoire ASAP -<\/title>\n<meta name=\"robots\" content=\"index, follow, max-snippet:-1, max-image-preview:large, max-video-preview:-1\" \/>\n<link rel=\"canonical\" href=\"https:\/\/observatoire-asap.org\/index.php\/les-lettres-de-lobservatoire-asap\/\" \/>\n<meta property=\"og:locale\" content=\"fr_FR\" \/>\n<meta property=\"og:type\" content=\"article\" \/>\n<meta property=\"og:title\" content=\"Les lettres de l&#039;observatoire ASAP -\" \/>\n<meta property=\"og:description\" content=\"2020 : Lettre #1 &#8211; 02\/2020, Lettre #2 &#8211; 07\/2020, Lettre #3 &#8211; 12\/2020 2021 :\u00a0Lettre #4 &#8211; 03\/2021, Lettre #5 &#8211; 05\/2021, Lettre #6 \u2013 07\/2021, Lettre #7 &#8211; 11\/2021 2022 : Lettre #8 \u2013 03\/2022, Lettre #9 \u2013 06\/2022 2023 : Lettre #10 &#8211; 01\/2023, Lettre #11 &#8211; 06\/2023, Lettre #12 &#8211; 11\/2023 &hellip;\" \/>\n<meta property=\"og:url\" content=\"https:\/\/observatoire-asap.org\/index.php\/les-lettres-de-lobservatoire-asap\/\" \/>\n<meta property=\"article:publisher\" content=\"https:\/\/facebook.com\/fabrice.hamelin.1\" \/>\n<meta property=\"article:modified_time\" content=\"2025-12-14T12:57:09+00:00\" \/>\n<meta property=\"og:image\" content=\"http:\/\/observatoire-asap.org\/wp-content\/uploads\/2020\/12\/logo_ASAP-16-9.jpg\" \/>\n\t<meta property=\"og:image:width\" content=\"416\" \/>\n\t<meta property=\"og:image:height\" content=\"234\" \/>\n\t<meta property=\"og:image:type\" content=\"image\/jpeg\" \/>\n<meta name=\"twitter:card\" content=\"summary_large_image\" \/>\n<meta name=\"twitter:label1\" content=\"Dur\u00e9e de lecture estim\u00e9e\" \/>\n\t<meta name=\"twitter:data1\" content=\"1 minute\" \/>\n<script type=\"application\/ld+json\" class=\"yoast-schema-graph\">{\"@context\":\"https:\/\/schema.org\",\"@graph\":[{\"@type\":\"WebPage\",\"@id\":\"https:\/\/observatoire-asap.org\/index.php\/les-lettres-de-lobservatoire-asap\/\",\"url\":\"https:\/\/observatoire-asap.org\/index.php\/les-lettres-de-lobservatoire-asap\/\",\"name\":\"Les lettres de l'observatoire ASAP -\",\"isPartOf\":{\"@id\":\"http:\/\/observatoire-asap.org\/#website\"},\"primaryImageOfPage\":{\"@id\":\"https:\/\/observatoire-asap.org\/index.php\/les-lettres-de-lobservatoire-asap\/#primaryimage\"},\"image\":{\"@id\":\"https:\/\/observatoire-asap.org\/index.php\/les-lettres-de-lobservatoire-asap\/#primaryimage\"},\"thumbnailUrl\":\"https:\/\/observatoire-asap.org\/wp-content\/uploads\/2020\/12\/logo_ASAP-16-9.jpg\",\"datePublished\":\"2020-07-14T17:05:48+00:00\",\"dateModified\":\"2025-12-14T12:57:09+00:00\",\"breadcrumb\":{\"@id\":\"https:\/\/observatoire-asap.org\/index.php\/les-lettres-de-lobservatoire-asap\/#breadcrumb\"},\"inLanguage\":\"fr-FR\",\"potentialAction\":[{\"@type\":\"ReadAction\",\"target\":[\"https:\/\/observatoire-asap.org\/index.php\/les-lettres-de-lobservatoire-asap\/\"]}]},{\"@type\":\"ImageObject\",\"inLanguage\":\"fr-FR\",\"@id\":\"https:\/\/observatoire-asap.org\/index.php\/les-lettres-de-lobservatoire-asap\/#primaryimage\",\"url\":\"https:\/\/observatoire-asap.org\/wp-content\/uploads\/2020\/12\/logo_ASAP-16-9.jpg\",\"contentUrl\":\"https:\/\/observatoire-asap.org\/wp-content\/uploads\/2020\/12\/logo_ASAP-16-9.jpg\",\"width\":416,\"height\":234},{\"@type\":\"BreadcrumbList\",\"@id\":\"https:\/\/observatoire-asap.org\/index.php\/les-lettres-de-lobservatoire-asap\/#breadcrumb\",\"itemListElement\":[{\"@type\":\"ListItem\",\"position\":1,\"name\":\"Accueil\",\"item\":\"http:\/\/observatoire-asap.org\/\"},{\"@type\":\"ListItem\",\"position\":2,\"name\":\"Les lettres de l&rsquo;observatoire ASAP\"}]},{\"@type\":\"WebSite\",\"@id\":\"http:\/\/observatoire-asap.org\/#website\",\"url\":\"http:\/\/observatoire-asap.org\/\",\"name\":\"Action Soci\u00e9tale et Action Publique\",\"description\":\"\",\"publisher\":{\"@id\":\"http:\/\/observatoire-asap.org\/#organization\"},\"potentialAction\":[{\"@type\":\"SearchAction\",\"target\":{\"@type\":\"EntryPoint\",\"urlTemplate\":\"http:\/\/observatoire-asap.org\/?s={search_term_string}\"},\"query-input\":{\"@type\":\"PropertyValueSpecification\",\"valueRequired\":true,\"valueName\":\"search_term_string\"}}],\"inLanguage\":\"fr-FR\"},{\"@type\":\"Organization\",\"@id\":\"http:\/\/observatoire-asap.org\/#organization\",\"name\":\"Laboratoire ASAP\",\"url\":\"http:\/\/observatoire-asap.org\/\",\"logo\":{\"@type\":\"ImageObject\",\"inLanguage\":\"fr-FR\",\"@id\":\"http:\/\/observatoire-asap.org\/#\/schema\/logo\/image\/\",\"url\":\"https:\/\/observatoire-asap.org\/wp-content\/uploads\/2022\/01\/cropped-cropped-ASAP_Plan-de-travail-1.png\",\"contentUrl\":\"https:\/\/observatoire-asap.org\/wp-content\/uploads\/2022\/01\/cropped-cropped-ASAP_Plan-de-travail-1.png\",\"width\":1345,\"height\":426,\"caption\":\"Laboratoire ASAP\"},\"image\":{\"@id\":\"http:\/\/observatoire-asap.org\/#\/schema\/logo\/image\/\"},\"sameAs\":[\"https:\/\/facebook.com\/fabrice.hamelin.1\"]}]}<\/script>\n<!-- \/ Yoast SEO plugin. -->","yoast_head_json":{"title":"Les lettres de l'observatoire ASAP -","robots":{"index":"index","follow":"follow","max-snippet":"max-snippet:-1","max-image-preview":"max-image-preview:large","max-video-preview":"max-video-preview:-1"},"canonical":"https:\/\/observatoire-asap.org\/index.php\/les-lettres-de-lobservatoire-asap\/","og_locale":"fr_FR","og_type":"article","og_title":"Les lettres de l'observatoire ASAP -","og_description":"2020 : Lettre #1 &#8211; 02\/2020, Lettre #2 &#8211; 07\/2020, Lettre #3 &#8211; 12\/2020 2021 :\u00a0Lettre #4 &#8211; 03\/2021, Lettre #5 &#8211; 05\/2021, Lettre #6 \u2013 07\/2021, Lettre #7 &#8211; 11\/2021 2022 : Lettre #8 \u2013 03\/2022, Lettre #9 \u2013 06\/2022 2023 : Lettre #10 &#8211; 01\/2023, Lettre #11 &#8211; 06\/2023, Lettre #12 &#8211; 11\/2023 &hellip;","og_url":"https:\/\/observatoire-asap.org\/index.php\/les-lettres-de-lobservatoire-asap\/","article_publisher":"https:\/\/facebook.com\/fabrice.hamelin.1","article_modified_time":"2025-12-14T12:57:09+00:00","og_image":[{"width":416,"height":234,"url":"http:\/\/observatoire-asap.org\/wp-content\/uploads\/2020\/12\/logo_ASAP-16-9.jpg","type":"image\/jpeg"}],"twitter_card":"summary_large_image","twitter_misc":{"Dur\u00e9e de lecture estim\u00e9e":"1 minute"},"schema":{"@context":"https:\/\/schema.org","@graph":[{"@type":"WebPage","@id":"https:\/\/observatoire-asap.org\/index.php\/les-lettres-de-lobservatoire-asap\/","url":"https:\/\/observatoire-asap.org\/index.php\/les-lettres-de-lobservatoire-asap\/","name":"Les lettres de l'observatoire ASAP -","isPartOf":{"@id":"http:\/\/observatoire-asap.org\/#website"},"primaryImageOfPage":{"@id":"https:\/\/observatoire-asap.org\/index.php\/les-lettres-de-lobservatoire-asap\/#primaryimage"},"image":{"@id":"https:\/\/observatoire-asap.org\/index.php\/les-lettres-de-lobservatoire-asap\/#primaryimage"},"thumbnailUrl":"https:\/\/observatoire-asap.org\/wp-content\/uploads\/2020\/12\/logo_ASAP-16-9.jpg","datePublished":"2020-07-14T17:05:48+00:00","dateModified":"2025-12-14T12:57:09+00:00","breadcrumb":{"@id":"https:\/\/observatoire-asap.org\/index.php\/les-lettres-de-lobservatoire-asap\/#breadcrumb"},"inLanguage":"fr-FR","potentialAction":[{"@type":"ReadAction","target":["https:\/\/observatoire-asap.org\/index.php\/les-lettres-de-lobservatoire-asap\/"]}]},{"@type":"ImageObject","inLanguage":"fr-FR","@id":"https:\/\/observatoire-asap.org\/index.php\/les-lettres-de-lobservatoire-asap\/#primaryimage","url":"https:\/\/observatoire-asap.org\/wp-content\/uploads\/2020\/12\/logo_ASAP-16-9.jpg","contentUrl":"https:\/\/observatoire-asap.org\/wp-content\/uploads\/2020\/12\/logo_ASAP-16-9.jpg","width":416,"height":234},{"@type":"BreadcrumbList","@id":"https:\/\/observatoire-asap.org\/index.php\/les-lettres-de-lobservatoire-asap\/#breadcrumb","itemListElement":[{"@type":"ListItem","position":1,"name":"Accueil","item":"http:\/\/observatoire-asap.org\/"},{"@type":"ListItem","position":2,"name":"Les lettres de l&rsquo;observatoire ASAP"}]},{"@type":"WebSite","@id":"http:\/\/observatoire-asap.org\/#website","url":"http:\/\/observatoire-asap.org\/","name":"Action Soci\u00e9tale et Action Publique","description":"","publisher":{"@id":"http:\/\/observatoire-asap.org\/#organization"},"potentialAction":[{"@type":"SearchAction","target":{"@type":"EntryPoint","urlTemplate":"http:\/\/observatoire-asap.org\/?s={search_term_string}"},"query-input":{"@type":"PropertyValueSpecification","valueRequired":true,"valueName":"search_term_string"}}],"inLanguage":"fr-FR"},{"@type":"Organization","@id":"http:\/\/observatoire-asap.org\/#organization","name":"Laboratoire ASAP","url":"http:\/\/observatoire-asap.org\/","logo":{"@type":"ImageObject","inLanguage":"fr-FR","@id":"http:\/\/observatoire-asap.org\/#\/schema\/logo\/image\/","url":"https:\/\/observatoire-asap.org\/wp-content\/uploads\/2022\/01\/cropped-cropped-ASAP_Plan-de-travail-1.png","contentUrl":"https:\/\/observatoire-asap.org\/wp-content\/uploads\/2022\/01\/cropped-cropped-ASAP_Plan-de-travail-1.png","width":1345,"height":426,"caption":"Laboratoire ASAP"},"image":{"@id":"http:\/\/observatoire-asap.org\/#\/schema\/logo\/image\/"},"sameAs":["https:\/\/facebook.com\/fabrice.hamelin.1"]}]}},"_links":{"self":[{"href":"https:\/\/observatoire-asap.org\/index.php\/wp-json\/wp\/v2\/pages\/417","targetHints":{"allow":["GET"]}}],"collection":[{"href":"https:\/\/observatoire-asap.org\/index.php\/wp-json\/wp\/v2\/pages"}],"about":[{"href":"https:\/\/observatoire-asap.org\/index.php\/wp-json\/wp\/v2\/types\/page"}],"author":[{"embeddable":true,"href":"https:\/\/observatoire-asap.org\/index.php\/wp-json\/wp\/v2\/users\/1"}],"replies":[{"embeddable":true,"href":"https:\/\/observatoire-asap.org\/index.php\/wp-json\/wp\/v2\/comments?post=417"}],"version-history":[{"count":36,"href":"https:\/\/observatoire-asap.org\/index.php\/wp-json\/wp\/v2\/pages\/417\/revisions"}],"predecessor-version":[{"id":6341,"href":"https:\/\/observatoire-asap.org\/index.php\/wp-json\/wp\/v2\/pages\/417\/revisions\/6341"}],"wp:featuredmedia":[{"embeddable":true,"href":"https:\/\/observatoire-asap.org\/index.php\/wp-json\/wp\/v2\/media\/1565"}],"wp:attachment":[{"href":"https:\/\/observatoire-asap.org\/index.php\/wp-json\/wp\/v2\/media?parent=417"}],"curies":[{"name":"wp","href":"https:\/\/api.w.org\/{rel}","templated":true}]}}