{"id":4,"date":"2019-12-30T11:33:16","date_gmt":"2019-12-30T10:33:16","guid":{"rendered":"http:\/\/observatoire-asap.org\/?page_id=4"},"modified":"2022-08-24T11:15:18","modified_gmt":"2022-08-24T09:15:18","slug":"accueil","status":"publish","type":"page","link":"https:\/\/observatoire-asap.org\/","title":{"rendered":"Editorial"},"content":{"rendered":"\n<figure class=\"wp-block-image size-full is-resized\"><img loading=\"lazy\" decoding=\"async\" src=\"http:\/\/observatoire-asap.org\/wp-content\/uploads\/2022\/05\/visuel_chaire_innovation_publique.jpg\" alt=\"\" class=\"wp-image-4615\" width=\"391\" height=\"222\" srcset=\"https:\/\/observatoire-asap.org\/wp-content\/uploads\/2022\/05\/visuel_chaire_innovation_publique.jpg 690w, https:\/\/observatoire-asap.org\/wp-content\/uploads\/2022\/05\/visuel_chaire_innovation_publique-300x170.jpg 300w, https:\/\/observatoire-asap.org\/wp-content\/uploads\/2022\/05\/visuel_chaire_innovation_publique-106x60.jpg 106w\" sizes=\"auto, (max-width: 391px) 100vw, 391px\" \/><\/figure>\n\n\n\n<div class=\"wp-block-columns is-layout-flex wp-container-core-columns-is-layout-9d6595d7 wp-block-columns-is-layout-flex\">\n<div class=\"wp-block-column is-vertically-aligned-center is-layout-flow wp-block-column-is-layout-flow\" style=\"flex-basis:33.33%\">\n<div class=\"wp-block-image is-style-rounded\"><figure class=\"aligncenter size-full\"><img loading=\"lazy\" decoding=\"async\" width=\"299\" height=\"168\" src=\"http:\/\/observatoire-asap.org\/wp-content\/uploads\/2022\/05\/indexOM.jpg\" alt=\"\" class=\"wp-image-4633\" srcset=\"https:\/\/observatoire-asap.org\/wp-content\/uploads\/2022\/05\/indexOM.jpg 299w, https:\/\/observatoire-asap.org\/wp-content\/uploads\/2022\/05\/indexOM-107x60.jpg 107w\" sizes=\"auto, (max-width: 299px) 100vw, 299px\" \/><\/figure><\/div>\n<\/div>\n\n\n\n<div class=\"wp-block-column is-vertically-aligned-center is-layout-flow wp-block-column-is-layout-flow\" style=\"flex-basis:66.66%\">\n<p style=\"text-align: justify;\"><span style=\"font-size: 12pt;\">Dans le cadre de la <a href=\"https:\/\/insp.gouv.fr\/chaire-innovation-publique\"><em>Chaire \u00ab\u00a0Innovation Publique<\/em>\u00a0\u00bb en lien avec Sciences Po et l&rsquo;Ecole Polytechnique<\/a>, nous avons souhait\u00e9 cr\u00e9er un <span style=\"color: #003366;\"><strong>Observatoire d\u00e9di\u00e9 \u00e0 l\u2019impact des transformations sociales et soci\u00e9tales sur l&rsquo;action publique<\/strong>.<\/span> Ces transformations concernent aussi bien les questions li\u00e9es au num\u00e9rique, \u00e0 la mondialisation, au d\u00e9veloppement \u00e9conomique, \u00e9cologique ou social. Il est donc question ici de transformations qui, de fait, se mettent en place au sein de toutes les organisations, y compris les institutions, collectivit\u00e9s territoriales et organisations publiques. Or ce processus ne va pas n\u00e9cessairement de soi et fait \u00e9merger des r\u00e9sistances et freins importants, tant sur le plan structurel, organisationnel que culturel qu\u2019il convient d\u2019identifier et d\u2019analyser avec rigueur.<\/span><\/p>\n\n\n\n<p><\/p>\n<\/div>\n<\/div>\n\n\n<p style=\"text-align: justify;\"><span style=\"font-size: 12pt;\">Ces freins observ\u00e9s sont nombreux et concernent aussi bien le manque de connaissances et de formations, li\u00e9 aux outils et m\u00e9thodologies \u00e0 mettre en \u0153uvre, que la difficult\u00e9 \u00e0 impliquer les acteurs dans ces changements, une fois ces derniers identifi\u00e9s et amorc\u00e9s. Les r\u00e9sistances sont parfois fortes et il est donc parfois n\u00e9cessaire, avant d&rsquo;adopter de <strong><span style=\"color: #003366;\">nouvelles pratique<\/span>s<\/strong>, de d\u00e9samorcer l&rsquo;existant et de pr\u00e9senter les informations de mani\u00e8re \u00e0 ce qu&rsquo;elles soient mieux comprises et plus facilement accept\u00e9es<\/span>.<\/p>\n<p style=\"text-align: justify;\"><span style=\"font-size: 12pt;\">L&rsquo;observatoire ASAP a donc plusieurs <strong>r\u00f4les et missions<\/strong> :<\/span><\/p>\n<ul>\n<li style=\"text-align: justify;\"><span style=\"font-size: 12pt;\"><span style=\"color: #003366;\"><strong>Nourrir les d\u00e9bats scientifiques et public<\/strong><\/span> (conf\u00e9rences, tables rondes, tribunes, entretiens, capsules vid\u00e9os, \u00e9missions TV, radios&#8230;)<\/span><\/li>\n<li style=\"text-align: justify;\"><span style=\"font-size: 12pt;\"><span style=\"color: #003366;\"><strong>Favoriser les \u00e9changes entre acteurs<\/strong><\/span> d&rsquo;univers et de disciplines diff\u00e9rents (\u00e9conomie-gestion, droit, sociologie, sciences politiques&#8230;), pour les inciter \u00e0 collaborer dans le cadre de projets au service de l&rsquo;action publique<br \/><\/span><\/li>\n<li style=\"text-align: justify;\"><span style=\"font-size: 12pt;\"><strong><span style=\"color: #003366;\">Collecter et structurer les donn\u00e9e<\/span>s<\/strong> issues du monde acad\u00e9mique et scientifique, afin de dresser un \u00e9tat des lieux de la situation \u00e9conomique, sociale, soci\u00e9tale, sanitaire et proposer des perspectives d&rsquo;\u00e9volution (travaux publi\u00e9s dans le Journal <em>Le Monde <\/em>et <em>The Conversation<\/em>)<br \/><\/span><\/li>\n<li style=\"text-align: justify;\"><span style=\"font-size: 12pt;\"><span style=\"color: #003366;\"><strong>Comprendre l&rsquo;impact des actions politiques<\/strong><\/span> (\u00e9ducatives, culturelles, sociales etc.) men\u00e9es au niveau de la gestion de l&rsquo;\u00c9tat et des territoires<br \/><\/span><\/li>\n<li style=\"text-align: justify;\"><span style=\"font-size: 12pt;\"><span style=\"color: #003366;\"><strong>Valoriser par la publication, les actions men\u00e9es et leurs \u00e9valuations<\/strong><\/span> (cr\u00e9ation de la collection \u00ab\u00a0Innovation et Institutions Publiques\u00a0\u00bb aux \u00c9ditions Management &amp; Soci\u00e9t\u00e9, proposition de tribunes ASAP en partenariat avec la <em>Revue Fran\u00e7aise de Gestion<\/em> et le <em>Mag RH<\/em>; participation aux travaux du Conseil National des Universit\u00e9s, coordination d&rsquo;un num\u00e9ro sp\u00e9cial avec la revue Libellio-AEGIS I \u00c9cole Polytechnique&#8230;)<\/span><\/li>\n<li style=\"text-align: justify;\"><span style=\"font-size: 12pt;\"><span style=\"color: #003366;\"><strong>Accompagner et soutenir<\/strong><\/span> les acteurs de l&rsquo;action publique dans leurs d\u00e9marches et leurs programmes d&rsquo;actions (programmes de formation, recherche-intervention, recherche-action)<\/span><\/li>\n<\/ul>\n<p style=\"text-align: justify;\"><span style=\"font-size: 12pt;\">Cet Observatoire d&rsquo;une centaine de membres (enseignants-chercheurs et praticiens) s\u2019adresse aux citoyens, \u00e9tudiants, chercheurs, professionnels et institutionnels\u2026, d\u00e9sireux de <strong><span style=\"color: #003366;\">participer \u00e0 la construction de l\u2019Action Publique de demain<\/span><\/strong> \u00e0 travers des productions d&rsquo;articles, des ouvrages, des s\u00e9minaires, des ateliers cr\u00e9atifs, et des conf\u00e9rences participatives.\u00a0<\/span><\/p>\n<div style=\"text-align: justify;\"><span style=\"font-family: Noto Serif;\">\u00a0<\/span><\/div>\n<div>\u00a0<\/div>\n<p style=\"text-align: right;\"><a href=\"http:\/\/observatoire-asap.org\/index.php\/2020\/02\/02\/olivier-meier\/\"><span style=\"font-family: Noto Serif;\"><strong>Pr. Olivier MEIER\u00a0<\/strong><\/span><\/a><br \/>Directeur de l&rsquo;Observatoire ASAP<\/p>\n<p>\u00a0<\/p>\n<p style=\"text-align: right;\">\u00a0<\/p>\n\n\n<figure class=\"wp-block-image size-large\"><img loading=\"lazy\" decoding=\"async\" width=\"206\" height=\"76\" src=\"http:\/\/observatoire-asap.org\/wp-content\/uploads\/2021\/01\/cropped-EIEP_Logo_Bureautique_mod1-ConvertImage.jpg\" alt=\"\" class=\"wp-image-1778\" srcset=\"https:\/\/observatoire-asap.org\/wp-content\/uploads\/2021\/01\/cropped-EIEP_Logo_Bureautique_mod1-ConvertImage.jpg 206w, https:\/\/observatoire-asap.org\/wp-content\/uploads\/2021\/01\/cropped-EIEP_Logo_Bureautique_mod1-ConvertImage-163x60.jpg 163w\" sizes=\"auto, (max-width: 206px) 100vw, 206px\" \/><\/figure>\n\n\n\n<p><\/p>\n","protected":false},"excerpt":{"rendered":"<p>Dans le cadre de la Chaire \u00ab\u00a0Innovation Publique\u00a0\u00bb en lien avec Sciences Po et l&rsquo;Ecole Polytechnique, nous avons souhait\u00e9 cr\u00e9er un Observatoire d\u00e9di\u00e9 \u00e0 l\u2019impact des transformations sociales et soci\u00e9tales sur l&rsquo;action publique. Ces transformations concernent aussi bien les questions li\u00e9es au num\u00e9rique, \u00e0 la mondialisation, au d\u00e9veloppement \u00e9conomique, \u00e9cologique ou social. Il est donc &hellip; <\/p>\n","protected":false},"author":1,"featured_media":0,"parent":5,"menu_order":0,"comment_status":"closed","ping_status":"closed","template":"","meta":{"spay_email":"","footnotes":""},"class_list":["post-4","page","type-page","status-publish","hentry"],"yoast_head":"<!-- This site is optimized with the Yoast SEO plugin v24.9 - https:\/\/yoast.com\/wordpress\/plugins\/seo\/ -->\n<title>Editorial -<\/title>\n<meta name=\"robots\" content=\"index, follow, max-snippet:-1, max-image-preview:large, max-video-preview:-1\" \/>\n<link rel=\"canonical\" href=\"http:\/\/observatoire-asap.org\/\" \/>\n<meta property=\"og:locale\" content=\"fr_FR\" \/>\n<meta property=\"og:type\" content=\"article\" \/>\n<meta property=\"og:title\" content=\"Editorial -\" \/>\n<meta property=\"og:description\" content=\"Dans le cadre de la Chaire \u00ab\u00a0Innovation Publique\u00a0\u00bb en lien avec Sciences Po et l&rsquo;Ecole Polytechnique, nous avons souhait\u00e9 cr\u00e9er un Observatoire d\u00e9di\u00e9 \u00e0 l\u2019impact des transformations sociales et soci\u00e9tales sur l&rsquo;action publique. Ces transformations concernent aussi bien les questions li\u00e9es au num\u00e9rique, \u00e0 la mondialisation, au d\u00e9veloppement \u00e9conomique, \u00e9cologique ou social. Il est donc &hellip;\" \/>\n<meta property=\"og:url\" content=\"http:\/\/observatoire-asap.org\/\" \/>\n<meta property=\"article:publisher\" content=\"https:\/\/facebook.com\/fabrice.hamelin.1\" \/>\n<meta property=\"article:modified_time\" content=\"2022-08-24T09:15:18+00:00\" \/>\n<meta property=\"og:image\" content=\"http:\/\/observatoire-asap.org\/wp-content\/uploads\/2022\/05\/visuel_chaire_innovation_publique.jpg\" \/>\n<meta name=\"twitter:card\" content=\"summary_large_image\" \/>\n<meta name=\"twitter:label1\" content=\"Dur\u00e9e de lecture estim\u00e9e\" \/>\n\t<meta name=\"twitter:data1\" content=\"3 minutes\" \/>\n<script type=\"application\/ld+json\" class=\"yoast-schema-graph\">{\"@context\":\"https:\/\/schema.org\",\"@graph\":[{\"@type\":\"WebPage\",\"@id\":\"http:\/\/observatoire-asap.org\/\",\"url\":\"http:\/\/observatoire-asap.org\/\",\"name\":\"Editorial -\",\"isPartOf\":{\"@id\":\"http:\/\/observatoire-asap.org\/#website\"},\"primaryImageOfPage\":{\"@id\":\"http:\/\/observatoire-asap.org\/#primaryimage\"},\"image\":{\"@id\":\"http:\/\/observatoire-asap.org\/#primaryimage\"},\"thumbnailUrl\":\"http:\/\/observatoire-asap.org\/wp-content\/uploads\/2022\/05\/visuel_chaire_innovation_publique.jpg\",\"datePublished\":\"2019-12-30T10:33:16+00:00\",\"dateModified\":\"2022-08-24T09:15:18+00:00\",\"breadcrumb\":{\"@id\":\"http:\/\/observatoire-asap.org\/#breadcrumb\"},\"inLanguage\":\"fr-FR\",\"potentialAction\":[{\"@type\":\"ReadAction\",\"target\":[\"http:\/\/observatoire-asap.org\/\"]}]},{\"@type\":\"ImageObject\",\"inLanguage\":\"fr-FR\",\"@id\":\"http:\/\/observatoire-asap.org\/#primaryimage\",\"url\":\"https:\/\/observatoire-asap.org\/wp-content\/uploads\/2022\/05\/visuel_chaire_innovation_publique.jpg\",\"contentUrl\":\"https:\/\/observatoire-asap.org\/wp-content\/uploads\/2022\/05\/visuel_chaire_innovation_publique.jpg\",\"width\":690,\"height\":390},{\"@type\":\"BreadcrumbList\",\"@id\":\"http:\/\/observatoire-asap.org\/#breadcrumb\",\"itemListElement\":[{\"@type\":\"ListItem\",\"position\":1,\"name\":\"Accueil\",\"item\":\"http:\/\/observatoire-asap.org\/\"},{\"@type\":\"ListItem\",\"position\":2,\"name\":\"Entretiens\",\"item\":\"http:\/\/observatoire-asap.org\/index.php\/blog\/\"},{\"@type\":\"ListItem\",\"position\":3,\"name\":\"Editorial\"}]},{\"@type\":\"WebSite\",\"@id\":\"http:\/\/observatoire-asap.org\/#website\",\"url\":\"http:\/\/observatoire-asap.org\/\",\"name\":\"Action Soci\u00e9tale et Action Publique\",\"description\":\"\",\"publisher\":{\"@id\":\"http:\/\/observatoire-asap.org\/#organization\"},\"potentialAction\":[{\"@type\":\"SearchAction\",\"target\":{\"@type\":\"EntryPoint\",\"urlTemplate\":\"http:\/\/observatoire-asap.org\/?s={search_term_string}\"},\"query-input\":{\"@type\":\"PropertyValueSpecification\",\"valueRequired\":true,\"valueName\":\"search_term_string\"}}],\"inLanguage\":\"fr-FR\"},{\"@type\":\"Organization\",\"@id\":\"http:\/\/observatoire-asap.org\/#organization\",\"name\":\"Laboratoire ASAP\",\"url\":\"http:\/\/observatoire-asap.org\/\",\"logo\":{\"@type\":\"ImageObject\",\"inLanguage\":\"fr-FR\",\"@id\":\"http:\/\/observatoire-asap.org\/#\/schema\/logo\/image\/\",\"url\":\"https:\/\/observatoire-asap.org\/wp-content\/uploads\/2022\/01\/cropped-cropped-ASAP_Plan-de-travail-1.png\",\"contentUrl\":\"https:\/\/observatoire-asap.org\/wp-content\/uploads\/2022\/01\/cropped-cropped-ASAP_Plan-de-travail-1.png\",\"width\":1345,\"height\":426,\"caption\":\"Laboratoire ASAP\"},\"image\":{\"@id\":\"http:\/\/observatoire-asap.org\/#\/schema\/logo\/image\/\"},\"sameAs\":[\"https:\/\/facebook.com\/fabrice.hamelin.1\"]}]}<\/script>\n<!-- \/ Yoast SEO plugin. -->","yoast_head_json":{"title":"Editorial -","robots":{"index":"index","follow":"follow","max-snippet":"max-snippet:-1","max-image-preview":"max-image-preview:large","max-video-preview":"max-video-preview:-1"},"canonical":"http:\/\/observatoire-asap.org\/","og_locale":"fr_FR","og_type":"article","og_title":"Editorial -","og_description":"Dans le cadre de la Chaire \u00ab\u00a0Innovation Publique\u00a0\u00bb en lien avec Sciences Po et l&rsquo;Ecole Polytechnique, nous avons souhait\u00e9 cr\u00e9er un Observatoire d\u00e9di\u00e9 \u00e0 l\u2019impact des transformations sociales et soci\u00e9tales sur l&rsquo;action publique. Ces transformations concernent aussi bien les questions li\u00e9es au num\u00e9rique, \u00e0 la mondialisation, au d\u00e9veloppement \u00e9conomique, \u00e9cologique ou social. Il est donc &hellip;","og_url":"http:\/\/observatoire-asap.org\/","article_publisher":"https:\/\/facebook.com\/fabrice.hamelin.1","article_modified_time":"2022-08-24T09:15:18+00:00","og_image":[{"url":"http:\/\/observatoire-asap.org\/wp-content\/uploads\/2022\/05\/visuel_chaire_innovation_publique.jpg","type":"","width":"","height":""}],"twitter_card":"summary_large_image","twitter_misc":{"Dur\u00e9e de lecture estim\u00e9e":"3 minutes"},"schema":{"@context":"https:\/\/schema.org","@graph":[{"@type":"WebPage","@id":"http:\/\/observatoire-asap.org\/","url":"http:\/\/observatoire-asap.org\/","name":"Editorial -","isPartOf":{"@id":"http:\/\/observatoire-asap.org\/#website"},"primaryImageOfPage":{"@id":"http:\/\/observatoire-asap.org\/#primaryimage"},"image":{"@id":"http:\/\/observatoire-asap.org\/#primaryimage"},"thumbnailUrl":"http:\/\/observatoire-asap.org\/wp-content\/uploads\/2022\/05\/visuel_chaire_innovation_publique.jpg","datePublished":"2019-12-30T10:33:16+00:00","dateModified":"2022-08-24T09:15:18+00:00","breadcrumb":{"@id":"http:\/\/observatoire-asap.org\/#breadcrumb"},"inLanguage":"fr-FR","potentialAction":[{"@type":"ReadAction","target":["http:\/\/observatoire-asap.org\/"]}]},{"@type":"ImageObject","inLanguage":"fr-FR","@id":"http:\/\/observatoire-asap.org\/#primaryimage","url":"https:\/\/observatoire-asap.org\/wp-content\/uploads\/2022\/05\/visuel_chaire_innovation_publique.jpg","contentUrl":"https:\/\/observatoire-asap.org\/wp-content\/uploads\/2022\/05\/visuel_chaire_innovation_publique.jpg","width":690,"height":390},{"@type":"BreadcrumbList","@id":"http:\/\/observatoire-asap.org\/#breadcrumb","itemListElement":[{"@type":"ListItem","position":1,"name":"Accueil","item":"http:\/\/observatoire-asap.org\/"},{"@type":"ListItem","position":2,"name":"Entretiens","item":"http:\/\/observatoire-asap.org\/index.php\/blog\/"},{"@type":"ListItem","position":3,"name":"Editorial"}]},{"@type":"WebSite","@id":"http:\/\/observatoire-asap.org\/#website","url":"http:\/\/observatoire-asap.org\/","name":"Action Soci\u00e9tale et Action Publique","description":"","publisher":{"@id":"http:\/\/observatoire-asap.org\/#organization"},"potentialAction":[{"@type":"SearchAction","target":{"@type":"EntryPoint","urlTemplate":"http:\/\/observatoire-asap.org\/?s={search_term_string}"},"query-input":{"@type":"PropertyValueSpecification","valueRequired":true,"valueName":"search_term_string"}}],"inLanguage":"fr-FR"},{"@type":"Organization","@id":"http:\/\/observatoire-asap.org\/#organization","name":"Laboratoire ASAP","url":"http:\/\/observatoire-asap.org\/","logo":{"@type":"ImageObject","inLanguage":"fr-FR","@id":"http:\/\/observatoire-asap.org\/#\/schema\/logo\/image\/","url":"https:\/\/observatoire-asap.org\/wp-content\/uploads\/2022\/01\/cropped-cropped-ASAP_Plan-de-travail-1.png","contentUrl":"https:\/\/observatoire-asap.org\/wp-content\/uploads\/2022\/01\/cropped-cropped-ASAP_Plan-de-travail-1.png","width":1345,"height":426,"caption":"Laboratoire ASAP"},"image":{"@id":"http:\/\/observatoire-asap.org\/#\/schema\/logo\/image\/"},"sameAs":["https:\/\/facebook.com\/fabrice.hamelin.1"]}]}},"_links":{"self":[{"href":"https:\/\/observatoire-asap.org\/index.php\/wp-json\/wp\/v2\/pages\/4","targetHints":{"allow":["GET"]}}],"collection":[{"href":"https:\/\/observatoire-asap.org\/index.php\/wp-json\/wp\/v2\/pages"}],"about":[{"href":"https:\/\/observatoire-asap.org\/index.php\/wp-json\/wp\/v2\/types\/page"}],"author":[{"embeddable":true,"href":"https:\/\/observatoire-asap.org\/index.php\/wp-json\/wp\/v2\/users\/1"}],"replies":[{"embeddable":true,"href":"https:\/\/observatoire-asap.org\/index.php\/wp-json\/wp\/v2\/comments?post=4"}],"version-history":[{"count":89,"href":"https:\/\/observatoire-asap.org\/index.php\/wp-json\/wp\/v2\/pages\/4\/revisions"}],"predecessor-version":[{"id":5082,"href":"https:\/\/observatoire-asap.org\/index.php\/wp-json\/wp\/v2\/pages\/4\/revisions\/5082"}],"up":[{"embeddable":true,"href":"https:\/\/observatoire-asap.org\/index.php\/wp-json\/wp\/v2\/pages\/5"}],"wp:attachment":[{"href":"https:\/\/observatoire-asap.org\/index.php\/wp-json\/wp\/v2\/media?parent=4"}],"curies":[{"name":"wp","href":"https:\/\/api.w.org\/{rel}","templated":true}]}}