{"id":296,"date":"2020-07-13T10:32:34","date_gmt":"2020-07-13T08:32:34","guid":{"rendered":"http:\/\/observatoire-asap.org\/?page_id=296"},"modified":"2024-02-27T12:42:30","modified_gmt":"2024-02-27T11:42:30","slug":"education","status":"publish","type":"page","link":"https:\/\/observatoire-asap.org\/index.php\/education\/","title":{"rendered":"\u00c9ducation"},"content":{"rendered":"\n<ul class=\"wp-block-list\"><li><a href=\"http:\/\/observatoire-asap.org\/index.php\/2024\/02\/27\/ameliorer-la-lisibilite-du-marche-des-formations-en-management-enjeu-majeur-pour-les-instances-nationales-devaluation\/\">Am\u00e9liorer la lisibilit\u00e9 du march\u00e9 des formations en management<\/a> par <a href=\"http:\/\/observatoire-asap.org\/index.php\/2024\/02\/27\/pierre-buffaz\/\">Pierre Buffaz<\/a>\u00a0et\u00a0<a href=\"http:\/\/observatoire-asap.org\/index.php\/2024\/02\/27\/mathilde-gollety\/\">Mathilde Gollety<\/a><\/li><li><a href=\"http:\/\/observatoire-asap.org\/index.php\/2024\/02\/23\/mieux-comprendre-le-fonctionnement-dune-chaine-logistique-grace-a-un-film-de-857-heures\/\">Mieux comprendre le fonctionnement d&rsquo;une cha\u00eene logistique<\/a> par <a href=\"http:\/\/observatoire-asap.org\/index.php\/2021\/04\/07\/gilles-pache\/\">Gilles Pach\u00e9<\/a><\/li><li><a href=\"http:\/\/observatoire-asap.org\/index.php\/2024\/01\/04\/les-universites-et-lapprentissage\/\">Les universit\u00e9s et l&rsquo;apprentissage<\/a> par <a href=\"http:\/\/observatoire-asap.org\/index.php\/2022\/04\/27\/corentin-mariette\/\">Corentin Mariette<\/a><\/li><li><a href=\"https:\/\/observatoire-asap.org\/index.php\/2023\/09\/25\/les-premices-dune-education-au-developpement-durable-a-luniversite\/\">Les pr\u00e9mices d\u2019une \u00c9ducation au\u00a0D\u00e9veloppement Durable\u00a0\u00e0 l\u2019universit\u00e9<\/a> par <a href=\"https:\/\/observatoire-asap.org\/index.php\/2023\/09\/25\/nathalie-carminatti\/\">Nathalie Carminatti<\/a><\/li><li><a href=\"http:\/\/observatoire-asap.org\/index.php\/2023\/03\/02\/quel-avenir-pour-les-classes-preparatoires\/\">Quel avenir pour les classes pr\u00e9paratoires aux Grandes Ecoles de Management ?<\/a> par <a href=\"http:\/\/observatoire-asap.org\/index.php\/2023\/01\/16\/olivier-guyottot\/\">Olivier Guyottot<\/a><\/li><li><a href=\"http:\/\/observatoire-asap.org\/index.php\/2022\/09\/23\/cest-non-nous-ne-voulons-pas-de-ce-type-demplois\/\">C&rsquo;est non nous ne voulons pas de ce type d&#8217;emplois<\/a> par <a href=\"http:\/\/observatoire-asap.org\/index.php\/2020\/11\/24\/denis-cristol\/\">Denis Cristol<\/a><\/li><li><a href=\"http:\/\/observatoire-asap.org\/index.php\/2022\/04\/22\/formations-a-distance-en-contexte-interculturel-pour-une-pedagogie-dynamique-et-experientielle\/\">Formations \u00e0 distance en contexte interculturel : une p\u00e9dagogie dynamique et exp\u00e9rientielle<\/a> par <a href=\"http:\/\/observatoire-asap.org\/index.php\/2020\/02\/02\/olivier-meier\/\">Olivier Meier<\/a> et <a href=\"http:\/\/observatoire-asap.org\/index.php\/2020\/11\/16\/eric-le-tallec\/\">Eric Le Tallec<\/a><\/li><li><a href=\"http:\/\/observatoire-asap.org\/index.php\/2022\/02\/03\/et-si-on-parlait-de-lattractivite-du-metier-denseignant-chercheur-en-gestion\/\">Et si on parlait de l&rsquo;attractivit\u00e9 du m\u00e9tier d&rsquo;enseignant-chercheur en gestion ?<\/a> par <a href=\"http:\/\/observatoire-asap.org\/index.php\/2022\/02\/03\/therese-albertini\/\">Th\u00e9r\u00e8se Albertini<\/a>, <a href=\"http:\/\/observatoire-asap.org\/index.php\/2022\/02\/03\/delphine-bereni\/\">Delphine Bereni<\/a> et <a href=\"http:\/\/observatoire-asap.org\/index.php\/2022\/02\/03\/solange-hernandez\/\">Solange Hernandez<\/a><\/li><li><a href=\"http:\/\/observatoire-asap.org\/index.php\/2022\/01\/28\/chiffres-et-decision-la-part-des-pairs\/\">Chiffres et d\u00e9cision : la part des pairs<\/a> par <a href=\"http:\/\/observatoire-asap.org\/index.php\/2020\/10\/24\/aude-deville\/\">Aude Deville<\/a> et <a href=\"http:\/\/observatoire-asap.org\/index.php\/2022\/01\/28\/emmanuelle-negre\/\">Emmanuelle N\u00e8gre<\/a><\/li><li><a href=\"http:\/\/observatoire-asap.org\/index.php\/2022\/01\/15\/linnovation-pedagogique-a-luniversite-dispositifs-de-mise-en-oeuvre-et-de-valorisation\/\">L&rsquo;innovation p\u00e9dagogique \u00e0 l&rsquo;universit\u00e9 : dispositif de mise en \u0153uvre et de valorisation<\/a> par <a href=\"http:\/\/observatoire-asap.org\/index.php\/2022\/01\/18\/nathalie-oriol-2\/\">Nathalie Oriol<\/a> et <a href=\"http:\/\/observatoire-asap.org\/index.php\/2022\/01\/15\/mickael-david\/\">Micka\u00ebl David<\/a><\/li><li><a href=\"http:\/\/observatoire-asap.org\/index.php\/2022\/01\/03\/reforme-de-la-haute-fonction-publique-vers-la-fin-des-corps-dinspection\/\">R\u00e9forme de la haute fonction publique : vers la fin des corps d\u2019inspection<\/a> par <a href=\"https:\/\/observatoire-asap.org\/index.php\/2021\/02\/01\/marine-fouquet\/\">Marine Fouquet<\/a><\/li><li><a href=\"http:\/\/observatoire-asap.org\/index.php\/2021\/12\/20\/formations-en-management-interculturel-un-enjeu-majeur-pour-les-etablissements-publics-et-prives\/\">Former en Management interculturel : un enjeu pour les \u00e9tablissements publics et priv\u00e9s<\/a> par <a href=\"http:\/\/observatoire-asap.org\/index.php\/2020\/02\/02\/olivier-meier\/\">Olivier Meier<\/a> et <a href=\"http:\/\/observatoire-asap.org\/index.php\/2020\/11\/16\/eric-le-tallec\/\">Eric Le Tallec<\/a><\/li><li><a href=\"http:\/\/observatoire-asap.org\/index.php\/2021\/11\/02\/former-reformer-et-reformer-la-haute-fonction-publique\/\">Former, r\u00e9former et reformer la haute fonction publique<\/a> par <a href=\"http:\/\/observatoire-asap.org\/index.php\/2020\/02\/27\/fabrice-hamelin\/\">Fabrice Hamelin<\/a><\/li><li><a href=\"http:\/\/observatoire-asap.org\/index.php\/2021\/04\/17\/quelles-relations-entre-gpec-et-choix-individuels-de-formation\/\">Quelles relations entre GPEC et choix individuels de formation ?<\/a> par <a href=\"http:\/\/observatoire-asap.org\/index.php\/2021\/04\/17\/maxime-blanc\/\">Maxime Blanc<\/a> et <a href=\"http:\/\/observatoire-asap.org\/index.php\/2020\/02\/25\/cedric-fretigne\/\">C\u00e9dric Fr\u00e9tign\u00e9<\/a><\/li><li><a href=\"http:\/\/observatoire-asap.org\/index.php\/2021\/04\/07\/la-realite-de-levaluation-au-cnu\/\">L\u2019\u00e9valuation est un sport complet !<\/a> par <a href=\"https:\/\/observatoire-asap.org\/index.php\/2021\/04\/07\/eric-severin\/\">Eric S\u00e9verin<\/a> et <a href=\"https:\/\/observatoire-asap.org\/index.php\/2021\/04\/07\/jerome-dupuis\/\">J\u00e9r\u00f4me Dupuis<\/a><\/li><li><a href=\"https:\/\/observatoire-asap.org\/index.php\/2021\/04\/02\/les-executives-masteres-dinspiration-liberale-interets-et-points-de-vigilance\/\">Les executives Mast\u00e8res d\u2019inspiration lib\u00e9rale : int\u00e9r\u00eats et points de vigilance<\/a> par <a href=\"http:\/\/observatoire-asap.org\/index.php\/2020\/11\/23\/michel-barabel\/\">Michel Barabel<\/a> et <a href=\"https:\/\/observatoire-asap.org\/index.php\/2021\/04\/02\/eric-jean-garcia\/\">Eric-Jean Garcia<\/a><\/li><li><a href=\"http:\/\/observatoire-asap.org\/index.php\/2021\/03\/01\/les-nouveaux-enjeux-de-lapprentissage\/\">Les nouveaux enjeux de l&rsquo;apprentissage<\/a> par <a href=\"http:\/\/observatoire-asap.org\/index.php\/2020\/12\/21\/erwan-poiraud\/\">Erwan Poiraud<\/a><\/li><li><a href=\"http:\/\/observatoire-asap.org\/index.php\/2021\/02\/24\/apprendre-ensemble-dans-une-organisation\/\">Apprendre ensemble dans une organisation<\/a> par <a href=\"http:\/\/observatoire-asap.org\/index.php\/2020\/11\/24\/denis-cristol\/\">Denis Cristol<\/a><\/li><li><a href=\"http:\/\/observatoire-asap.org\/index.php\/2021\/02\/18\/ethique-et-enseignement-superieur-enjeux-et-defis-a-relever\/\">Ethique et enseignement sup\u00e9rieur : enjeux et d\u00e9fis \u00e0 relever<\/a> par <a href=\"http:\/\/observatoire-asap.org\/index.php\/2020\/02\/02\/olivier-meier\/\">Olivier Meier<\/a> et <a href=\"http:\/\/observatoire-asap.org\/index.php\/2020\/11\/19\/carole-doueiry-verne\/\">Carole Doueiry Verne<\/a><\/li><li><a href=\"http:\/\/observatoire-asap.org\/index.php\/2020\/12\/15\/comment-acceder-au-new-normal-de-leducation\/\">Comment acc\u00e9der au New Normal de l\u2019\u00e9ducation ?<\/a> par <a href=\"http:\/\/observatoire-asap.org\/index.php\/2020\/11\/18\/geoffrey-martinache\/\">Geoffrey Martinache<\/a><\/li><li><a href=\"http:\/\/observatoire-asap.org\/index.php\/2020\/12\/02\/mesologie-de-lapprenance-nouveau-paradigme-des-sciences-de-la-formation\/\">M\u00e9sologie de l\u2019apprenance : nouveau paradigme des sciences de la formation<\/a> par <a href=\"http:\/\/observatoire-asap.org\/index.php\/2020\/11\/24\/denis-cristol\/\">Denis Cristol<\/a><\/li><li><a href=\"http:\/\/observatoire-asap.org\/index.php\/2020\/11\/30\/comprendre-et-agir-urgence-educative\/\">Comprendre et agir : urgence \u00e9ducative<\/a> par <a href=\"http:\/\/observatoire-asap.org\/index.php\/2020\/02\/15\/maryvonne-dussaux\/\">Maryvonne Dussaux<\/a><\/li><li><a href=\"http:\/\/observatoire-asap.org\/index.php\/2021\/02\/04\/territoire-apprenant-analyses-et-reflexions-pour-mieux-apprendre-ensemble\/\">Territoire apprenant : analyses et r\u00e9flexions pour mieux apprendre ensemble<\/a> par <a href=\"http:\/\/observatoire-asap.org\/index.php\/2020\/11\/24\/denis-cristol\/\">Denis Cristol<\/a><\/li><li><a href=\"http:\/\/observatoire-asap.org\/index.php\/2020\/07\/13\/forum-de-lenseignement-technologique-et-professionnel\/\">Forum de l&rsquo;enseignement technologique et professionnel <\/a>par <a href=\"http:\/\/observatoire-asap.org\/index.php\/2020\/02\/15\/maryvonne-dussaux\/\">Maryvonne Dussaux<\/a><\/li><li><a href=\"http:\/\/observatoire-asap.org\/index.php\/2020\/02\/02\/des-etudiants-en-sante-en-formation-dans-les-etablissements-scolaires\/\">Des \u00e9tudiants en sant\u00e9 en formation dans les \u00e9tablissements scolaires<\/a><em> <\/em>par <a href=\"http:\/\/observatoire-asap.org\/index.php\/2020\/02\/15\/maryvonne-dussaux\/\">Maryvonne Dussaux <\/a><\/li><li><a href=\"http:\/\/observatoire-asap.org\/index.php\/2020\/02\/14\/lexcellence-educative-en-finlande-de-mihaela-vioricat-rusitoru-edition-lharmattan-2019\/\">L\u2019excellence \u00e9ducative en Finlande de Mihaela-Vioricat Rusitoru \u2013 Edition l\u2019Harmattan 2019 <\/a>par <a href=\"http:\/\/observatoire-asap.org\/index.php\/2020\/02\/15\/maryvonne-dussaux\/\">Maryvonne Dussaux<\/a><\/li><\/ul>\n\n\n\n<p><\/p>\n","protected":false},"excerpt":{"rendered":"<p>Am\u00e9liorer la lisibilit\u00e9 du march\u00e9 des formations en management par Pierre Buffaz\u00a0et\u00a0Mathilde Gollety Mieux comprendre le fonctionnement d&rsquo;une cha\u00eene logistique par Gilles Pach\u00e9 Les universit\u00e9s et l&rsquo;apprentissage par Corentin Mariette Les pr\u00e9mices d\u2019une \u00c9ducation au\u00a0D\u00e9veloppement Durable\u00a0\u00e0 l\u2019universit\u00e9 par Nathalie Carminatti Quel avenir pour les classes pr\u00e9paratoires aux Grandes Ecoles de Management ? par Olivier Guyottot &hellip; <\/p>\n","protected":false},"author":1,"featured_media":510,"parent":0,"menu_order":0,"comment_status":"closed","ping_status":"closed","template":"","meta":{"spay_email":"","footnotes":""},"class_list":["post-296","page","type-page","status-publish","has-post-thumbnail","hentry"],"yoast_head":"<!-- This site is optimized with the Yoast SEO plugin v24.9 - https:\/\/yoast.com\/wordpress\/plugins\/seo\/ -->\n<title>\u00c9ducation -<\/title>\n<meta name=\"robots\" content=\"index, follow, max-snippet:-1, max-image-preview:large, max-video-preview:-1\" \/>\n<link rel=\"canonical\" href=\"https:\/\/observatoire-asap.org\/index.php\/education\/\" \/>\n<meta property=\"og:locale\" content=\"fr_FR\" \/>\n<meta property=\"og:type\" content=\"article\" \/>\n<meta property=\"og:title\" content=\"\u00c9ducation -\" \/>\n<meta property=\"og:description\" content=\"Am\u00e9liorer la lisibilit\u00e9 du march\u00e9 des formations en management par Pierre Buffaz\u00a0et\u00a0Mathilde Gollety Mieux comprendre le fonctionnement d&rsquo;une cha\u00eene logistique par Gilles Pach\u00e9 Les universit\u00e9s et l&rsquo;apprentissage par Corentin Mariette Les pr\u00e9mices d\u2019une \u00c9ducation au\u00a0D\u00e9veloppement Durable\u00a0\u00e0 l\u2019universit\u00e9 par Nathalie Carminatti Quel avenir pour les classes pr\u00e9paratoires aux Grandes Ecoles de Management ? par Olivier Guyottot &hellip;\" \/>\n<meta property=\"og:url\" content=\"https:\/\/observatoire-asap.org\/index.php\/education\/\" \/>\n<meta property=\"article:publisher\" content=\"https:\/\/facebook.com\/fabrice.hamelin.1\" \/>\n<meta property=\"article:modified_time\" content=\"2024-02-27T11:42:30+00:00\" \/>\n<meta property=\"og:image\" content=\"https:\/\/observatoire-asap.org\/wp-content\/uploads\/2020\/07\/education-flatlay-scaled.jpg\" \/>\n\t<meta property=\"og:image:width\" content=\"2560\" \/>\n\t<meta property=\"og:image:height\" content=\"1706\" \/>\n\t<meta property=\"og:image:type\" content=\"image\/jpeg\" \/>\n<meta name=\"twitter:card\" content=\"summary_large_image\" \/>\n<meta name=\"twitter:label1\" content=\"Dur\u00e9e de lecture estim\u00e9e\" \/>\n\t<meta name=\"twitter:data1\" content=\"2 minutes\" \/>\n<script type=\"application\/ld+json\" class=\"yoast-schema-graph\">{\"@context\":\"https:\/\/schema.org\",\"@graph\":[{\"@type\":\"WebPage\",\"@id\":\"https:\/\/observatoire-asap.org\/index.php\/education\/\",\"url\":\"https:\/\/observatoire-asap.org\/index.php\/education\/\",\"name\":\"\u00c9ducation -\",\"isPartOf\":{\"@id\":\"http:\/\/observatoire-asap.org\/#website\"},\"primaryImageOfPage\":{\"@id\":\"https:\/\/observatoire-asap.org\/index.php\/education\/#primaryimage\"},\"image\":{\"@id\":\"https:\/\/observatoire-asap.org\/index.php\/education\/#primaryimage\"},\"thumbnailUrl\":\"https:\/\/observatoire-asap.org\/wp-content\/uploads\/2020\/07\/education-flatlay-scaled.jpg\",\"datePublished\":\"2020-07-13T08:32:34+00:00\",\"dateModified\":\"2024-02-27T11:42:30+00:00\",\"breadcrumb\":{\"@id\":\"https:\/\/observatoire-asap.org\/index.php\/education\/#breadcrumb\"},\"inLanguage\":\"fr-FR\",\"potentialAction\":[{\"@type\":\"ReadAction\",\"target\":[\"https:\/\/observatoire-asap.org\/index.php\/education\/\"]}]},{\"@type\":\"ImageObject\",\"inLanguage\":\"fr-FR\",\"@id\":\"https:\/\/observatoire-asap.org\/index.php\/education\/#primaryimage\",\"url\":\"https:\/\/observatoire-asap.org\/wp-content\/uploads\/2020\/07\/education-flatlay-scaled.jpg\",\"contentUrl\":\"https:\/\/observatoire-asap.org\/wp-content\/uploads\/2020\/07\/education-flatlay-scaled.jpg\",\"width\":2560,\"height\":1706},{\"@type\":\"BreadcrumbList\",\"@id\":\"https:\/\/observatoire-asap.org\/index.php\/education\/#breadcrumb\",\"itemListElement\":[{\"@type\":\"ListItem\",\"position\":1,\"name\":\"Accueil\",\"item\":\"http:\/\/observatoire-asap.org\/\"},{\"@type\":\"ListItem\",\"position\":2,\"name\":\"\u00c9ducation\"}]},{\"@type\":\"WebSite\",\"@id\":\"http:\/\/observatoire-asap.org\/#website\",\"url\":\"http:\/\/observatoire-asap.org\/\",\"name\":\"Action Soci\u00e9tale et Action Publique\",\"description\":\"\",\"publisher\":{\"@id\":\"http:\/\/observatoire-asap.org\/#organization\"},\"potentialAction\":[{\"@type\":\"SearchAction\",\"target\":{\"@type\":\"EntryPoint\",\"urlTemplate\":\"http:\/\/observatoire-asap.org\/?s={search_term_string}\"},\"query-input\":{\"@type\":\"PropertyValueSpecification\",\"valueRequired\":true,\"valueName\":\"search_term_string\"}}],\"inLanguage\":\"fr-FR\"},{\"@type\":\"Organization\",\"@id\":\"http:\/\/observatoire-asap.org\/#organization\",\"name\":\"Laboratoire ASAP\",\"url\":\"http:\/\/observatoire-asap.org\/\",\"logo\":{\"@type\":\"ImageObject\",\"inLanguage\":\"fr-FR\",\"@id\":\"http:\/\/observatoire-asap.org\/#\/schema\/logo\/image\/\",\"url\":\"https:\/\/observatoire-asap.org\/wp-content\/uploads\/2022\/01\/cropped-cropped-ASAP_Plan-de-travail-1.png\",\"contentUrl\":\"https:\/\/observatoire-asap.org\/wp-content\/uploads\/2022\/01\/cropped-cropped-ASAP_Plan-de-travail-1.png\",\"width\":1345,\"height\":426,\"caption\":\"Laboratoire ASAP\"},\"image\":{\"@id\":\"http:\/\/observatoire-asap.org\/#\/schema\/logo\/image\/\"},\"sameAs\":[\"https:\/\/facebook.com\/fabrice.hamelin.1\"]}]}<\/script>\n<!-- \/ Yoast SEO plugin. -->","yoast_head_json":{"title":"\u00c9ducation -","robots":{"index":"index","follow":"follow","max-snippet":"max-snippet:-1","max-image-preview":"max-image-preview:large","max-video-preview":"max-video-preview:-1"},"canonical":"https:\/\/observatoire-asap.org\/index.php\/education\/","og_locale":"fr_FR","og_type":"article","og_title":"\u00c9ducation -","og_description":"Am\u00e9liorer la lisibilit\u00e9 du march\u00e9 des formations en management par Pierre Buffaz\u00a0et\u00a0Mathilde Gollety Mieux comprendre le fonctionnement d&rsquo;une cha\u00eene logistique par Gilles Pach\u00e9 Les universit\u00e9s et l&rsquo;apprentissage par Corentin Mariette Les pr\u00e9mices d\u2019une \u00c9ducation au\u00a0D\u00e9veloppement Durable\u00a0\u00e0 l\u2019universit\u00e9 par Nathalie Carminatti Quel avenir pour les classes pr\u00e9paratoires aux Grandes Ecoles de Management ? par Olivier Guyottot &hellip;","og_url":"https:\/\/observatoire-asap.org\/index.php\/education\/","article_publisher":"https:\/\/facebook.com\/fabrice.hamelin.1","article_modified_time":"2024-02-27T11:42:30+00:00","og_image":[{"width":2560,"height":1706,"url":"https:\/\/observatoire-asap.org\/wp-content\/uploads\/2020\/07\/education-flatlay-scaled.jpg","type":"image\/jpeg"}],"twitter_card":"summary_large_image","twitter_misc":{"Dur\u00e9e de lecture estim\u00e9e":"2 minutes"},"schema":{"@context":"https:\/\/schema.org","@graph":[{"@type":"WebPage","@id":"https:\/\/observatoire-asap.org\/index.php\/education\/","url":"https:\/\/observatoire-asap.org\/index.php\/education\/","name":"\u00c9ducation -","isPartOf":{"@id":"http:\/\/observatoire-asap.org\/#website"},"primaryImageOfPage":{"@id":"https:\/\/observatoire-asap.org\/index.php\/education\/#primaryimage"},"image":{"@id":"https:\/\/observatoire-asap.org\/index.php\/education\/#primaryimage"},"thumbnailUrl":"https:\/\/observatoire-asap.org\/wp-content\/uploads\/2020\/07\/education-flatlay-scaled.jpg","datePublished":"2020-07-13T08:32:34+00:00","dateModified":"2024-02-27T11:42:30+00:00","breadcrumb":{"@id":"https:\/\/observatoire-asap.org\/index.php\/education\/#breadcrumb"},"inLanguage":"fr-FR","potentialAction":[{"@type":"ReadAction","target":["https:\/\/observatoire-asap.org\/index.php\/education\/"]}]},{"@type":"ImageObject","inLanguage":"fr-FR","@id":"https:\/\/observatoire-asap.org\/index.php\/education\/#primaryimage","url":"https:\/\/observatoire-asap.org\/wp-content\/uploads\/2020\/07\/education-flatlay-scaled.jpg","contentUrl":"https:\/\/observatoire-asap.org\/wp-content\/uploads\/2020\/07\/education-flatlay-scaled.jpg","width":2560,"height":1706},{"@type":"BreadcrumbList","@id":"https:\/\/observatoire-asap.org\/index.php\/education\/#breadcrumb","itemListElement":[{"@type":"ListItem","position":1,"name":"Accueil","item":"http:\/\/observatoire-asap.org\/"},{"@type":"ListItem","position":2,"name":"\u00c9ducation"}]},{"@type":"WebSite","@id":"http:\/\/observatoire-asap.org\/#website","url":"http:\/\/observatoire-asap.org\/","name":"Action Soci\u00e9tale et Action Publique","description":"","publisher":{"@id":"http:\/\/observatoire-asap.org\/#organization"},"potentialAction":[{"@type":"SearchAction","target":{"@type":"EntryPoint","urlTemplate":"http:\/\/observatoire-asap.org\/?s={search_term_string}"},"query-input":{"@type":"PropertyValueSpecification","valueRequired":true,"valueName":"search_term_string"}}],"inLanguage":"fr-FR"},{"@type":"Organization","@id":"http:\/\/observatoire-asap.org\/#organization","name":"Laboratoire ASAP","url":"http:\/\/observatoire-asap.org\/","logo":{"@type":"ImageObject","inLanguage":"fr-FR","@id":"http:\/\/observatoire-asap.org\/#\/schema\/logo\/image\/","url":"https:\/\/observatoire-asap.org\/wp-content\/uploads\/2022\/01\/cropped-cropped-ASAP_Plan-de-travail-1.png","contentUrl":"https:\/\/observatoire-asap.org\/wp-content\/uploads\/2022\/01\/cropped-cropped-ASAP_Plan-de-travail-1.png","width":1345,"height":426,"caption":"Laboratoire ASAP"},"image":{"@id":"http:\/\/observatoire-asap.org\/#\/schema\/logo\/image\/"},"sameAs":["https:\/\/facebook.com\/fabrice.hamelin.1"]}]}},"_links":{"self":[{"href":"https:\/\/observatoire-asap.org\/index.php\/wp-json\/wp\/v2\/pages\/296","targetHints":{"allow":["GET"]}}],"collection":[{"href":"https:\/\/observatoire-asap.org\/index.php\/wp-json\/wp\/v2\/pages"}],"about":[{"href":"https:\/\/observatoire-asap.org\/index.php\/wp-json\/wp\/v2\/types\/page"}],"author":[{"embeddable":true,"href":"https:\/\/observatoire-asap.org\/index.php\/wp-json\/wp\/v2\/users\/1"}],"replies":[{"embeddable":true,"href":"https:\/\/observatoire-asap.org\/index.php\/wp-json\/wp\/v2\/comments?post=296"}],"version-history":[{"count":51,"href":"https:\/\/observatoire-asap.org\/index.php\/wp-json\/wp\/v2\/pages\/296\/revisions"}],"predecessor-version":[{"id":5941,"href":"https:\/\/observatoire-asap.org\/index.php\/wp-json\/wp\/v2\/pages\/296\/revisions\/5941"}],"wp:featuredmedia":[{"embeddable":true,"href":"https:\/\/observatoire-asap.org\/index.php\/wp-json\/wp\/v2\/media\/510"}],"wp:attachment":[{"href":"https:\/\/observatoire-asap.org\/index.php\/wp-json\/wp\/v2\/media?parent=296"}],"curies":[{"name":"wp","href":"https:\/\/api.w.org\/{rel}","templated":true}]}}