{"id":292,"date":"2020-07-13T10:26:24","date_gmt":"2020-07-13T08:26:24","guid":{"rendered":"http:\/\/observatoire-asap.org\/?page_id=292"},"modified":"2025-07-14T14:03:17","modified_gmt":"2025-07-14T12:03:17","slug":"veille-juridique","status":"publish","type":"page","link":"https:\/\/observatoire-asap.org\/index.php\/veille-juridique\/","title":{"rendered":"Juridique"},"content":{"rendered":"\n<ul class=\"wp-block-list\">\n<li><a href=\"https:\/\/observatoire-asap.org\/index.php\/2025\/02\/05\/quelle-responsabilite-pour-les-banques-face-aux-arnaques-en-ligne\/\">Quelle responsabilit\u00e9 pour les banques face aux arnaques en ligne ?<\/a> par <a href=\"https:\/\/observatoire-asap.org\/index.php\/2020\/10\/23\/marie-helene-gostiaux\/\">Marie-H\u00e9l\u00e8ne Gostiaux<\/a><\/li>\n\n\n\n<li><a href=\"http:\/\/observatoire-asap.org\/index.php\/2024\/09\/04\/ria-rgpd-comment-sarticulent-les-deux-textes\/\">RIA &amp; RGPD : comment s&rsquo;articule les deux textes ?<\/a> par <a href=\"https:\/\/observatoire-asap.org\/index.php\/2020\/10\/23\/marie-helene-gostiaux\/\">Marie-H\u00e9l\u00e8ne Gostiaux<\/a><\/li>\n\n\n\n<li><a href=\"https:\/\/observatoire-asap.org\/index.php\/2024\/04\/02\/face-aux-cyberattaques-security-by-design-resilience\/\">Face aux cyberattaques, security by design &amp; resilience<\/a> par <a href=\"https:\/\/observatoire-asap.org\/index.php\/2020\/10\/23\/marie-helene-gostiaux\/\">Marie-H\u00e9l\u00e8ne Gostiaux<\/a><\/li>\n\n\n\n<li><a href=\"http:\/\/observatoire-asap.org\/index.php\/2023\/10\/31\/des-nouvelles-du-rgpd-histoires-de-profilage-dia-et-de-concurrence\/\">Des nouvelles du RGPD : histoires de profilage, d&rsquo;IA et de concurrence<\/a> par <a href=\"https:\/\/observatoire-asap.org\/index.php\/2020\/10\/23\/marie-helene-gostiaux\/\">Marie-H\u00e9l\u00e8ne Gostiaux<\/a> <\/li>\n\n\n\n<li><a href=\"https:\/\/observatoire-asap.org\/index.php\/2022\/07\/19\/plus-de-6-ans-apres-le-rgpd-adoption-des-versions-definitives-des-dma-et-dsa-par-le-parlement-europeen\/\">Plus de 6 ans apr\u00e8s le RGPD, adoption des versions d\u00e9finitives DMA et DSA par le parlement europ\u00e9en<\/a> par <a href=\"https:\/\/observatoire-asap.org\/index.php\/2020\/10\/23\/marie-helene-gostiaux\/\">Marie-H\u00e9l\u00e8ne Gostiaux<\/a><\/li>\n\n\n\n<li><a href=\"http:\/\/observatoire-asap.org\/index.php\/2022\/04\/26\/un-projet-de-directive-europeenne-sur-le-devoir-de-vigilance-des-societes-transnationales-attendu\/\">Un projet de directive europ\u00e9enne sur le devoir de vigilance des soci\u00e9t\u00e9s transnationales attendu<\/a> par <a href=\"https:\/\/observatoire-asap.org\/index.php\/2021\/02\/01\/marine-fouquet\/\">Marine Fouquet<\/a><\/li>\n\n\n\n<li><a href=\"http:\/\/observatoire-asap.org\/index.php\/2023\/01\/20\/les-referendums-dautodetermination-eviteraient-certaines-guerres\/\">Les r\u00e9f\u00e9rendums d\u2019autod\u00e9termination \u00e9viteraient certaines guerres<\/a> par <a href=\"http:\/\/observatoire-asap.org\/index.php\/2021\/05\/25\/thierry-brugvin\/\">Thierry Brugvin<\/a><\/li>\n\n\n\n<li><a href=\"http:\/\/observatoire-asap.org\/index.php\/2022\/03\/30\/la-conservation-generalisee-et-indifferenciee-des-donnees-de-connexion-a-des-fins-de-preuve-penale-debat-entre-exigence-de-securite-et-respect-de-la-vie-privee\/\">La conservation g\u00e9n\u00e9ralis\u00e9e et indiff\u00e9renci\u00e9e des donn\u00e9es de connexion \u00e0 des fins de preuve p\u00e9nale<\/a> par <a href=\"http:\/\/observatoire-asap.org\/index.php\/2020\/10\/23\/marie-helene-gostiaux\/\">Marie H\u00e9l\u00e8ne Gostiaux<\/a> &nbsp;<\/li>\n\n\n\n<li><a href=\"http:\/\/observatoire-asap.org\/index.php\/2021\/06\/28\/de-limportance-dune-strategie-collective-en-matiere-de-cybersecurite\/\">De l\u2019importance d\u2019une strat\u00e9gie collective en mati\u00e8re de cybers\u00e9curit\u00e9<\/a> par <a href=\"http:\/\/observatoire-asap.org\/index.php\/2020\/10\/23\/marie-helene-gostiaux\/\">Marie H\u00e9l\u00e8ne Gostiaux<\/a><\/li>\n\n\n\n<li><a href=\"http:\/\/observatoire-asap.org\/index.php\/2021\/05\/26\/lintelligence-artificielle-une-technologie-a-la-croisee-des-sciences-quelle-regulation-aujourdhui\/\">L\u2019Intelligence artificielle, une technologie \u00e0 la crois\u00e9e des sciences&nbsp;: quelle r\u00e9gulation aujourd\u2019hui&nbsp;?<\/a> par <a href=\"http:\/\/observatoire-asap.org\/index.php\/2020\/10\/23\/marie-helene-gostiaux\/\">Marie-H\u00e9l\u00e8ne Gostiaux<\/a><\/li>\n\n\n\n<li><a href=\"http:\/\/observatoire-asap.org\/index.php\/2021\/04\/22\/big-data-et-droit-une-question-de-pouvoir-et-de-position-dominante\/\">Big Data et droit, une question de pouvoir et de position dominante<\/a> par <a href=\"http:\/\/observatoire-asap.org\/index.php\/2020\/10\/23\/marie-helene-gostiaux\/\">Marie H\u00e9l\u00e8ne Gostiaux<\/a><\/li>\n\n\n\n<li><a href=\"http:\/\/observatoire-asap.org\/index.php\/2021\/04\/20\/lusage-du-droit-en-matiere-de-communiques-de-presse\/\"><\/a><a href=\"http:\/\/observatoire-asap.org\/index.php\/2021\/04\/20\/lusage-du-droit-en-matiere-de-communiques-de-presse\/\">L\u2019usage des communiqu\u00e9s de presse par les acteurs du droit<\/a> par <a href=\"http:\/\/observatoire-asap.org\/index.php\/2021\/04\/06\/claire-cuvelier\/\">Claire Cuvelier<\/a><\/li>\n\n\n\n<li><a href=\"http:\/\/observatoire-asap.org\/index.php\/2021\/03\/31\/le-difficile-arbitrage-public-entre-ethique-et-transformation-numerique\/\">Le difficile arbitrage public entre \u00e9thique et transformation num\u00e9rique<\/a> par <a href=\"http:\/\/observatoire-asap.org\/index.php\/2020\/10\/23\/marie-helene-gostiaux\/\">Marie-H\u00e9l\u00e8ne Gostiaux<\/a><\/li>\n\n\n\n<li><a href=\"https:\/\/observatoire-asap.org\/index.php\/2021\/02\/17\/le-principe-de-responsabilite-pour-risques-environnementaux-2-2\/\">Le principe de responsabilit\u00e9 pour risques environnementaux (2\/2)<\/a> par <a href=\"https:\/\/observatoire-asap.org\/index.php\/2021\/02\/01\/marine-fouquet\/\">Marine Fouquet<\/a><\/li>\n\n\n\n<li><a href=\"https:\/\/observatoire-asap.org\/index.php\/2021\/02\/17\/droits-nationaux-et-societes-transnationales-le-cas-des-risques-environnementaux-1-2\/\">Droits nationaux et soci\u00e9t\u00e9s transnationales : le cas des risques environnementaux (1\/2)<\/a> par <a href=\"https:\/\/observatoire-asap.org\/index.php\/2021\/02\/01\/marine-fouquet\/\">Marine Fouquet<\/a><\/li>\n\n\n\n<li><a href=\"http:\/\/observatoire-asap.org\/index.php\/2020\/07\/13\/lactualite-legislative-et-reglementaire-francaise-du-1er-novembre-2019-au-1er-juillet-2020\/\">L\u2019actualit\u00e9 l\u00e9gislative et r\u00e9glementaire fran\u00e7aise du 1er novembre 2019 au 1er juillet 2020<\/a> par <a href=\"http:\/\/observatoire-asap.org\/index.php\/2020\/02\/14\/maite-guillemain\/\">Ma\u00eft\u00e9 Guillemain<\/a><\/li>\n\n\n\n<li><a href=\"http:\/\/observatoire-asap.org\/index.php\/2020\/02\/02\/le-droit-dauteur-des-agents-publics\/\">Le droit d\u2019auteur des agents publics<\/a> par <a href=\"http:\/\/observatoire-asap.org\/index.php\/2020\/02\/14\/maite-guillemain\/\">Ma\u00eft\u00e9 Guillemain<\/a><\/li>\n<\/ul>\n","protected":false},"excerpt":{"rendered":"","protected":false},"author":1,"featured_media":371,"parent":0,"menu_order":0,"comment_status":"closed","ping_status":"closed","template":"","meta":{"spay_email":"","footnotes":""},"class_list":["post-292","page","type-page","status-publish","has-post-thumbnail","hentry"],"yoast_head":"<!-- This site is optimized with the Yoast SEO plugin v24.9 - https:\/\/yoast.com\/wordpress\/plugins\/seo\/ -->\n<title>Juridique -<\/title>\n<meta name=\"robots\" content=\"index, follow, max-snippet:-1, max-image-preview:large, max-video-preview:-1\" \/>\n<link rel=\"canonical\" href=\"https:\/\/observatoire-asap.org\/index.php\/veille-juridique\/\" \/>\n<meta property=\"og:locale\" content=\"fr_FR\" \/>\n<meta property=\"og:type\" content=\"article\" \/>\n<meta property=\"og:title\" content=\"Juridique -\" \/>\n<meta property=\"og:url\" content=\"https:\/\/observatoire-asap.org\/index.php\/veille-juridique\/\" \/>\n<meta property=\"article:publisher\" content=\"https:\/\/facebook.com\/fabrice.hamelin.1\" \/>\n<meta property=\"article:modified_time\" content=\"2025-07-14T12:03:17+00:00\" \/>\n<meta property=\"og:image\" content=\"https:\/\/observatoire-asap.org\/wp-content\/uploads\/2020\/07\/Post-Actu-Reglementaire.png\" \/>\n\t<meta property=\"og:image:width\" content=\"1333\" \/>\n\t<meta property=\"og:image:height\" content=\"625\" \/>\n\t<meta property=\"og:image:type\" content=\"image\/png\" \/>\n<meta name=\"twitter:card\" content=\"summary_large_image\" \/>\n<meta name=\"twitter:label1\" content=\"Dur\u00e9e de lecture estim\u00e9e\" \/>\n\t<meta name=\"twitter:data1\" content=\"2 minutes\" \/>\n<script type=\"application\/ld+json\" class=\"yoast-schema-graph\">{\"@context\":\"https:\/\/schema.org\",\"@graph\":[{\"@type\":\"WebPage\",\"@id\":\"https:\/\/observatoire-asap.org\/index.php\/veille-juridique\/\",\"url\":\"https:\/\/observatoire-asap.org\/index.php\/veille-juridique\/\",\"name\":\"Juridique -\",\"isPartOf\":{\"@id\":\"http:\/\/observatoire-asap.org\/#website\"},\"primaryImageOfPage\":{\"@id\":\"https:\/\/observatoire-asap.org\/index.php\/veille-juridique\/#primaryimage\"},\"image\":{\"@id\":\"https:\/\/observatoire-asap.org\/index.php\/veille-juridique\/#primaryimage\"},\"thumbnailUrl\":\"https:\/\/observatoire-asap.org\/wp-content\/uploads\/2020\/07\/Post-Actu-Reglementaire.png\",\"datePublished\":\"2020-07-13T08:26:24+00:00\",\"dateModified\":\"2025-07-14T12:03:17+00:00\",\"breadcrumb\":{\"@id\":\"https:\/\/observatoire-asap.org\/index.php\/veille-juridique\/#breadcrumb\"},\"inLanguage\":\"fr-FR\",\"potentialAction\":[{\"@type\":\"ReadAction\",\"target\":[\"https:\/\/observatoire-asap.org\/index.php\/veille-juridique\/\"]}]},{\"@type\":\"ImageObject\",\"inLanguage\":\"fr-FR\",\"@id\":\"https:\/\/observatoire-asap.org\/index.php\/veille-juridique\/#primaryimage\",\"url\":\"https:\/\/observatoire-asap.org\/wp-content\/uploads\/2020\/07\/Post-Actu-Reglementaire.png\",\"contentUrl\":\"https:\/\/observatoire-asap.org\/wp-content\/uploads\/2020\/07\/Post-Actu-Reglementaire.png\",\"width\":1333,\"height\":625},{\"@type\":\"BreadcrumbList\",\"@id\":\"https:\/\/observatoire-asap.org\/index.php\/veille-juridique\/#breadcrumb\",\"itemListElement\":[{\"@type\":\"ListItem\",\"position\":1,\"name\":\"Accueil\",\"item\":\"http:\/\/observatoire-asap.org\/\"},{\"@type\":\"ListItem\",\"position\":2,\"name\":\"Juridique\"}]},{\"@type\":\"WebSite\",\"@id\":\"http:\/\/observatoire-asap.org\/#website\",\"url\":\"http:\/\/observatoire-asap.org\/\",\"name\":\"Action Soci\u00e9tale et Action Publique\",\"description\":\"\",\"publisher\":{\"@id\":\"http:\/\/observatoire-asap.org\/#organization\"},\"potentialAction\":[{\"@type\":\"SearchAction\",\"target\":{\"@type\":\"EntryPoint\",\"urlTemplate\":\"http:\/\/observatoire-asap.org\/?s={search_term_string}\"},\"query-input\":{\"@type\":\"PropertyValueSpecification\",\"valueRequired\":true,\"valueName\":\"search_term_string\"}}],\"inLanguage\":\"fr-FR\"},{\"@type\":\"Organization\",\"@id\":\"http:\/\/observatoire-asap.org\/#organization\",\"name\":\"Laboratoire ASAP\",\"url\":\"http:\/\/observatoire-asap.org\/\",\"logo\":{\"@type\":\"ImageObject\",\"inLanguage\":\"fr-FR\",\"@id\":\"http:\/\/observatoire-asap.org\/#\/schema\/logo\/image\/\",\"url\":\"https:\/\/observatoire-asap.org\/wp-content\/uploads\/2022\/01\/cropped-cropped-ASAP_Plan-de-travail-1.png\",\"contentUrl\":\"https:\/\/observatoire-asap.org\/wp-content\/uploads\/2022\/01\/cropped-cropped-ASAP_Plan-de-travail-1.png\",\"width\":1345,\"height\":426,\"caption\":\"Laboratoire ASAP\"},\"image\":{\"@id\":\"http:\/\/observatoire-asap.org\/#\/schema\/logo\/image\/\"},\"sameAs\":[\"https:\/\/facebook.com\/fabrice.hamelin.1\"]}]}<\/script>\n<!-- \/ Yoast SEO plugin. -->","yoast_head_json":{"title":"Juridique -","robots":{"index":"index","follow":"follow","max-snippet":"max-snippet:-1","max-image-preview":"max-image-preview:large","max-video-preview":"max-video-preview:-1"},"canonical":"https:\/\/observatoire-asap.org\/index.php\/veille-juridique\/","og_locale":"fr_FR","og_type":"article","og_title":"Juridique -","og_url":"https:\/\/observatoire-asap.org\/index.php\/veille-juridique\/","article_publisher":"https:\/\/facebook.com\/fabrice.hamelin.1","article_modified_time":"2025-07-14T12:03:17+00:00","og_image":[{"width":1333,"height":625,"url":"https:\/\/observatoire-asap.org\/wp-content\/uploads\/2020\/07\/Post-Actu-Reglementaire.png","type":"image\/png"}],"twitter_card":"summary_large_image","twitter_misc":{"Dur\u00e9e de lecture estim\u00e9e":"2 minutes"},"schema":{"@context":"https:\/\/schema.org","@graph":[{"@type":"WebPage","@id":"https:\/\/observatoire-asap.org\/index.php\/veille-juridique\/","url":"https:\/\/observatoire-asap.org\/index.php\/veille-juridique\/","name":"Juridique -","isPartOf":{"@id":"http:\/\/observatoire-asap.org\/#website"},"primaryImageOfPage":{"@id":"https:\/\/observatoire-asap.org\/index.php\/veille-juridique\/#primaryimage"},"image":{"@id":"https:\/\/observatoire-asap.org\/index.php\/veille-juridique\/#primaryimage"},"thumbnailUrl":"https:\/\/observatoire-asap.org\/wp-content\/uploads\/2020\/07\/Post-Actu-Reglementaire.png","datePublished":"2020-07-13T08:26:24+00:00","dateModified":"2025-07-14T12:03:17+00:00","breadcrumb":{"@id":"https:\/\/observatoire-asap.org\/index.php\/veille-juridique\/#breadcrumb"},"inLanguage":"fr-FR","potentialAction":[{"@type":"ReadAction","target":["https:\/\/observatoire-asap.org\/index.php\/veille-juridique\/"]}]},{"@type":"ImageObject","inLanguage":"fr-FR","@id":"https:\/\/observatoire-asap.org\/index.php\/veille-juridique\/#primaryimage","url":"https:\/\/observatoire-asap.org\/wp-content\/uploads\/2020\/07\/Post-Actu-Reglementaire.png","contentUrl":"https:\/\/observatoire-asap.org\/wp-content\/uploads\/2020\/07\/Post-Actu-Reglementaire.png","width":1333,"height":625},{"@type":"BreadcrumbList","@id":"https:\/\/observatoire-asap.org\/index.php\/veille-juridique\/#breadcrumb","itemListElement":[{"@type":"ListItem","position":1,"name":"Accueil","item":"http:\/\/observatoire-asap.org\/"},{"@type":"ListItem","position":2,"name":"Juridique"}]},{"@type":"WebSite","@id":"http:\/\/observatoire-asap.org\/#website","url":"http:\/\/observatoire-asap.org\/","name":"Action Soci\u00e9tale et Action Publique","description":"","publisher":{"@id":"http:\/\/observatoire-asap.org\/#organization"},"potentialAction":[{"@type":"SearchAction","target":{"@type":"EntryPoint","urlTemplate":"http:\/\/observatoire-asap.org\/?s={search_term_string}"},"query-input":{"@type":"PropertyValueSpecification","valueRequired":true,"valueName":"search_term_string"}}],"inLanguage":"fr-FR"},{"@type":"Organization","@id":"http:\/\/observatoire-asap.org\/#organization","name":"Laboratoire ASAP","url":"http:\/\/observatoire-asap.org\/","logo":{"@type":"ImageObject","inLanguage":"fr-FR","@id":"http:\/\/observatoire-asap.org\/#\/schema\/logo\/image\/","url":"https:\/\/observatoire-asap.org\/wp-content\/uploads\/2022\/01\/cropped-cropped-ASAP_Plan-de-travail-1.png","contentUrl":"https:\/\/observatoire-asap.org\/wp-content\/uploads\/2022\/01\/cropped-cropped-ASAP_Plan-de-travail-1.png","width":1345,"height":426,"caption":"Laboratoire ASAP"},"image":{"@id":"http:\/\/observatoire-asap.org\/#\/schema\/logo\/image\/"},"sameAs":["https:\/\/facebook.com\/fabrice.hamelin.1"]}]}},"_links":{"self":[{"href":"https:\/\/observatoire-asap.org\/index.php\/wp-json\/wp\/v2\/pages\/292","targetHints":{"allow":["GET"]}}],"collection":[{"href":"https:\/\/observatoire-asap.org\/index.php\/wp-json\/wp\/v2\/pages"}],"about":[{"href":"https:\/\/observatoire-asap.org\/index.php\/wp-json\/wp\/v2\/types\/page"}],"author":[{"embeddable":true,"href":"https:\/\/observatoire-asap.org\/index.php\/wp-json\/wp\/v2\/users\/1"}],"replies":[{"embeddable":true,"href":"https:\/\/observatoire-asap.org\/index.php\/wp-json\/wp\/v2\/comments?post=292"}],"version-history":[{"count":29,"href":"https:\/\/observatoire-asap.org\/index.php\/wp-json\/wp\/v2\/pages\/292\/revisions"}],"predecessor-version":[{"id":6267,"href":"https:\/\/observatoire-asap.org\/index.php\/wp-json\/wp\/v2\/pages\/292\/revisions\/6267"}],"wp:featuredmedia":[{"embeddable":true,"href":"https:\/\/observatoire-asap.org\/index.php\/wp-json\/wp\/v2\/media\/371"}],"wp:attachment":[{"href":"https:\/\/observatoire-asap.org\/index.php\/wp-json\/wp\/v2\/media?parent=292"}],"curies":[{"name":"wp","href":"https:\/\/api.w.org\/{rel}","templated":true}]}}