{"id":287,"date":"2020-07-13T10:23:16","date_gmt":"2020-07-13T08:23:16","guid":{"rendered":"http:\/\/observatoire-asap.org\/?page_id=287"},"modified":"2026-02-04T20:33:47","modified_gmt":"2026-02-04T19:33:47","slug":"economie","status":"publish","type":"page","link":"https:\/\/observatoire-asap.org\/index.php\/economie\/","title":{"rendered":"\u00c9conomie"},"content":{"rendered":"\n<ul class=\"wp-block-list\">\n<li><a href=\"https:\/\/observatoire-asap.org\/index.php\/2026\/02\/04\/quels-leviers-activer-pour-reussir-la-transition-vers-leconomie-circulaire\/\">Quels leviers activer pour r\u00e9ussir la transition vers l&rsquo;\u00e9conomie circulaire ?<\/a> par <a href=\"http:\/\/observatoire-asap.org\/index.php\/2023\/12\/01\/nabila-arfaoui\/\">Nabila Arfaoui<\/a> <\/li>\n\n\n\n<li><a href=\"https:\/\/observatoire-asap.org\/index.php\/2025\/11\/16\/se-rapprocher-pour-mieux-boucler-la-boucle-comment-la-proximite-stimule-leconomie-circulaire\/\">Se rapprocher pour mieux boucler la boucle : comment la proximit\u00e9 stimule l\u2019\u00e9conomie circulaire<\/a> par <a href=\"http:\/\/observatoire-asap.org\/index.php\/2023\/12\/01\/nabila-arfaoui\/\">Nabila Arfaoui<\/a><\/li>\n\n\n\n<li><a href=\"http:\/\/observatoire-asap.org\/index.php\/2025\/09\/22\/politiques-publiques-et-entrepreneuriat-feminin-un-rendez-vous-manque\/\">Politiques publiques et entrepreneuriat f\u00e9minin : un rendez-vous manqu\u00e9 ?<\/a> par <a href=\"https:\/\/observatoire-asap.org\/index.php\/2025\/09\/19\/pauline-gibard\/\">Pauline Gibard<\/a>&nbsp;et&nbsp;<a href=\"http:\/\/observatoire-asap.org\/index.php\/2020\/11\/29\/marie-christine-chalus-sauvannet\/\">Marie-Christine Chalus-Sauvannet<\/a><\/li>\n\n\n\n<li><a href=\"http:\/\/observatoire-asap.org\/index.php\/2025\/04\/17\/comment-le-revenu-des-pays-faconne-la-crise-climatique-mondiale\/\">Comment le revenu des pays fa\u00e7onne la crise climatique mondiale ?<\/a> par <a href=\"http:\/\/observatoire-asap.org\/index.php\/2024\/07\/06\/hela-nammouri\/\">Hela Nammouri<\/a>&nbsp;et&nbsp;<a href=\"http:\/\/observatoire-asap.org\/index.php\/2023\/10\/25\/sami-ben-jabeur\/\">Sami Ben Jabeur<\/a><\/li>\n\n\n\n<li><a href=\"https:\/\/observatoire-asap.org\/index.php\/2025\/02\/03\/les-dividendes-enrichissent-ils-les-actionnaires\/\">Les dividendes enrichissent ils les actionnaires ?<\/a> par <a href=\"https:\/\/observatoire-asap.org\/index.php\/2021\/04\/07\/eric-severin\/\">Eric S\u00e9verin<\/a>&nbsp;et&nbsp;<a href=\"http:\/\/observatoire-asap.org\/index.php\/2022\/03\/17\/david-veganzones\/\">David Veganzones<\/a><\/li>\n\n\n\n<li><a href=\"http:\/\/observatoire-asap.org\/index.php\/2024\/07\/06\/le-marche-du-carbone-face-aux-enjeux-climatiques\/\">Le march\u00e9 du carbone face aux enjeux climatiques<\/a> par <a href=\"http:\/\/observatoire-asap.org\/index.php\/2024\/07\/06\/hela-nammouri\/\">Hela Nammouri<\/a>&nbsp;et&nbsp;<a href=\"http:\/\/observatoire-asap.org\/index.php\/2023\/10\/25\/sami-ben-jabeur\/\">Sami Ben Jabeur<\/a><\/li>\n\n\n\n<li><a href=\"http:\/\/observatoire-asap.org\/index.php\/2024\/05\/31\/la-question-des-investissements-en-europe-enjeux-et-defis\/\">La question des investissements en Europe : enjeux et d\u00e9fis<\/a> par <a href=\"http:\/\/observatoire-asap.org\/index.php\/2020\/11\/16\/eric-le-tallec\/\">Eric le Tallec<\/a><\/li>\n\n\n\n<li><a href=\"http:\/\/observatoire-asap.org\/index.php\/2024\/04\/19\/lagriculture-une-industrie-dextraction-comme-les-autres\/\">L&rsquo;agriculture, une \u00e9conomie d&rsquo;extraction comme les autres ?<\/a> par <a href=\"http:\/\/observatoire-asap.org\/index.php\/2022\/08\/18\/laurent-tarnaud\/\">Laurent Tarnaud<\/a><\/li>\n\n\n\n<li><a href=\"http:\/\/observatoire-asap.org\/index.php\/2023\/12\/01\/changement-climatique-et-risque-dinondation-les-solutions-fondees-sur-la-nature-sfn-sont-elles-plus-efficaces\/\">Changement climatique et risque d&rsquo;inondation : les Solutions Fond\u00e9es sur la Nature (SFN) sont-elles plus efficaces ?<\/a> par <a href=\"http:\/\/observatoire-asap.org\/index.php\/2023\/12\/01\/nabila-arfaoui\/\">Nabila Arfaoui<\/a><\/li>\n\n\n\n<li><a href=\"https:\/\/observatoire-asap.org\/index.php\/2023\/11\/21\/elements-de-synthese-des-fusions-acquisitions-en-2023-perspectives-pour-lannee-2024\/\">El\u00e9ments de synth\u00e8se des F&amp;A en 2023 : les perspectives 2024<\/a> par <a href=\"https:\/\/observatoire-asap.org\/index.php\/2020\/02\/02\/olivier-meier\/\">O. Meier<\/a> et <a href=\"https:\/\/observatoire-asap.org\/index.php\/2020\/11\/23\/anne-sophie-thelisson\/\">A-S Thelisson<\/a><\/li>\n\n\n\n<li><a href=\"https:\/\/observatoire-asap.org\/index.php\/2023\/10\/05\/les-prix-du-vin-en-economie-une-analyse-bibliometrique\/\">Les prix du vin en \u00e9conomie : une analyse bibliom\u00e9trique<\/a> par <a href=\"http:\/\/observatoire-asap.org\/index.php\/2020\/11\/23\/anne-sophie-thelisson\/\">Anne-Sophie Thelisson<\/a>, <a href=\"http:\/\/observatoire-asap.org\/index.php\/2023\/06\/05\/eric-le-fur\/\">Eric Le Fur<\/a> et <a href=\"http:\/\/observatoire-asap.org\/index.php\/2023\/01\/16\/olivier-guyottot\/\">Olivier Guyottot<\/a><\/li>\n\n\n\n<li><a href=\"http:\/\/observatoire-asap.org\/index.php\/2023\/01\/30\/les-universites-et-l-economie-de-la-connaissance\/\">Les universit\u00e9s et l'\u00a0\u00bb\u00e9conomie de la connaissance\u00a0\u00bb<\/a> par <a href=\"http:\/\/observatoire-asap.org\/index.php\/2022\/04\/27\/corentin-mariette\/\">Corentin Mariette<\/a><\/li>\n\n\n\n<li><a href=\"http:\/\/observatoire-asap.org\/index.php\/2022\/11\/02\/le-droit-a-lerreur-une-question-denvironnement\/\">Le droit \u00e0 l&rsquo;erreur : une question d&rsquo;environnement ?<\/a> par <a href=\"http:\/\/observatoire-asap.org\/index.php\/2022\/04\/20\/loic-le-morlec\/\">Lo\u00efc Le Morlec<\/a><\/li>\n\n\n\n<li><a href=\"http:\/\/observatoire-asap.org\/index.php\/2022\/10\/25\/culture-de-lincertitude-ou-culture-du-risque-ce-nest-pas-quune-question-de-choix\/\">Culture de l&rsquo;incertitude ou culture du risque : ce n&rsquo;est pas qu&rsquo;une question de choix<\/a> par <a href=\"http:\/\/observatoire-asap.org\/index.php\/2022\/04\/20\/loic-le-morlec\/\">Lo\u00efc Le Morlec<\/a><\/li>\n\n\n\n<li><a href=\"http:\/\/observatoire-asap.org\/index.php\/2022\/08\/01\/le-retour-de-la-croissance-economique-au-liban-un-reve-encore-inaccessible\/\">Le retour de la croissance \u00e9conomique au Liban : un r\u00eave encore inaccessible ?<\/a> par <a href=\"http:\/\/observatoire-asap.org\/index.php\/2022\/08\/01\/jean-francois-verne\/\">Jean-Fran\u00e7ois Verne<\/a><\/li>\n\n\n\n<li><a href=\"http:\/\/observatoire-asap.org\/index.php\/2022\/05\/29\/la-temporalisation-de-lintegration-post-fusion-le-cas-de-rapprochements-dans-lenseignement-superieur-et-de-la-recherche\/\">La temporalisation de l\u2019int\u00e9gration post-fusion&nbsp;: le cas de rapprochements dans l\u2019enseignement sup\u00e9rieur et de la recherche<\/a> par <a href=\"http:\/\/observatoire-asap.org\/index.php\/2020\/11\/18\/julien-fernando\/\">Julien Fernando<\/a> et <a href=\"http:\/\/observatoire-asap.org\/index.php\/2020\/02\/02\/olivier-meier\/\">Olivier Meier<\/a><\/li>\n\n\n\n<li><a href=\"http:\/\/observatoire-asap.org\/index.php\/2022\/04\/12\/developpement-durable-et-achats-responsables-enjeux-economiques-et-societaux\/\">D\u00e9veloppement durable et achats responsables&nbsp;: enjeux \u00e9conomiques et soci\u00e9taux<\/a> par <a href=\"http:\/\/observatoire-asap.org\/index.php\/2020\/11\/13\/elizabeth-couzineau-zegwaard\/\">Elizabeth Couzineau-Zegwaard<\/a> et <a href=\"http:\/\/observatoire-asap.org\/index.php\/2022\/04\/06\/catherine-lafarge\/\">Catherine Lafarge<\/a><\/li>\n\n\n\n<li><a href=\"http:\/\/observatoire-asap.org\/index.php\/2022\/03\/17\/levolution-et-etat-des-lieux-des-reglementations-des-faillites\/\">L&rsquo;\u00e9volution et \u00e9tat des lieux des r\u00e8glementations des faillites<\/a> par <a href=\"https:\/\/observatoire-asap.org\/index.php\/2021\/04\/07\/eric-severin\/\">Eric S\u00e9verin<\/a> et <a href=\"http:\/\/observatoire-asap.org\/index.php\/2022\/03\/17\/david-veganzones\/\">David Veganzones<\/a><\/li>\n\n\n\n<li><a href=\"http:\/\/observatoire-asap.org\/index.php\/2022\/03\/17\/comparaison-internationale-des-reglementations-sur-les-faillites\/\">Comparaison internationale des r\u00e9glementations sur les faillites<\/a> par <a href=\"https:\/\/observatoire-asap.org\/index.php\/2021\/04\/07\/eric-severin\/\">Eric S\u00e9verin<\/a> et <a href=\"http:\/\/observatoire-asap.org\/index.php\/2022\/03\/17\/david-veganzones\/\">David Veganzones<\/a><\/li>\n\n\n\n<li><a href=\"http:\/\/observatoire-asap.org\/index.php\/2022\/03\/16\/collaboration-entre-secteur-public-et-monde-de-lentreprise-lintelligence-collective-au-service-dune-strategie-industrielle\/\">Collaboration entre secteur public et monde de l&rsquo;entreprise. L&rsquo;intelligence collective au service d&rsquo;une strat\u00e9gie industrielle<\/a> par <a href=\"http:\/\/observatoire-asap.org\/index.php\/2020\/11\/16\/eric-le-tallec\/\">Eric le Tallec<\/a><\/li>\n\n\n\n<li><a href=\"http:\/\/observatoire-asap.org\/index.php\/2021\/07\/03\/hydrogene-filiere-davenir-pour-le-developpement-des-regions-et-de-lemploi\/\">Hydrog\u00e8ne : fili\u00e8re d&rsquo;avenir pour le d\u00e9veloppement des r\u00e9gions et de l&#8217;emploi <\/a>par <a href=\"http:\/\/observatoire-asap.org\/index.php\/2020\/11\/16\/eric-le-tallec\/\">Eric le Tallec<\/a><\/li>\n\n\n\n<li><a href=\"http:\/\/observatoire-asap.org\/index.php\/2021\/06\/24\/comment-les-partenariats-public-prive-emergent-operent-et-se-developpent-dans-les-economies-emergentes\/\">Comment les PPP se d\u00e9veloppent et op\u00e8rent dans les \u00e9conomies \u00e9mergentes ?<\/a> par <a href=\"http:\/\/observatoire-asap.org\/index.php\/2021\/06\/24\/carla-bader\/\">Carla Bader<\/a>,&nbsp;<a href=\"http:\/\/observatoire-asap.org\/index.php\/2021\/06\/24\/zoe-le-squeren\/\">Zo\u00e9 Le Squeren<\/a> et <a href=\"https:\/\/observatoire-asap.org\/index.php\/2021\/02\/19\/xavier-lecocq\/\">Xavier Lecocq<\/a>  <\/li>\n\n\n\n<li><a href=\"http:\/\/observatoire-asap.org\/index.php\/2021\/04\/07\/chaines-logistiques-a-la-merci-de-grains-de-sable\/\">Cha\u00eenes logistiques&nbsp;: \u00e0 la merci de grains de sable<\/a> par <a href=\"http:\/\/observatoire-asap.org\/index.php\/2021\/04\/07\/gilles-pache\/\">Gilles Pach\u00e9<\/a><\/li>\n\n\n\n<li><a href=\"http:\/\/observatoire-asap.org\/index.php\/2021\/03\/15\/record-en-demi-teinte-du-nombre-de-creation-dentreprises-nouveaux-defis-pour-les-politiques-publiques-entrepreneuriales\/\">Nombre de cr\u00e9ation d\u2019entreprises et politique publique entrepreneuriale: nouveaux d\u00e9fis<\/a> par <a href=\"http:\/\/observatoire-asap.org\/wp-admin\/post.php?post=1340&amp;action=edit\">Karim Messeghem<\/a><\/li>\n\n\n\n<li><a href=\"http:\/\/observatoire-asap.org\/index.php\/2021\/03\/15\/les-risques-financiers-climatiques\/\">Les risques financiers climatiques<\/a> par <a href=\"http:\/\/observatoire-asap.org\/index.php\/2021\/03\/15\/gael-giraud\/\">Ga\u00ebl Giraud<\/a>,&nbsp;<a href=\"http:\/\/observatoire-asap.org\/index.php\/2021\/03\/15\/christian-nicol\/\">Christian Nicol<\/a> et <a href=\"http:\/\/observatoire-asap.org\/wp-admin\/post.php?post=718&amp;action=edit\">Isabelle Nicola\u00ef<\/a><\/li>\n\n\n\n<li><a href=\"http:\/\/observatoire-asap.org\/index.php\/2021\/04\/27\/penser-lapres-covid-19-linnovation-comme-levier-strategique\/\">Penser l\u2019apr\u00e8s COVID-19&nbsp;: l\u2019innovation comme levier strat\u00e9gique&nbsp;?<\/a> par <a href=\"http:\/\/observatoire-asap.org\/index.php\/2020\/11\/13\/elizabeth-couzineau-zegwaard\/\">Elizabeth Couzineau-Zegwaard<\/a> et <a href=\"http:\/\/observatoire-asap.org\/index.php\/2021\/04\/27\/nicolas-anne\/\">Nicolas Anne<\/a><\/li>\n\n\n\n<li><a href=\"http:\/\/observatoire-asap.org\/index.php\/2021\/02\/10\/comment-evaluer-les-impacts-socio-economiques-dun-dispositif-public\/\">Comment \u00e9valuer les impacts socio-\u00e9conomiques d\u2019un dispositif public&nbsp;?<\/a> par <a href=\"http:\/\/observatoire-asap.org\/index.php\/2021\/02\/05\/henri-savall\/\">Henri Savall<\/a> et <a href=\"http:\/\/observatoire-asap.org\/index.php\/2021\/02\/05\/francoise-goter\/\">Fran\u00e7oise Goter<\/a><\/li>\n\n\n\n<li><a href=\"http:\/\/observatoire-asap.org\/index.php\/2021\/01\/29\/quand-les-foncieres-se-musclent-pour-repondre-aux-enjeux-du-grand-paris-les-enjeux-dune-fusion-public-prive\/\">Quand les fonci\u00e8res se musclent face aux enjeux du Grand Paris : le cas d\u2019une fusion public-priv\u00e9<\/a> par <a href=\"http:\/\/observatoire-asap.org\/index.php\/2020\/11\/23\/anne-sophie-thelisson\/\">Anne-Sophie Thelisson<\/a><\/li>\n\n\n\n<li><a href=\"http:\/\/observatoire-asap.org\/index.php\/2021\/01\/26\/la-fusion-psa-fiat-chrysler-la-perte-dun-fleuron-industriel-francais\/\">La fusion PSA &#8211; Fiat Chrysler, la perte d&rsquo;un fleuron industriel fran\u00e7ais?<\/a> par <a href=\"http:\/\/observatoire-asap.org\/index.php\/2020\/11\/21\/ulrike-mayrhofer\/\">Ulrike Mayrhofer<\/a><\/li>\n\n\n\n<li><a href=\"http:\/\/observatoire-asap.org\/index.php\/2020\/11\/30\/comprendre-lopposition-et-ses-modalites-dans-le-processus-dinnovation-organisationnelle\/\">Comprendre l\u2019opposition et ses modalit\u00e9s dans le processus d\u2019innovation<\/a> par <a href=\"http:\/\/observatoire-asap.org\/index.php\/2020\/11\/30\/sebastien-knockaert\/\">S\u00e9bastien Knockaert<\/a> et<a href=\"http:\/\/observatoire-asap.org\/index.php\/2020\/02\/14\/francois-grima\/\"> Fran\u00e7ois Grima<\/a><\/li>\n\n\n\n<li><a href=\"http:\/\/observatoire-asap.org\/index.php\/2020\/11\/28\/processus-de-decisions-et-investissements-environnementaux\/\">Processus de d\u00e9cisions et investissements environnementaux<\/a> par <a href=\"http:\/\/observatoire-asap.org\/index.php\/2020\/11\/26\/guillaume-schier\/\">Guillaume Schier<\/a><\/li>\n\n\n\n<li><a href=\"http:\/\/observatoire-asap.org\/index.php\/2020\/11\/19\/laction-publique-rehabilitee-dans-laction-economique-relance-et-croissance\/\">L\u2019action publique r\u00e9habilit\u00e9e dans l\u2019action \u00e9conomique : relance et croissance<\/a> par <a href=\"http:\/\/observatoire-asap.org\/index.php\/2020\/11\/13\/elizabeth-couzineau-zegwaard\/\">Elizabeth Couzineau-Zegwaard<\/a><\/li>\n\n\n\n<li><a href=\"http:\/\/observatoire-asap.org\/index.php\/2020\/11\/20\/le-changement-et-linnovation-au-sein-des-organisations-a-travers-lapproche-de-la-deviance-positive\/\">Le changement et l\u2019innovation au sein des organisations \u00e0 travers la d\u00e9viance positive<\/a><em> <\/em>par <a href=\"http:\/\/observatoire-asap.org\/index.php\/2020\/11\/06\/mathilde-briere\/\">Mathilde Bri\u00e8re<\/a> et <a href=\"http:\/\/observatoire-asap.org\/index.php\/2020\/02\/27\/jeanne-le-roy\/\">Jeanne Le Roy<\/a><\/li>\n\n\n\n<li><a href=\"http:\/\/observatoire-asap.org\/index.php\/2020\/02\/26\/innovation-publique-et-pole-de-competitivite-vers-un-desengagement-de-letat\/\"> Innovation publique et P\u00f4le de comp\u00e9titivit\u00e9 : vers un d\u00e9sengagement de l\u2019\u00c9tat<\/a> par <a href=\"http:\/\/observatoire-asap.org\/index.php\/2020\/02\/02\/olivier-meier\/\">Olivier Meier<\/a><\/li>\n\n\n\n<li><a href=\"http:\/\/observatoire-asap.org\/index.php\/2020\/07\/16\/quelle-place-pour-letat-dans-le-dialogue-social-dans-les-tres-petites-entreprises-une-lecture-critique\/\">Quelle place pour l\u2019\u00c9tat dans le dialogue social dans les TPE ? Une lecture critique <\/a>par <a href=\"http:\/\/observatoire-asap.org\/index.php\/2020\/02\/14\/francois-grima\/\">Fran\u00e7ois Grima<\/a> et <a href=\"http:\/\/observatoire-asap.org\/index.php\/2020\/07\/21\/philippe-sin\/\">Philippe Sin<\/a><\/li>\n<\/ul>\n","protected":false},"excerpt":{"rendered":"","protected":false},"author":1,"featured_media":284,"parent":0,"menu_order":0,"comment_status":"closed","ping_status":"closed","template":"","meta":{"spay_email":"","footnotes":""},"class_list":["post-287","page","type-page","status-publish","has-post-thumbnail","hentry"],"yoast_head":"<!-- This site is optimized with the Yoast SEO plugin v24.9 - https:\/\/yoast.com\/wordpress\/plugins\/seo\/ -->\n<title>\u00c9conomie -<\/title>\n<meta name=\"robots\" content=\"index, follow, max-snippet:-1, max-image-preview:large, max-video-preview:-1\" \/>\n<link rel=\"canonical\" href=\"https:\/\/observatoire-asap.org\/index.php\/economie\/\" \/>\n<meta property=\"og:locale\" content=\"fr_FR\" \/>\n<meta property=\"og:type\" content=\"article\" \/>\n<meta property=\"og:title\" content=\"\u00c9conomie -\" \/>\n<meta property=\"og:url\" content=\"https:\/\/observatoire-asap.org\/index.php\/economie\/\" \/>\n<meta property=\"article:publisher\" content=\"https:\/\/facebook.com\/fabrice.hamelin.1\" \/>\n<meta property=\"article:modified_time\" content=\"2026-02-04T19:33:47+00:00\" \/>\n<meta property=\"og:image\" content=\"http:\/\/observatoire-asap.org\/wp-content\/uploads\/2020\/07\/Innovation-nouvelle-generation_imagefull.jpg\" \/>\n\t<meta property=\"og:image:width\" content=\"630\" \/>\n\t<meta property=\"og:image:height\" content=\"418\" \/>\n\t<meta property=\"og:image:type\" content=\"image\/jpeg\" \/>\n<meta name=\"twitter:card\" content=\"summary_large_image\" \/>\n<meta name=\"twitter:label1\" content=\"Dur\u00e9e de lecture estim\u00e9e\" \/>\n\t<meta name=\"twitter:data1\" content=\"3 minutes\" \/>\n<script type=\"application\/ld+json\" class=\"yoast-schema-graph\">{\"@context\":\"https:\/\/schema.org\",\"@graph\":[{\"@type\":\"WebPage\",\"@id\":\"https:\/\/observatoire-asap.org\/index.php\/economie\/\",\"url\":\"https:\/\/observatoire-asap.org\/index.php\/economie\/\",\"name\":\"\u00c9conomie -\",\"isPartOf\":{\"@id\":\"http:\/\/observatoire-asap.org\/#website\"},\"primaryImageOfPage\":{\"@id\":\"https:\/\/observatoire-asap.org\/index.php\/economie\/#primaryimage\"},\"image\":{\"@id\":\"https:\/\/observatoire-asap.org\/index.php\/economie\/#primaryimage\"},\"thumbnailUrl\":\"https:\/\/observatoire-asap.org\/wp-content\/uploads\/2020\/07\/Innovation-nouvelle-generation_imagefull.jpg\",\"datePublished\":\"2020-07-13T08:23:16+00:00\",\"dateModified\":\"2026-02-04T19:33:47+00:00\",\"breadcrumb\":{\"@id\":\"https:\/\/observatoire-asap.org\/index.php\/economie\/#breadcrumb\"},\"inLanguage\":\"fr-FR\",\"potentialAction\":[{\"@type\":\"ReadAction\",\"target\":[\"https:\/\/observatoire-asap.org\/index.php\/economie\/\"]}]},{\"@type\":\"ImageObject\",\"inLanguage\":\"fr-FR\",\"@id\":\"https:\/\/observatoire-asap.org\/index.php\/economie\/#primaryimage\",\"url\":\"https:\/\/observatoire-asap.org\/wp-content\/uploads\/2020\/07\/Innovation-nouvelle-generation_imagefull.jpg\",\"contentUrl\":\"https:\/\/observatoire-asap.org\/wp-content\/uploads\/2020\/07\/Innovation-nouvelle-generation_imagefull.jpg\",\"width\":630,\"height\":418},{\"@type\":\"BreadcrumbList\",\"@id\":\"https:\/\/observatoire-asap.org\/index.php\/economie\/#breadcrumb\",\"itemListElement\":[{\"@type\":\"ListItem\",\"position\":1,\"name\":\"Accueil\",\"item\":\"http:\/\/observatoire-asap.org\/\"},{\"@type\":\"ListItem\",\"position\":2,\"name\":\"\u00c9conomie\"}]},{\"@type\":\"WebSite\",\"@id\":\"http:\/\/observatoire-asap.org\/#website\",\"url\":\"http:\/\/observatoire-asap.org\/\",\"name\":\"Action Soci\u00e9tale et Action Publique\",\"description\":\"\",\"publisher\":{\"@id\":\"http:\/\/observatoire-asap.org\/#organization\"},\"potentialAction\":[{\"@type\":\"SearchAction\",\"target\":{\"@type\":\"EntryPoint\",\"urlTemplate\":\"http:\/\/observatoire-asap.org\/?s={search_term_string}\"},\"query-input\":{\"@type\":\"PropertyValueSpecification\",\"valueRequired\":true,\"valueName\":\"search_term_string\"}}],\"inLanguage\":\"fr-FR\"},{\"@type\":\"Organization\",\"@id\":\"http:\/\/observatoire-asap.org\/#organization\",\"name\":\"Laboratoire ASAP\",\"url\":\"http:\/\/observatoire-asap.org\/\",\"logo\":{\"@type\":\"ImageObject\",\"inLanguage\":\"fr-FR\",\"@id\":\"http:\/\/observatoire-asap.org\/#\/schema\/logo\/image\/\",\"url\":\"https:\/\/observatoire-asap.org\/wp-content\/uploads\/2022\/01\/cropped-cropped-ASAP_Plan-de-travail-1.png\",\"contentUrl\":\"https:\/\/observatoire-asap.org\/wp-content\/uploads\/2022\/01\/cropped-cropped-ASAP_Plan-de-travail-1.png\",\"width\":1345,\"height\":426,\"caption\":\"Laboratoire ASAP\"},\"image\":{\"@id\":\"http:\/\/observatoire-asap.org\/#\/schema\/logo\/image\/\"},\"sameAs\":[\"https:\/\/facebook.com\/fabrice.hamelin.1\"]}]}<\/script>\n<!-- \/ Yoast SEO plugin. -->","yoast_head_json":{"title":"\u00c9conomie -","robots":{"index":"index","follow":"follow","max-snippet":"max-snippet:-1","max-image-preview":"max-image-preview:large","max-video-preview":"max-video-preview:-1"},"canonical":"https:\/\/observatoire-asap.org\/index.php\/economie\/","og_locale":"fr_FR","og_type":"article","og_title":"\u00c9conomie -","og_url":"https:\/\/observatoire-asap.org\/index.php\/economie\/","article_publisher":"https:\/\/facebook.com\/fabrice.hamelin.1","article_modified_time":"2026-02-04T19:33:47+00:00","og_image":[{"width":630,"height":418,"url":"http:\/\/observatoire-asap.org\/wp-content\/uploads\/2020\/07\/Innovation-nouvelle-generation_imagefull.jpg","type":"image\/jpeg"}],"twitter_card":"summary_large_image","twitter_misc":{"Dur\u00e9e de lecture estim\u00e9e":"3 minutes"},"schema":{"@context":"https:\/\/schema.org","@graph":[{"@type":"WebPage","@id":"https:\/\/observatoire-asap.org\/index.php\/economie\/","url":"https:\/\/observatoire-asap.org\/index.php\/economie\/","name":"\u00c9conomie -","isPartOf":{"@id":"http:\/\/observatoire-asap.org\/#website"},"primaryImageOfPage":{"@id":"https:\/\/observatoire-asap.org\/index.php\/economie\/#primaryimage"},"image":{"@id":"https:\/\/observatoire-asap.org\/index.php\/economie\/#primaryimage"},"thumbnailUrl":"https:\/\/observatoire-asap.org\/wp-content\/uploads\/2020\/07\/Innovation-nouvelle-generation_imagefull.jpg","datePublished":"2020-07-13T08:23:16+00:00","dateModified":"2026-02-04T19:33:47+00:00","breadcrumb":{"@id":"https:\/\/observatoire-asap.org\/index.php\/economie\/#breadcrumb"},"inLanguage":"fr-FR","potentialAction":[{"@type":"ReadAction","target":["https:\/\/observatoire-asap.org\/index.php\/economie\/"]}]},{"@type":"ImageObject","inLanguage":"fr-FR","@id":"https:\/\/observatoire-asap.org\/index.php\/economie\/#primaryimage","url":"https:\/\/observatoire-asap.org\/wp-content\/uploads\/2020\/07\/Innovation-nouvelle-generation_imagefull.jpg","contentUrl":"https:\/\/observatoire-asap.org\/wp-content\/uploads\/2020\/07\/Innovation-nouvelle-generation_imagefull.jpg","width":630,"height":418},{"@type":"BreadcrumbList","@id":"https:\/\/observatoire-asap.org\/index.php\/economie\/#breadcrumb","itemListElement":[{"@type":"ListItem","position":1,"name":"Accueil","item":"http:\/\/observatoire-asap.org\/"},{"@type":"ListItem","position":2,"name":"\u00c9conomie"}]},{"@type":"WebSite","@id":"http:\/\/observatoire-asap.org\/#website","url":"http:\/\/observatoire-asap.org\/","name":"Action Soci\u00e9tale et Action Publique","description":"","publisher":{"@id":"http:\/\/observatoire-asap.org\/#organization"},"potentialAction":[{"@type":"SearchAction","target":{"@type":"EntryPoint","urlTemplate":"http:\/\/observatoire-asap.org\/?s={search_term_string}"},"query-input":{"@type":"PropertyValueSpecification","valueRequired":true,"valueName":"search_term_string"}}],"inLanguage":"fr-FR"},{"@type":"Organization","@id":"http:\/\/observatoire-asap.org\/#organization","name":"Laboratoire ASAP","url":"http:\/\/observatoire-asap.org\/","logo":{"@type":"ImageObject","inLanguage":"fr-FR","@id":"http:\/\/observatoire-asap.org\/#\/schema\/logo\/image\/","url":"https:\/\/observatoire-asap.org\/wp-content\/uploads\/2022\/01\/cropped-cropped-ASAP_Plan-de-travail-1.png","contentUrl":"https:\/\/observatoire-asap.org\/wp-content\/uploads\/2022\/01\/cropped-cropped-ASAP_Plan-de-travail-1.png","width":1345,"height":426,"caption":"Laboratoire ASAP"},"image":{"@id":"http:\/\/observatoire-asap.org\/#\/schema\/logo\/image\/"},"sameAs":["https:\/\/facebook.com\/fabrice.hamelin.1"]}]}},"_links":{"self":[{"href":"https:\/\/observatoire-asap.org\/index.php\/wp-json\/wp\/v2\/pages\/287","targetHints":{"allow":["GET"]}}],"collection":[{"href":"https:\/\/observatoire-asap.org\/index.php\/wp-json\/wp\/v2\/pages"}],"about":[{"href":"https:\/\/observatoire-asap.org\/index.php\/wp-json\/wp\/v2\/types\/page"}],"author":[{"embeddable":true,"href":"https:\/\/observatoire-asap.org\/index.php\/wp-json\/wp\/v2\/users\/1"}],"replies":[{"embeddable":true,"href":"https:\/\/observatoire-asap.org\/index.php\/wp-json\/wp\/v2\/comments?post=287"}],"version-history":[{"count":87,"href":"https:\/\/observatoire-asap.org\/index.php\/wp-json\/wp\/v2\/pages\/287\/revisions"}],"predecessor-version":[{"id":6347,"href":"https:\/\/observatoire-asap.org\/index.php\/wp-json\/wp\/v2\/pages\/287\/revisions\/6347"}],"wp:featuredmedia":[{"embeddable":true,"href":"https:\/\/observatoire-asap.org\/index.php\/wp-json\/wp\/v2\/media\/284"}],"wp:attachment":[{"href":"https:\/\/observatoire-asap.org\/index.php\/wp-json\/wp\/v2\/media?parent=287"}],"curies":[{"name":"wp","href":"https:\/\/api.w.org\/{rel}","templated":true}]}}