{"id":2724,"date":"2021-03-20T21:56:16","date_gmt":"2021-03-20T20:56:16","guid":{"rendered":"http:\/\/observatoire-asap.org\/?page_id=2724"},"modified":"2022-08-30T07:58:13","modified_gmt":"2022-08-30T05:58:13","slug":"chaire-innovation-publique","status":"publish","type":"page","link":"https:\/\/observatoire-asap.org\/index.php\/chaire-innovation-publique\/","title":{"rendered":"Chaire Innovation Publique"},"content":{"rendered":"<p style=\"text-align: justify;\">La Chaire innovation publique f\u00e9d\u00e8re <strong>l&rsquo;effort de recherche, d&rsquo;exp\u00e9rimentation et de formation de l&rsquo;ENSCI, Sciences Po, l&rsquo;\u00c9cole polytechnique et l&rsquo;INSP pour l&rsquo;innovation et la transformation publiques<\/strong>. De nombreuses initiatives se d\u00e9veloppent, port\u00e9es par l\u2019\u00c9tat, les collectivit\u00e9s territoriales et les organismes publics, au niveau national et dans les territoires. Elles s\u2019appuient sur des approches nouvelles, qui font se rencontrer des mondes jusqu\u2019ici \u00e9loign\u00e9s : celui de l\u2019administration, et ceux de l\u2019innovation et du design.<\/p>\n<p><\/p>\n\n\n<p><a href=\"https:\/\/insp.gouv.fr\/missions\">Les missions de l&rsquo;Institut National du Service Public (INSP)<\/a><\/p>\n\n\n\n<p><span class=\"current\"><a href=\"https:\/\/observatoire-asap.org\/index.php\/2020\/10\/13\/la-chaire-innovation-publique\/\">Historique de la chaire Innovation Publique<\/a><\/span> par <a href=\"http:\/\/observatoire-asap.org\/index.php\/2020\/10\/13\/olivier-hirt\/\">Olivier Hirt (ASAP)<\/a><\/p>\n\n\n\n<p><a href=\"https:\/\/insp.gouv.fr\/chaire-innovation-publique\">Pr\u00e9sentation officielle de la Chaire Innovation Publique, depuis l&rsquo;INSP<\/a><\/p>\n\n\n<p><a href=\"https:\/\/documentation.insp.gouv.fr\/insp\/doc\/SYRACUSE\/370732\/innovation-publique-regards-croises-sur-les-transformations-juridiques-sociales-et-societales-coordo\">INSP: reconnaissance des travaux de l&rsquo;Observatoire ASAP<\/a><\/p>\n\n\n<p><a href=\"https:\/\/insp.gouv.fr\/actualites\/innover-experimenter-evaluer-premiere-seance-du-seminaire-recherches-en-public-de-la\">S\u00e9minaire&nbsp; INSP&nbsp; \u00ab\u00a0Recherche &#8211; Action Publique avec Mathias B\u00e9jean (ASAP)<\/a><\/p>\n\n\n\n<p><a href=\"https:\/\/www.iae-eiffel.fr\/fr\/node\/6553\">Dispositifs \u00ab\u00a0Innovation et exp\u00e9rimentation\u00a0\u00bb avec Mathias B\u00e9jean (ASAP)<\/a><\/p>\n\n\n\n<p><a href=\"https:\/\/www.cairn.info\/feuilleter.php?ID_ARTICLE=EMS_MEIER_2021_01_0097\">Travaux&nbsp;de recherche I Chaire Innovation Publique &#8211; Observatoire ASAP<\/a><\/p>\n\n\n\n<p><a href=\"https:\/\/www.ensci.com\/recherche\/chaire-innovation-publique\">Les 4 Grandes Ecoles r\u00e9unies pour l&rsquo;innovation et la transformation publiques <\/a><\/p>\n\n\n\n<p><a href=\"http:\/\/observatoire-asap.org\/index.php\/2020\/02\/14\/interview-de-pierre-valarcher\/\">Entretien aupr\u00e8s de l&rsquo;un des responsables scientifiques: Pr. Pierre Valarcher (ASAP)<\/a><\/p>\n\n\n\n<p><a href=\"https:\/\/www.ensci.com\/ecole\/lequipe\">Les Ateliers Recherche ENSCI. P\u00f4le Recherche et Partenariats acad\u00e9miques<\/a><\/p>\n\n\n\n<p><a href=\"https:\/\/www.sciencespo.fr\/liepp\/fr\/content\/cycle-de-seminaires-methodes-et-approches-en-evaluation-metheval.html\">M\u00e9thodes et approches en \u00e9valuation &#8211; cycle de s\u00e9minaires<\/a><\/p>\n\n\n\n<p><a href=\"https:\/\/openlaw.fr\/blog\/retour-sur-soiree-frictions-de-linnovation-publique-metamorphoses-du-droit\">Innovation Publique et M\u00e9tamorphoses du droit &#8211; collectif ASAP<\/a><\/p>\n\n\n\n<p><a href=\"https:\/\/www.occitanie-tribune.com\/articles\/33650\/actus-litteraires-innovation-publique-regards-croises-sur-les-transformations-juridiques-sociales-et-societales-olivier-meier-pierre-valarcher\">Programme recherche \u00ab\u00a0Innovation Publique\u00a0\u00bb par Olivier Meier et Pierre Valarcher (ASAP)<\/a><\/p>\n\n\n\n<p><a href=\"https:\/\/www.cairn.info\/innovation-publique--9782376875055-page-97.htm\">Contribution ASAP avec Zo\u00e9 Aegerter, chercheuse Chaire Innovation Publique<\/a><\/p>\n\n\n\n<p><\/p>\n","protected":false},"excerpt":{"rendered":"<p>La Chaire innovation publique f\u00e9d\u00e8re l&rsquo;effort de recherche, d&rsquo;exp\u00e9rimentation et de formation de l&rsquo;ENSCI, Sciences Po, l&rsquo;\u00c9cole polytechnique et l&rsquo;INSP pour l&rsquo;innovation et la transformation publiques. De nombreuses initiatives se d\u00e9veloppent, port\u00e9es par l\u2019\u00c9tat, les collectivit\u00e9s territoriales et les organismes publics, au niveau national et dans les territoires. Elles s\u2019appuient sur des approches nouvelles, qui &hellip; <\/p>\n","protected":false},"author":1,"featured_media":0,"parent":0,"menu_order":0,"comment_status":"closed","ping_status":"closed","template":"","meta":{"spay_email":"","footnotes":""},"class_list":["post-2724","page","type-page","status-publish","hentry"],"yoast_head":"<!-- This site is optimized with the Yoast SEO plugin v24.9 - https:\/\/yoast.com\/wordpress\/plugins\/seo\/ -->\n<title>Chaire Innovation Publique -<\/title>\n<meta name=\"robots\" content=\"index, follow, max-snippet:-1, max-image-preview:large, max-video-preview:-1\" \/>\n<link rel=\"canonical\" href=\"http:\/\/observatoire-asap.org\/index.php\/chaire-innovation-publique\/\" \/>\n<meta property=\"og:locale\" content=\"fr_FR\" \/>\n<meta property=\"og:type\" content=\"article\" \/>\n<meta property=\"og:title\" content=\"Chaire Innovation Publique -\" \/>\n<meta property=\"og:description\" content=\"La Chaire innovation publique f\u00e9d\u00e8re l&rsquo;effort de recherche, d&rsquo;exp\u00e9rimentation et de formation de l&rsquo;ENSCI, Sciences Po, l&rsquo;\u00c9cole polytechnique et l&rsquo;INSP pour l&rsquo;innovation et la transformation publiques. De nombreuses initiatives se d\u00e9veloppent, port\u00e9es par l\u2019\u00c9tat, les collectivit\u00e9s territoriales et les organismes publics, au niveau national et dans les territoires. Elles s\u2019appuient sur des approches nouvelles, qui &hellip;\" \/>\n<meta property=\"og:url\" content=\"http:\/\/observatoire-asap.org\/index.php\/chaire-innovation-publique\/\" \/>\n<meta property=\"article:publisher\" content=\"https:\/\/facebook.com\/fabrice.hamelin.1\" \/>\n<meta property=\"article:modified_time\" content=\"2022-08-30T05:58:13+00:00\" \/>\n<meta name=\"twitter:card\" content=\"summary_large_image\" \/>\n<meta name=\"twitter:label1\" content=\"Dur\u00e9e de lecture estim\u00e9e\" \/>\n\t<meta name=\"twitter:data1\" content=\"2 minutes\" \/>\n<script type=\"application\/ld+json\" class=\"yoast-schema-graph\">{\"@context\":\"https:\/\/schema.org\",\"@graph\":[{\"@type\":\"WebPage\",\"@id\":\"http:\/\/observatoire-asap.org\/index.php\/chaire-innovation-publique\/\",\"url\":\"http:\/\/observatoire-asap.org\/index.php\/chaire-innovation-publique\/\",\"name\":\"Chaire Innovation Publique -\",\"isPartOf\":{\"@id\":\"http:\/\/observatoire-asap.org\/#website\"},\"datePublished\":\"2021-03-20T20:56:16+00:00\",\"dateModified\":\"2022-08-30T05:58:13+00:00\",\"breadcrumb\":{\"@id\":\"http:\/\/observatoire-asap.org\/index.php\/chaire-innovation-publique\/#breadcrumb\"},\"inLanguage\":\"fr-FR\",\"potentialAction\":[{\"@type\":\"ReadAction\",\"target\":[\"http:\/\/observatoire-asap.org\/index.php\/chaire-innovation-publique\/\"]}]},{\"@type\":\"BreadcrumbList\",\"@id\":\"http:\/\/observatoire-asap.org\/index.php\/chaire-innovation-publique\/#breadcrumb\",\"itemListElement\":[{\"@type\":\"ListItem\",\"position\":1,\"name\":\"Accueil\",\"item\":\"http:\/\/observatoire-asap.org\/\"},{\"@type\":\"ListItem\",\"position\":2,\"name\":\"Chaire Innovation Publique\"}]},{\"@type\":\"WebSite\",\"@id\":\"http:\/\/observatoire-asap.org\/#website\",\"url\":\"http:\/\/observatoire-asap.org\/\",\"name\":\"Action Soci\u00e9tale et Action Publique\",\"description\":\"\",\"publisher\":{\"@id\":\"http:\/\/observatoire-asap.org\/#organization\"},\"potentialAction\":[{\"@type\":\"SearchAction\",\"target\":{\"@type\":\"EntryPoint\",\"urlTemplate\":\"http:\/\/observatoire-asap.org\/?s={search_term_string}\"},\"query-input\":{\"@type\":\"PropertyValueSpecification\",\"valueRequired\":true,\"valueName\":\"search_term_string\"}}],\"inLanguage\":\"fr-FR\"},{\"@type\":\"Organization\",\"@id\":\"http:\/\/observatoire-asap.org\/#organization\",\"name\":\"Laboratoire ASAP\",\"url\":\"http:\/\/observatoire-asap.org\/\",\"logo\":{\"@type\":\"ImageObject\",\"inLanguage\":\"fr-FR\",\"@id\":\"http:\/\/observatoire-asap.org\/#\/schema\/logo\/image\/\",\"url\":\"https:\/\/observatoire-asap.org\/wp-content\/uploads\/2022\/01\/cropped-cropped-ASAP_Plan-de-travail-1.png\",\"contentUrl\":\"https:\/\/observatoire-asap.org\/wp-content\/uploads\/2022\/01\/cropped-cropped-ASAP_Plan-de-travail-1.png\",\"width\":1345,\"height\":426,\"caption\":\"Laboratoire ASAP\"},\"image\":{\"@id\":\"http:\/\/observatoire-asap.org\/#\/schema\/logo\/image\/\"},\"sameAs\":[\"https:\/\/facebook.com\/fabrice.hamelin.1\"]}]}<\/script>\n<!-- \/ Yoast SEO plugin. -->","yoast_head_json":{"title":"Chaire Innovation Publique -","robots":{"index":"index","follow":"follow","max-snippet":"max-snippet:-1","max-image-preview":"max-image-preview:large","max-video-preview":"max-video-preview:-1"},"canonical":"http:\/\/observatoire-asap.org\/index.php\/chaire-innovation-publique\/","og_locale":"fr_FR","og_type":"article","og_title":"Chaire Innovation Publique -","og_description":"La Chaire innovation publique f\u00e9d\u00e8re l&rsquo;effort de recherche, d&rsquo;exp\u00e9rimentation et de formation de l&rsquo;ENSCI, Sciences Po, l&rsquo;\u00c9cole polytechnique et l&rsquo;INSP pour l&rsquo;innovation et la transformation publiques. De nombreuses initiatives se d\u00e9veloppent, port\u00e9es par l\u2019\u00c9tat, les collectivit\u00e9s territoriales et les organismes publics, au niveau national et dans les territoires. Elles s\u2019appuient sur des approches nouvelles, qui &hellip;","og_url":"http:\/\/observatoire-asap.org\/index.php\/chaire-innovation-publique\/","article_publisher":"https:\/\/facebook.com\/fabrice.hamelin.1","article_modified_time":"2022-08-30T05:58:13+00:00","twitter_card":"summary_large_image","twitter_misc":{"Dur\u00e9e de lecture estim\u00e9e":"2 minutes"},"schema":{"@context":"https:\/\/schema.org","@graph":[{"@type":"WebPage","@id":"http:\/\/observatoire-asap.org\/index.php\/chaire-innovation-publique\/","url":"http:\/\/observatoire-asap.org\/index.php\/chaire-innovation-publique\/","name":"Chaire Innovation Publique -","isPartOf":{"@id":"http:\/\/observatoire-asap.org\/#website"},"datePublished":"2021-03-20T20:56:16+00:00","dateModified":"2022-08-30T05:58:13+00:00","breadcrumb":{"@id":"http:\/\/observatoire-asap.org\/index.php\/chaire-innovation-publique\/#breadcrumb"},"inLanguage":"fr-FR","potentialAction":[{"@type":"ReadAction","target":["http:\/\/observatoire-asap.org\/index.php\/chaire-innovation-publique\/"]}]},{"@type":"BreadcrumbList","@id":"http:\/\/observatoire-asap.org\/index.php\/chaire-innovation-publique\/#breadcrumb","itemListElement":[{"@type":"ListItem","position":1,"name":"Accueil","item":"http:\/\/observatoire-asap.org\/"},{"@type":"ListItem","position":2,"name":"Chaire Innovation Publique"}]},{"@type":"WebSite","@id":"http:\/\/observatoire-asap.org\/#website","url":"http:\/\/observatoire-asap.org\/","name":"Action Soci\u00e9tale et Action Publique","description":"","publisher":{"@id":"http:\/\/observatoire-asap.org\/#organization"},"potentialAction":[{"@type":"SearchAction","target":{"@type":"EntryPoint","urlTemplate":"http:\/\/observatoire-asap.org\/?s={search_term_string}"},"query-input":{"@type":"PropertyValueSpecification","valueRequired":true,"valueName":"search_term_string"}}],"inLanguage":"fr-FR"},{"@type":"Organization","@id":"http:\/\/observatoire-asap.org\/#organization","name":"Laboratoire ASAP","url":"http:\/\/observatoire-asap.org\/","logo":{"@type":"ImageObject","inLanguage":"fr-FR","@id":"http:\/\/observatoire-asap.org\/#\/schema\/logo\/image\/","url":"https:\/\/observatoire-asap.org\/wp-content\/uploads\/2022\/01\/cropped-cropped-ASAP_Plan-de-travail-1.png","contentUrl":"https:\/\/observatoire-asap.org\/wp-content\/uploads\/2022\/01\/cropped-cropped-ASAP_Plan-de-travail-1.png","width":1345,"height":426,"caption":"Laboratoire ASAP"},"image":{"@id":"http:\/\/observatoire-asap.org\/#\/schema\/logo\/image\/"},"sameAs":["https:\/\/facebook.com\/fabrice.hamelin.1"]}]}},"_links":{"self":[{"href":"https:\/\/observatoire-asap.org\/index.php\/wp-json\/wp\/v2\/pages\/2724","targetHints":{"allow":["GET"]}}],"collection":[{"href":"https:\/\/observatoire-asap.org\/index.php\/wp-json\/wp\/v2\/pages"}],"about":[{"href":"https:\/\/observatoire-asap.org\/index.php\/wp-json\/wp\/v2\/types\/page"}],"author":[{"embeddable":true,"href":"https:\/\/observatoire-asap.org\/index.php\/wp-json\/wp\/v2\/users\/1"}],"replies":[{"embeddable":true,"href":"https:\/\/observatoire-asap.org\/index.php\/wp-json\/wp\/v2\/comments?post=2724"}],"version-history":[{"count":28,"href":"https:\/\/observatoire-asap.org\/index.php\/wp-json\/wp\/v2\/pages\/2724\/revisions"}],"predecessor-version":[{"id":5188,"href":"https:\/\/observatoire-asap.org\/index.php\/wp-json\/wp\/v2\/pages\/2724\/revisions\/5188"}],"wp:attachment":[{"href":"https:\/\/observatoire-asap.org\/index.php\/wp-json\/wp\/v2\/media?parent=2724"}],"curies":[{"name":"wp","href":"https:\/\/api.w.org\/{rel}","templated":true}]}}