{"id":2714,"date":"2021-03-20T21:53:08","date_gmt":"2021-03-20T20:53:08","guid":{"rendered":"http:\/\/observatoire-asap.org\/?page_id=2714"},"modified":"2022-07-11T11:52:21","modified_gmt":"2022-07-11T09:52:21","slug":"living-lab-algopo","status":"publish","type":"page","link":"https:\/\/observatoire-asap.org\/index.php\/living-lab-algopo\/","title":{"rendered":"Living Lab Algopo"},"content":{"rendered":"<p style=\"text-align: justify;\">Le <em>living lab<\/em> AlgoPo est un nouvel <strong>espace d\u2019\u00e9change entre universitaires et acteurs du territoir<\/strong>e, sur les th\u00e9matiques du num\u00e9rique et du politique.<\/p>\n<p><a href=\"https:\/\/www.algopolivinglab.fr\/\">Pr\u00e9sentation du Living Lab ALGOPO<\/a><\/p>\n<p><span class=\"current\"><a href=\"http:\/\/observatoire-asap.org\/index.php\/2022\/02\/22\/participation-de-asap-au-seminaire-du-15-fevrier-du-living-lab-algopo\/\">Participation de ASAP au s\u00e9minaire du 15 f\u00e9vrier du Living Lab Algopo<\/a><\/span> par <a href=\"http:\/\/observatoire-asap.org\/index.php\/2020\/02\/02\/olivier-meier\/\">Olivier Meier<\/a> et <a href=\"http:\/\/observatoire-asap.org\/index.php\/2020\/02\/02\/lolita-rubens\/\">Lolita Rubens<\/a><\/p>\n<p><span class=\"current\"><a href=\"http:\/\/observatoire-asap.org\/index.php\/2021\/03\/20\/participation-de-asap-au-premier-seminaire-de-co-construction-du-living-lab-algopo\/\">Participation de ASAP au premier s\u00e9minaire de co-construction du Living lab Algopo<\/a><\/span> par <a href=\"http:\/\/observatoire-asap.org\/index.php\/2020\/02\/02\/olivier-meier\/\">Olivier Meier<\/a> et <a href=\"http:\/\/observatoire-asap.org\/index.php\/2020\/02\/02\/lolita-rubens\/\">Lolita Rubens<\/a><\/p>\n<p><span class=\"current\"><a href=\"http:\/\/observatoire-asap.org\/index.php\/2021\/03\/20\/partenariat-entre-lobservatoire-asap-et-le-living-lab-algopo\/\">Partenariat entre l\u2019observatoire ASAP et le Living lab Algopo<\/a><\/span> par <a href=\"http:\/\/observatoire-asap.org\/index.php\/2020\/02\/02\/olivier-meier\/\">Olivier Meier<\/a> et <a href=\"http:\/\/observatoire-asap.org\/index.php\/2020\/02\/02\/lolita-rubens\/\">Lolita Rubens<\/a><\/p>\n<p><a href=\"http:\/\/observatoire-asap.org\/index.php\/2021\/01\/08\/science-democratie-et-innovation-publique-lapport-des-livings-labs\/\">Science, d\u00e9mocratie et innovation publique\u00a0: l\u2019apport des Livings labs<\/a> par <a href=\"http:\/\/observatoire-asap.org\/index.php\/2020\/02\/14\/mathias-bejean\/\">Mathias B\u00e9jean<\/a><\/p>\n\n\n<p><\/p>\n","protected":false},"excerpt":{"rendered":"<p>Le living lab AlgoPo est un nouvel espace d\u2019\u00e9change entre universitaires et acteurs du territoire, sur les th\u00e9matiques du num\u00e9rique et du politique. Pr\u00e9sentation du Living Lab ALGOPO Participation de ASAP au s\u00e9minaire du 15 f\u00e9vrier du Living Lab Algopo par Olivier Meier et Lolita Rubens Participation de ASAP au premier s\u00e9minaire de co-construction du &hellip; <\/p>\n","protected":false},"author":1,"featured_media":0,"parent":0,"menu_order":0,"comment_status":"closed","ping_status":"closed","template":"","meta":{"spay_email":"","footnotes":""},"class_list":["post-2714","page","type-page","status-publish","hentry"],"yoast_head":"<!-- This site is optimized with the Yoast SEO plugin v24.9 - https:\/\/yoast.com\/wordpress\/plugins\/seo\/ -->\n<title>Living Lab Algopo -<\/title>\n<meta name=\"robots\" content=\"index, follow, max-snippet:-1, max-image-preview:large, max-video-preview:-1\" \/>\n<link rel=\"canonical\" href=\"https:\/\/observatoire-asap.org\/index.php\/living-lab-algopo\/\" \/>\n<meta property=\"og:locale\" content=\"fr_FR\" \/>\n<meta property=\"og:type\" content=\"article\" \/>\n<meta property=\"og:title\" content=\"Living Lab Algopo -\" \/>\n<meta property=\"og:description\" content=\"Le living lab AlgoPo est un nouvel espace d\u2019\u00e9change entre universitaires et acteurs du territoire, sur les th\u00e9matiques du num\u00e9rique et du politique. Pr\u00e9sentation du Living Lab ALGOPO Participation de ASAP au s\u00e9minaire du 15 f\u00e9vrier du Living Lab Algopo par Olivier Meier et Lolita Rubens Participation de ASAP au premier s\u00e9minaire de co-construction du &hellip;\" \/>\n<meta property=\"og:url\" content=\"https:\/\/observatoire-asap.org\/index.php\/living-lab-algopo\/\" \/>\n<meta property=\"article:publisher\" content=\"https:\/\/facebook.com\/fabrice.hamelin.1\" \/>\n<meta property=\"article:modified_time\" content=\"2022-07-11T09:52:21+00:00\" \/>\n<meta name=\"twitter:card\" content=\"summary_large_image\" \/>\n<meta name=\"twitter:label1\" content=\"Dur\u00e9e de lecture estim\u00e9e\" \/>\n\t<meta name=\"twitter:data1\" content=\"1 minute\" \/>\n<script type=\"application\/ld+json\" class=\"yoast-schema-graph\">{\"@context\":\"https:\/\/schema.org\",\"@graph\":[{\"@type\":\"WebPage\",\"@id\":\"https:\/\/observatoire-asap.org\/index.php\/living-lab-algopo\/\",\"url\":\"https:\/\/observatoire-asap.org\/index.php\/living-lab-algopo\/\",\"name\":\"Living Lab Algopo -\",\"isPartOf\":{\"@id\":\"http:\/\/observatoire-asap.org\/#website\"},\"datePublished\":\"2021-03-20T20:53:08+00:00\",\"dateModified\":\"2022-07-11T09:52:21+00:00\",\"breadcrumb\":{\"@id\":\"https:\/\/observatoire-asap.org\/index.php\/living-lab-algopo\/#breadcrumb\"},\"inLanguage\":\"fr-FR\",\"potentialAction\":[{\"@type\":\"ReadAction\",\"target\":[\"https:\/\/observatoire-asap.org\/index.php\/living-lab-algopo\/\"]}]},{\"@type\":\"BreadcrumbList\",\"@id\":\"https:\/\/observatoire-asap.org\/index.php\/living-lab-algopo\/#breadcrumb\",\"itemListElement\":[{\"@type\":\"ListItem\",\"position\":1,\"name\":\"Accueil\",\"item\":\"http:\/\/observatoire-asap.org\/\"},{\"@type\":\"ListItem\",\"position\":2,\"name\":\"Living Lab Algopo\"}]},{\"@type\":\"WebSite\",\"@id\":\"http:\/\/observatoire-asap.org\/#website\",\"url\":\"http:\/\/observatoire-asap.org\/\",\"name\":\"Action Soci\u00e9tale et Action Publique\",\"description\":\"\",\"publisher\":{\"@id\":\"http:\/\/observatoire-asap.org\/#organization\"},\"potentialAction\":[{\"@type\":\"SearchAction\",\"target\":{\"@type\":\"EntryPoint\",\"urlTemplate\":\"http:\/\/observatoire-asap.org\/?s={search_term_string}\"},\"query-input\":{\"@type\":\"PropertyValueSpecification\",\"valueRequired\":true,\"valueName\":\"search_term_string\"}}],\"inLanguage\":\"fr-FR\"},{\"@type\":\"Organization\",\"@id\":\"http:\/\/observatoire-asap.org\/#organization\",\"name\":\"Laboratoire ASAP\",\"url\":\"http:\/\/observatoire-asap.org\/\",\"logo\":{\"@type\":\"ImageObject\",\"inLanguage\":\"fr-FR\",\"@id\":\"http:\/\/observatoire-asap.org\/#\/schema\/logo\/image\/\",\"url\":\"https:\/\/observatoire-asap.org\/wp-content\/uploads\/2022\/01\/cropped-cropped-ASAP_Plan-de-travail-1.png\",\"contentUrl\":\"https:\/\/observatoire-asap.org\/wp-content\/uploads\/2022\/01\/cropped-cropped-ASAP_Plan-de-travail-1.png\",\"width\":1345,\"height\":426,\"caption\":\"Laboratoire ASAP\"},\"image\":{\"@id\":\"http:\/\/observatoire-asap.org\/#\/schema\/logo\/image\/\"},\"sameAs\":[\"https:\/\/facebook.com\/fabrice.hamelin.1\"]}]}<\/script>\n<!-- \/ Yoast SEO plugin. -->","yoast_head_json":{"title":"Living Lab Algopo -","robots":{"index":"index","follow":"follow","max-snippet":"max-snippet:-1","max-image-preview":"max-image-preview:large","max-video-preview":"max-video-preview:-1"},"canonical":"https:\/\/observatoire-asap.org\/index.php\/living-lab-algopo\/","og_locale":"fr_FR","og_type":"article","og_title":"Living Lab Algopo -","og_description":"Le living lab AlgoPo est un nouvel espace d\u2019\u00e9change entre universitaires et acteurs du territoire, sur les th\u00e9matiques du num\u00e9rique et du politique. Pr\u00e9sentation du Living Lab ALGOPO Participation de ASAP au s\u00e9minaire du 15 f\u00e9vrier du Living Lab Algopo par Olivier Meier et Lolita Rubens Participation de ASAP au premier s\u00e9minaire de co-construction du &hellip;","og_url":"https:\/\/observatoire-asap.org\/index.php\/living-lab-algopo\/","article_publisher":"https:\/\/facebook.com\/fabrice.hamelin.1","article_modified_time":"2022-07-11T09:52:21+00:00","twitter_card":"summary_large_image","twitter_misc":{"Dur\u00e9e de lecture estim\u00e9e":"1 minute"},"schema":{"@context":"https:\/\/schema.org","@graph":[{"@type":"WebPage","@id":"https:\/\/observatoire-asap.org\/index.php\/living-lab-algopo\/","url":"https:\/\/observatoire-asap.org\/index.php\/living-lab-algopo\/","name":"Living Lab Algopo -","isPartOf":{"@id":"http:\/\/observatoire-asap.org\/#website"},"datePublished":"2021-03-20T20:53:08+00:00","dateModified":"2022-07-11T09:52:21+00:00","breadcrumb":{"@id":"https:\/\/observatoire-asap.org\/index.php\/living-lab-algopo\/#breadcrumb"},"inLanguage":"fr-FR","potentialAction":[{"@type":"ReadAction","target":["https:\/\/observatoire-asap.org\/index.php\/living-lab-algopo\/"]}]},{"@type":"BreadcrumbList","@id":"https:\/\/observatoire-asap.org\/index.php\/living-lab-algopo\/#breadcrumb","itemListElement":[{"@type":"ListItem","position":1,"name":"Accueil","item":"http:\/\/observatoire-asap.org\/"},{"@type":"ListItem","position":2,"name":"Living Lab Algopo"}]},{"@type":"WebSite","@id":"http:\/\/observatoire-asap.org\/#website","url":"http:\/\/observatoire-asap.org\/","name":"Action Soci\u00e9tale et Action Publique","description":"","publisher":{"@id":"http:\/\/observatoire-asap.org\/#organization"},"potentialAction":[{"@type":"SearchAction","target":{"@type":"EntryPoint","urlTemplate":"http:\/\/observatoire-asap.org\/?s={search_term_string}"},"query-input":{"@type":"PropertyValueSpecification","valueRequired":true,"valueName":"search_term_string"}}],"inLanguage":"fr-FR"},{"@type":"Organization","@id":"http:\/\/observatoire-asap.org\/#organization","name":"Laboratoire ASAP","url":"http:\/\/observatoire-asap.org\/","logo":{"@type":"ImageObject","inLanguage":"fr-FR","@id":"http:\/\/observatoire-asap.org\/#\/schema\/logo\/image\/","url":"https:\/\/observatoire-asap.org\/wp-content\/uploads\/2022\/01\/cropped-cropped-ASAP_Plan-de-travail-1.png","contentUrl":"https:\/\/observatoire-asap.org\/wp-content\/uploads\/2022\/01\/cropped-cropped-ASAP_Plan-de-travail-1.png","width":1345,"height":426,"caption":"Laboratoire ASAP"},"image":{"@id":"http:\/\/observatoire-asap.org\/#\/schema\/logo\/image\/"},"sameAs":["https:\/\/facebook.com\/fabrice.hamelin.1"]}]}},"_links":{"self":[{"href":"https:\/\/observatoire-asap.org\/index.php\/wp-json\/wp\/v2\/pages\/2714","targetHints":{"allow":["GET"]}}],"collection":[{"href":"https:\/\/observatoire-asap.org\/index.php\/wp-json\/wp\/v2\/pages"}],"about":[{"href":"https:\/\/observatoire-asap.org\/index.php\/wp-json\/wp\/v2\/types\/page"}],"author":[{"embeddable":true,"href":"https:\/\/observatoire-asap.org\/index.php\/wp-json\/wp\/v2\/users\/1"}],"replies":[{"embeddable":true,"href":"https:\/\/observatoire-asap.org\/index.php\/wp-json\/wp\/v2\/comments?post=2714"}],"version-history":[{"count":7,"href":"https:\/\/observatoire-asap.org\/index.php\/wp-json\/wp\/v2\/pages\/2714\/revisions"}],"predecessor-version":[{"id":4908,"href":"https:\/\/observatoire-asap.org\/index.php\/wp-json\/wp\/v2\/pages\/2714\/revisions\/4908"}],"wp:attachment":[{"href":"https:\/\/observatoire-asap.org\/index.php\/wp-json\/wp\/v2\/media?parent=2714"}],"curies":[{"name":"wp","href":"https:\/\/api.w.org\/{rel}","templated":true}]}}