{"id":2710,"date":"2021-03-20T21:48:43","date_gmt":"2021-03-20T20:48:43","guid":{"rendered":"http:\/\/observatoire-asap.org\/?page_id=2710"},"modified":"2023-05-30T12:04:10","modified_gmt":"2023-05-30T10:04:10","slug":"partenariats","status":"publish","type":"page","link":"https:\/\/observatoire-asap.org\/index.php\/partenariats\/","title":{"rendered":"Les partenariats"},"content":{"rendered":"<p style=\"text-align: justify;\">Dans le cadre de ses activit\u00e9s, l&rsquo;observatoire ASAP a d\u00e9velopp\u00e9 plusieurs partenariats institutionnels (<a href=\"https:\/\/www.rse-magazine.com\/Interview-d-Olivier-Meier-l-Observatoire-ASAP-Chaire-Innovation-Publique_a4174.html\">*<\/a>) :<\/p>\n<p><a href=\"http:\/\/observatoire-asap.org\/index.php\/2023\/05\/30\/philonomist\/\">Philonomist<\/a><\/p>\n<p><span class=\"current\"><a href=\"https:\/\/observatoire-asap.org\/index.php\/chaire-innovation-publique\/\">La Chaire Innovation Publique<\/a><\/span><\/p>\n<p><span class=\"current\"><a href=\"https:\/\/observatoire-asap.org\/index.php\/ecole-internationale-detudes-politiques\/\">L&rsquo;Institut international d\u2019\u00e9tudes politiques (IEP Fontainebleau)<\/a><\/span><\/p>\n<p><span class=\"current\"><a href=\"https:\/\/observatoire-asap.org\/index.php\/living-lab-algopo\/\">Le Living Lab Algopo (plateforme collaborative)<\/a><\/span><\/p>\n<p><a href=\"http:\/\/observatoire-asap.org\/index.php\/rfg-nemesis\/\">Le projet RFG &#8211; Nemesis<\/a><\/p>\n<p>\u00a0<\/p>\n\n\n<p><\/p>\n","protected":false},"excerpt":{"rendered":"<p>Dans le cadre de ses activit\u00e9s, l&rsquo;observatoire ASAP a d\u00e9velopp\u00e9 plusieurs partenariats institutionnels (*) : Philonomist La Chaire Innovation Publique L&rsquo;Institut international d\u2019\u00e9tudes politiques (IEP Fontainebleau) Le Living Lab Algopo (plateforme collaborative) Le projet RFG &#8211; Nemesis \u00a0<\/p>\n","protected":false},"author":1,"featured_media":0,"parent":0,"menu_order":0,"comment_status":"closed","ping_status":"closed","template":"","meta":{"spay_email":"","footnotes":""},"class_list":["post-2710","page","type-page","status-publish","hentry"],"yoast_head":"<!-- This site is optimized with the Yoast SEO plugin v24.9 - https:\/\/yoast.com\/wordpress\/plugins\/seo\/ -->\n<title>Les partenariats -<\/title>\n<meta name=\"robots\" content=\"index, follow, max-snippet:-1, max-image-preview:large, max-video-preview:-1\" \/>\n<link rel=\"canonical\" href=\"http:\/\/observatoire-asap.org\/index.php\/partenariats\/\" \/>\n<meta property=\"og:locale\" content=\"fr_FR\" \/>\n<meta property=\"og:type\" content=\"article\" \/>\n<meta property=\"og:title\" content=\"Les partenariats -\" \/>\n<meta property=\"og:description\" content=\"Dans le cadre de ses activit\u00e9s, l&rsquo;observatoire ASAP a d\u00e9velopp\u00e9 plusieurs partenariats institutionnels (*) : Philonomist La Chaire Innovation Publique L&rsquo;Institut international d\u2019\u00e9tudes politiques (IEP Fontainebleau) Le Living Lab Algopo (plateforme collaborative) Le projet RFG &#8211; Nemesis \u00a0\" \/>\n<meta property=\"og:url\" content=\"http:\/\/observatoire-asap.org\/index.php\/partenariats\/\" \/>\n<meta property=\"article:publisher\" content=\"https:\/\/facebook.com\/fabrice.hamelin.1\" \/>\n<meta property=\"article:modified_time\" content=\"2023-05-30T10:04:10+00:00\" \/>\n<meta name=\"twitter:card\" content=\"summary_large_image\" \/>\n<meta name=\"twitter:label1\" content=\"Dur\u00e9e de lecture estim\u00e9e\" \/>\n\t<meta name=\"twitter:data1\" content=\"1 minute\" \/>\n<script type=\"application\/ld+json\" class=\"yoast-schema-graph\">{\"@context\":\"https:\/\/schema.org\",\"@graph\":[{\"@type\":\"WebPage\",\"@id\":\"http:\/\/observatoire-asap.org\/index.php\/partenariats\/\",\"url\":\"http:\/\/observatoire-asap.org\/index.php\/partenariats\/\",\"name\":\"Les partenariats -\",\"isPartOf\":{\"@id\":\"http:\/\/observatoire-asap.org\/#website\"},\"datePublished\":\"2021-03-20T20:48:43+00:00\",\"dateModified\":\"2023-05-30T10:04:10+00:00\",\"breadcrumb\":{\"@id\":\"http:\/\/observatoire-asap.org\/index.php\/partenariats\/#breadcrumb\"},\"inLanguage\":\"fr-FR\",\"potentialAction\":[{\"@type\":\"ReadAction\",\"target\":[\"http:\/\/observatoire-asap.org\/index.php\/partenariats\/\"]}]},{\"@type\":\"BreadcrumbList\",\"@id\":\"http:\/\/observatoire-asap.org\/index.php\/partenariats\/#breadcrumb\",\"itemListElement\":[{\"@type\":\"ListItem\",\"position\":1,\"name\":\"Accueil\",\"item\":\"http:\/\/observatoire-asap.org\/\"},{\"@type\":\"ListItem\",\"position\":2,\"name\":\"Les partenariats\"}]},{\"@type\":\"WebSite\",\"@id\":\"http:\/\/observatoire-asap.org\/#website\",\"url\":\"http:\/\/observatoire-asap.org\/\",\"name\":\"Action Soci\u00e9tale et Action Publique\",\"description\":\"\",\"publisher\":{\"@id\":\"http:\/\/observatoire-asap.org\/#organization\"},\"potentialAction\":[{\"@type\":\"SearchAction\",\"target\":{\"@type\":\"EntryPoint\",\"urlTemplate\":\"http:\/\/observatoire-asap.org\/?s={search_term_string}\"},\"query-input\":{\"@type\":\"PropertyValueSpecification\",\"valueRequired\":true,\"valueName\":\"search_term_string\"}}],\"inLanguage\":\"fr-FR\"},{\"@type\":\"Organization\",\"@id\":\"http:\/\/observatoire-asap.org\/#organization\",\"name\":\"Laboratoire ASAP\",\"url\":\"http:\/\/observatoire-asap.org\/\",\"logo\":{\"@type\":\"ImageObject\",\"inLanguage\":\"fr-FR\",\"@id\":\"http:\/\/observatoire-asap.org\/#\/schema\/logo\/image\/\",\"url\":\"https:\/\/observatoire-asap.org\/wp-content\/uploads\/2022\/01\/cropped-cropped-ASAP_Plan-de-travail-1.png\",\"contentUrl\":\"https:\/\/observatoire-asap.org\/wp-content\/uploads\/2022\/01\/cropped-cropped-ASAP_Plan-de-travail-1.png\",\"width\":1345,\"height\":426,\"caption\":\"Laboratoire ASAP\"},\"image\":{\"@id\":\"http:\/\/observatoire-asap.org\/#\/schema\/logo\/image\/\"},\"sameAs\":[\"https:\/\/facebook.com\/fabrice.hamelin.1\"]}]}<\/script>\n<!-- \/ Yoast SEO plugin. -->","yoast_head_json":{"title":"Les partenariats -","robots":{"index":"index","follow":"follow","max-snippet":"max-snippet:-1","max-image-preview":"max-image-preview:large","max-video-preview":"max-video-preview:-1"},"canonical":"http:\/\/observatoire-asap.org\/index.php\/partenariats\/","og_locale":"fr_FR","og_type":"article","og_title":"Les partenariats -","og_description":"Dans le cadre de ses activit\u00e9s, l&rsquo;observatoire ASAP a d\u00e9velopp\u00e9 plusieurs partenariats institutionnels (*) : Philonomist La Chaire Innovation Publique L&rsquo;Institut international d\u2019\u00e9tudes politiques (IEP Fontainebleau) Le Living Lab Algopo (plateforme collaborative) Le projet RFG &#8211; Nemesis \u00a0","og_url":"http:\/\/observatoire-asap.org\/index.php\/partenariats\/","article_publisher":"https:\/\/facebook.com\/fabrice.hamelin.1","article_modified_time":"2023-05-30T10:04:10+00:00","twitter_card":"summary_large_image","twitter_misc":{"Dur\u00e9e de lecture estim\u00e9e":"1 minute"},"schema":{"@context":"https:\/\/schema.org","@graph":[{"@type":"WebPage","@id":"http:\/\/observatoire-asap.org\/index.php\/partenariats\/","url":"http:\/\/observatoire-asap.org\/index.php\/partenariats\/","name":"Les partenariats -","isPartOf":{"@id":"http:\/\/observatoire-asap.org\/#website"},"datePublished":"2021-03-20T20:48:43+00:00","dateModified":"2023-05-30T10:04:10+00:00","breadcrumb":{"@id":"http:\/\/observatoire-asap.org\/index.php\/partenariats\/#breadcrumb"},"inLanguage":"fr-FR","potentialAction":[{"@type":"ReadAction","target":["http:\/\/observatoire-asap.org\/index.php\/partenariats\/"]}]},{"@type":"BreadcrumbList","@id":"http:\/\/observatoire-asap.org\/index.php\/partenariats\/#breadcrumb","itemListElement":[{"@type":"ListItem","position":1,"name":"Accueil","item":"http:\/\/observatoire-asap.org\/"},{"@type":"ListItem","position":2,"name":"Les partenariats"}]},{"@type":"WebSite","@id":"http:\/\/observatoire-asap.org\/#website","url":"http:\/\/observatoire-asap.org\/","name":"Action Soci\u00e9tale et Action Publique","description":"","publisher":{"@id":"http:\/\/observatoire-asap.org\/#organization"},"potentialAction":[{"@type":"SearchAction","target":{"@type":"EntryPoint","urlTemplate":"http:\/\/observatoire-asap.org\/?s={search_term_string}"},"query-input":{"@type":"PropertyValueSpecification","valueRequired":true,"valueName":"search_term_string"}}],"inLanguage":"fr-FR"},{"@type":"Organization","@id":"http:\/\/observatoire-asap.org\/#organization","name":"Laboratoire ASAP","url":"http:\/\/observatoire-asap.org\/","logo":{"@type":"ImageObject","inLanguage":"fr-FR","@id":"http:\/\/observatoire-asap.org\/#\/schema\/logo\/image\/","url":"https:\/\/observatoire-asap.org\/wp-content\/uploads\/2022\/01\/cropped-cropped-ASAP_Plan-de-travail-1.png","contentUrl":"https:\/\/observatoire-asap.org\/wp-content\/uploads\/2022\/01\/cropped-cropped-ASAP_Plan-de-travail-1.png","width":1345,"height":426,"caption":"Laboratoire ASAP"},"image":{"@id":"http:\/\/observatoire-asap.org\/#\/schema\/logo\/image\/"},"sameAs":["https:\/\/facebook.com\/fabrice.hamelin.1"]}]}},"_links":{"self":[{"href":"https:\/\/observatoire-asap.org\/index.php\/wp-json\/wp\/v2\/pages\/2710","targetHints":{"allow":["GET"]}}],"collection":[{"href":"https:\/\/observatoire-asap.org\/index.php\/wp-json\/wp\/v2\/pages"}],"about":[{"href":"https:\/\/observatoire-asap.org\/index.php\/wp-json\/wp\/v2\/types\/page"}],"author":[{"embeddable":true,"href":"https:\/\/observatoire-asap.org\/index.php\/wp-json\/wp\/v2\/users\/1"}],"replies":[{"embeddable":true,"href":"https:\/\/observatoire-asap.org\/index.php\/wp-json\/wp\/v2\/comments?post=2710"}],"version-history":[{"count":12,"href":"https:\/\/observatoire-asap.org\/index.php\/wp-json\/wp\/v2\/pages\/2710\/revisions"}],"predecessor-version":[{"id":5576,"href":"https:\/\/observatoire-asap.org\/index.php\/wp-json\/wp\/v2\/pages\/2710\/revisions\/5576"}],"wp:attachment":[{"href":"https:\/\/observatoire-asap.org\/index.php\/wp-json\/wp\/v2\/media?parent=2710"}],"curies":[{"name":"wp","href":"https:\/\/api.w.org\/{rel}","templated":true}]}}