{"id":195,"date":"2020-02-26T23:56:26","date_gmt":"2020-02-26T22:56:26","guid":{"rendered":"http:\/\/observatoire-asap.org\/?page_id=195"},"modified":"2025-10-08T11:37:01","modified_gmt":"2025-10-08T09:37:01","slug":"comite-de-pilotage","status":"publish","type":"page","link":"https:\/\/observatoire-asap.org\/index.php\/comite-de-pilotage\/","title":{"rendered":"comit\u00e9 de pilotage"},"content":{"rendered":"\n<div class=\"wp-block-columns is-layout-flex wp-container-core-columns-is-layout-9d6595d7 wp-block-columns-is-layout-flex\">\n<div class=\"wp-block-column is-vertically-aligned-center is-layout-flow wp-block-column-is-layout-flow\"><div class=\"wp-block-image is-style-rounded\">\n<figure class=\"aligncenter size-thumbnail\"><img loading=\"lazy\" decoding=\"async\" width=\"150\" height=\"150\" src=\"http:\/\/observatoire-asap.org\/wp-content\/uploads\/2025\/10\/philippe-froute-150x150.jpg\" alt=\"\" class=\"wp-image-6312\"\/><\/figure><\/div><\/div>\n\n\n\n<div class=\"wp-block-column is-vertically-aligned-center is-layout-flow wp-block-column-is-layout-flow\" style=\"flex-basis:65%\">\n<div class=\"wp-block-columns is-layout-flex wp-container-core-columns-is-layout-9d6595d7 wp-block-columns-is-layout-flex\">\n<div class=\"wp-block-column is-layout-flow wp-block-column-is-layout-flow\" style=\"flex-basis:100%\">\n<p>Dr.<a href=\"https:\/\/observatoire-asap.org\/index.php\/2025\/10\/08\/philippe-froute\/\"> Philippe Frout\u00e9<\/a>, <span data-olk-copy-source=\"MessageBody\">doyen de l&rsquo;AEI International School \u00e0 l&rsquo;Universit\u00e9 Paris-Est Cr\u00e9teil Val de Marne<\/span>\u00a0<em>Maitre de conf\u00e9rences HDR <\/em>en sciences \u00e9conomiques<\/p>\n\n\n\n<p><\/p>\n<\/div>\n<\/div>\n<\/div>\n<\/div>\n\n\n\n<div class=\"wp-block-columns is-layout-flex wp-container-core-columns-is-layout-9d6595d7 wp-block-columns-is-layout-flex\">\n<div class=\"wp-block-column is-vertically-aligned-center is-layout-flow wp-block-column-is-layout-flow\"><div class=\"wp-block-image is-style-rounded\">\n<figure class=\"aligncenter size-thumbnail\"><img loading=\"lazy\" decoding=\"async\" width=\"150\" height=\"150\" src=\"http:\/\/observatoire-asap.org\/wp-content\/uploads\/2020\/02\/fabrice-hamelin-0952-150x150.jpg\" alt=\"\" class=\"wp-image-225\"\/><\/figure><\/div><\/div>\n\n\n\n<div class=\"wp-block-column is-vertically-aligned-center is-layout-flow wp-block-column-is-layout-flow\" style=\"flex-basis:65%\">\n<div class=\"wp-block-columns is-layout-flex wp-container-core-columns-is-layout-9d6595d7 wp-block-columns-is-layout-flex\">\n<div class=\"wp-block-column is-layout-flow wp-block-column-is-layout-flow\" style=\"flex-basis:100%\">\n<p>Dr. <a href=\"http:\/\/observatoire-asap.org\/index.php\/2020\/02\/27\/fabrice-hamelin\/\">Fabrice Hamelin<\/a>, responsable des partenariats institutionnels<\/p>\n<p><em>Maitre de conf\u00e9rences HDR <\/em>en sciences politiques<em> &#8211; <\/em>Laboraroire LIPHA &#8211; professeur des universit\u00e9s de sociologie<em><br \/><\/em><\/p>\n<p>Ecole Internationale d&rsquo;Etudes Politiques &#8211; IEP Fontainebleau<em><br \/><\/em><\/p>\n\n\n\n<p><\/p>\n<\/div>\n<\/div>\n<\/div>\n<\/div>\n\n\n\n<div class=\"wp-block-columns is-layout-flex wp-container-core-columns-is-layout-9d6595d7 wp-block-columns-is-layout-flex\">\n<div class=\"wp-block-column is-layout-flow wp-block-column-is-layout-flow\"><div class=\"wp-block-image is-style-rounded\">\n<figure class=\"aligncenter size-full is-resized\"><img loading=\"lazy\" decoding=\"async\" width=\"299\" height=\"168\" src=\"http:\/\/observatoire-asap.org\/wp-content\/uploads\/2022\/05\/indexOM.jpg\" alt=\"\" class=\"wp-image-4633\" style=\"width:230px;height:128px\" srcset=\"https:\/\/observatoire-asap.org\/wp-content\/uploads\/2022\/05\/indexOM.jpg 299w, https:\/\/observatoire-asap.org\/wp-content\/uploads\/2022\/05\/indexOM-107x60.jpg 107w\" sizes=\"auto, (max-width: 299px) 100vw, 299px\" \/><\/figure><\/div><\/div>\n\n\n\n<div class=\"wp-block-column is-vertically-aligned-center is-layout-flow wp-block-column-is-layout-flow\" style=\"flex-basis:65%\">\n<figure class=\"wp-block-table\"><table><tbody><tr><td>Pr. <a href=\"http:\/\/observatoire-asap.org\/index.php\/2020\/02\/02\/olivier-meier\/\">Olivier Meier<\/a>, directeur de l&rsquo;Observatoire ASAP \/ Chaire Innovation Publique<br><br><em>Professeur des universit\u00e9s<\/em>,  <em>HDR <\/em>en sciences de gestion &#8211; Laboratoire LIPHA<br><br><em>Sciences Po Paris &#8211; Executive <\/em>Masters et Mast\u00e8res Sp\u00e9cialis\u00e9s &#8211; IH2EF<\/td><\/tr><\/tbody><\/table><\/figure>\n<\/div>\n<\/div>\n\n\n\n<div class=\"wp-block-columns is-layout-flex wp-container-core-columns-is-layout-9d6595d7 wp-block-columns-is-layout-flex\">\n<div class=\"wp-block-column is-vertically-aligned-center is-layout-flow wp-block-column-is-layout-flow\"><div class=\"wp-block-image is-style-rounded\">\n<figure class=\"aligncenter size-thumbnail\"><img loading=\"lazy\" decoding=\"async\" width=\"150\" height=\"150\" src=\"http:\/\/observatoire-asap.org\/wp-content\/uploads\/2020\/02\/LolitaRubens-1-150x150.jpg\" alt=\"\" class=\"wp-image-237\"\/><\/figure><\/div><\/div>\n\n\n\n<div class=\"wp-block-column is-vertically-aligned-center is-layout-flow wp-block-column-is-layout-flow\" style=\"flex-basis:65%\">\n<p>Dr. <a href=\"http:\/\/observatoire-asap.org\/index.php\/2020\/02\/02\/lolita-rubens\/\">Lolita Rubens<\/a>, responsable de la communication institutionnelle<\/p>\n\n\n\n<p><em>Professeure des universit\u00e9s en psychologie sociale<\/em> &#8211; Laboratoire LIRTES<\/p>\n\n\n\n<p><em>Assesseure Vie de campus et d\u00e9veloppement durable &#8211; <\/em>Universit\u00e9 Paris Est<\/p>\n<\/div>\n<\/div>\n\n\n\n<div class=\"wp-block-columns is-layout-flex wp-container-core-columns-is-layout-9d6595d7 wp-block-columns-is-layout-flex\">\n<div class=\"wp-block-column is-layout-flow wp-block-column-is-layout-flow\"><div class=\"wp-block-image is-style-rounded\">\n<figure class=\"aligncenter size-full is-resized\"><img loading=\"lazy\" decoding=\"async\" width=\"299\" height=\"168\" src=\"http:\/\/observatoire-asap.org\/wp-content\/uploads\/2022\/05\/index.jpg\" alt=\"\" class=\"wp-image-4631\" style=\"width:219px;height:136px\" srcset=\"https:\/\/observatoire-asap.org\/wp-content\/uploads\/2022\/05\/index.jpg 299w, https:\/\/observatoire-asap.org\/wp-content\/uploads\/2022\/05\/index-107x60.jpg 107w\" sizes=\"auto, (max-width: 299px) 100vw, 299px\" \/><\/figure><\/div><\/div>\n\n\n\n<div class=\"wp-block-column is-vertically-aligned-center is-layout-flow wp-block-column-is-layout-flow\" style=\"flex-basis:65%\">\n<figure class=\"wp-block-table\"><table><tbody><tr><td>Pr. <a href=\"http:\/\/observatoire-asap.org\/index.php\/2020\/02\/14\/francois-grima\/\">Fran\u00e7ois Grima<\/a>, responsable des ateliers de recherche<br><br><em>Professeur des universit\u00e9s en sciences de gestion \u2013 Laboratoire IRG<\/em><br><br>Facult\u00e9 d&rsquo;administration et \u00e9changes internationaux<\/td><\/tr><\/tbody><\/table><\/figure>\n<\/div>\n<\/div>\n","protected":false},"excerpt":{"rendered":"<p>Dr. Philippe Frout\u00e9, doyen de l&rsquo;AEI International School \u00e0 l&rsquo;Universit\u00e9 Paris-Est Cr\u00e9teil Val de Marne\u00a0Maitre de conf\u00e9rences HDR en sciences \u00e9conomiques Dr. Fabrice Hamelin, responsable des partenariats institutionnels Maitre de conf\u00e9rences HDR en sciences politiques &#8211; Laboraroire LIPHA &#8211; professeur des universit\u00e9s de sociologie Ecole Internationale d&rsquo;Etudes Politiques &#8211; IEP Fontainebleau Pr. Olivier Meier, directeur &hellip; <\/p>\n","protected":false},"author":1,"featured_media":0,"parent":0,"menu_order":0,"comment_status":"closed","ping_status":"closed","template":"","meta":{"spay_email":"","footnotes":""},"class_list":["post-195","page","type-page","status-publish","hentry"],"yoast_head":"<!-- This site is optimized with the Yoast SEO plugin v24.9 - https:\/\/yoast.com\/wordpress\/plugins\/seo\/ -->\n<title>comit\u00e9 de pilotage -<\/title>\n<meta name=\"robots\" content=\"index, follow, max-snippet:-1, max-image-preview:large, max-video-preview:-1\" \/>\n<link rel=\"canonical\" href=\"https:\/\/observatoire-asap.org\/index.php\/comite-de-pilotage\/\" \/>\n<meta property=\"og:locale\" content=\"fr_FR\" \/>\n<meta property=\"og:type\" content=\"article\" \/>\n<meta property=\"og:title\" content=\"comit\u00e9 de pilotage -\" \/>\n<meta property=\"og:description\" content=\"Dr. Philippe Frout\u00e9, doyen de l&rsquo;AEI International School \u00e0 l&rsquo;Universit\u00e9 Paris-Est Cr\u00e9teil Val de Marne\u00a0Maitre de conf\u00e9rences HDR en sciences \u00e9conomiques Dr. Fabrice Hamelin, responsable des partenariats institutionnels Maitre de conf\u00e9rences HDR en sciences politiques &#8211; Laboraroire LIPHA &#8211; professeur des universit\u00e9s de sociologie Ecole Internationale d&rsquo;Etudes Politiques &#8211; IEP Fontainebleau Pr. Olivier Meier, directeur &hellip;\" \/>\n<meta property=\"og:url\" content=\"https:\/\/observatoire-asap.org\/index.php\/comite-de-pilotage\/\" \/>\n<meta property=\"article:publisher\" content=\"https:\/\/facebook.com\/fabrice.hamelin.1\" \/>\n<meta property=\"article:modified_time\" content=\"2025-10-08T09:37:01+00:00\" \/>\n<meta property=\"og:image\" content=\"https:\/\/observatoire-asap.org\/wp-content\/uploads\/2025\/10\/philippe-froute-scaled.jpg\" \/>\n\t<meta property=\"og:image:width\" content=\"2560\" \/>\n\t<meta property=\"og:image:height\" content=\"1707\" \/>\n\t<meta property=\"og:image:type\" content=\"image\/jpeg\" \/>\n<meta name=\"twitter:card\" content=\"summary_large_image\" \/>\n<meta name=\"twitter:label1\" content=\"Dur\u00e9e de lecture estim\u00e9e\" \/>\n\t<meta name=\"twitter:data1\" content=\"2 minutes\" \/>\n<script type=\"application\/ld+json\" class=\"yoast-schema-graph\">{\"@context\":\"https:\/\/schema.org\",\"@graph\":[{\"@type\":\"WebPage\",\"@id\":\"https:\/\/observatoire-asap.org\/index.php\/comite-de-pilotage\/\",\"url\":\"https:\/\/observatoire-asap.org\/index.php\/comite-de-pilotage\/\",\"name\":\"comit\u00e9 de pilotage -\",\"isPartOf\":{\"@id\":\"http:\/\/observatoire-asap.org\/#website\"},\"primaryImageOfPage\":{\"@id\":\"https:\/\/observatoire-asap.org\/index.php\/comite-de-pilotage\/#primaryimage\"},\"image\":{\"@id\":\"https:\/\/observatoire-asap.org\/index.php\/comite-de-pilotage\/#primaryimage\"},\"thumbnailUrl\":\"http:\/\/observatoire-asap.org\/wp-content\/uploads\/2025\/10\/philippe-froute-150x150.jpg\",\"datePublished\":\"2020-02-26T22:56:26+00:00\",\"dateModified\":\"2025-10-08T09:37:01+00:00\",\"breadcrumb\":{\"@id\":\"https:\/\/observatoire-asap.org\/index.php\/comite-de-pilotage\/#breadcrumb\"},\"inLanguage\":\"fr-FR\",\"potentialAction\":[{\"@type\":\"ReadAction\",\"target\":[\"https:\/\/observatoire-asap.org\/index.php\/comite-de-pilotage\/\"]}]},{\"@type\":\"ImageObject\",\"inLanguage\":\"fr-FR\",\"@id\":\"https:\/\/observatoire-asap.org\/index.php\/comite-de-pilotage\/#primaryimage\",\"url\":\"https:\/\/observatoire-asap.org\/wp-content\/uploads\/2025\/10\/philippe-froute-scaled.jpg\",\"contentUrl\":\"https:\/\/observatoire-asap.org\/wp-content\/uploads\/2025\/10\/philippe-froute-scaled.jpg\",\"width\":2560,\"height\":1707},{\"@type\":\"BreadcrumbList\",\"@id\":\"https:\/\/observatoire-asap.org\/index.php\/comite-de-pilotage\/#breadcrumb\",\"itemListElement\":[{\"@type\":\"ListItem\",\"position\":1,\"name\":\"Accueil\",\"item\":\"http:\/\/observatoire-asap.org\/\"},{\"@type\":\"ListItem\",\"position\":2,\"name\":\"comit\u00e9 de pilotage\"}]},{\"@type\":\"WebSite\",\"@id\":\"http:\/\/observatoire-asap.org\/#website\",\"url\":\"http:\/\/observatoire-asap.org\/\",\"name\":\"Action Soci\u00e9tale et Action Publique\",\"description\":\"\",\"publisher\":{\"@id\":\"http:\/\/observatoire-asap.org\/#organization\"},\"potentialAction\":[{\"@type\":\"SearchAction\",\"target\":{\"@type\":\"EntryPoint\",\"urlTemplate\":\"http:\/\/observatoire-asap.org\/?s={search_term_string}\"},\"query-input\":{\"@type\":\"PropertyValueSpecification\",\"valueRequired\":true,\"valueName\":\"search_term_string\"}}],\"inLanguage\":\"fr-FR\"},{\"@type\":\"Organization\",\"@id\":\"http:\/\/observatoire-asap.org\/#organization\",\"name\":\"Laboratoire ASAP\",\"url\":\"http:\/\/observatoire-asap.org\/\",\"logo\":{\"@type\":\"ImageObject\",\"inLanguage\":\"fr-FR\",\"@id\":\"http:\/\/observatoire-asap.org\/#\/schema\/logo\/image\/\",\"url\":\"https:\/\/observatoire-asap.org\/wp-content\/uploads\/2022\/01\/cropped-cropped-ASAP_Plan-de-travail-1.png\",\"contentUrl\":\"https:\/\/observatoire-asap.org\/wp-content\/uploads\/2022\/01\/cropped-cropped-ASAP_Plan-de-travail-1.png\",\"width\":1345,\"height\":426,\"caption\":\"Laboratoire ASAP\"},\"image\":{\"@id\":\"http:\/\/observatoire-asap.org\/#\/schema\/logo\/image\/\"},\"sameAs\":[\"https:\/\/facebook.com\/fabrice.hamelin.1\"]}]}<\/script>\n<!-- \/ Yoast SEO plugin. -->","yoast_head_json":{"title":"comit\u00e9 de pilotage -","robots":{"index":"index","follow":"follow","max-snippet":"max-snippet:-1","max-image-preview":"max-image-preview:large","max-video-preview":"max-video-preview:-1"},"canonical":"https:\/\/observatoire-asap.org\/index.php\/comite-de-pilotage\/","og_locale":"fr_FR","og_type":"article","og_title":"comit\u00e9 de pilotage -","og_description":"Dr. Philippe Frout\u00e9, doyen de l&rsquo;AEI International School \u00e0 l&rsquo;Universit\u00e9 Paris-Est Cr\u00e9teil Val de Marne\u00a0Maitre de conf\u00e9rences HDR en sciences \u00e9conomiques Dr. Fabrice Hamelin, responsable des partenariats institutionnels Maitre de conf\u00e9rences HDR en sciences politiques &#8211; Laboraroire LIPHA &#8211; professeur des universit\u00e9s de sociologie Ecole Internationale d&rsquo;Etudes Politiques &#8211; IEP Fontainebleau Pr. Olivier Meier, directeur &hellip;","og_url":"https:\/\/observatoire-asap.org\/index.php\/comite-de-pilotage\/","article_publisher":"https:\/\/facebook.com\/fabrice.hamelin.1","article_modified_time":"2025-10-08T09:37:01+00:00","og_image":[{"width":2560,"height":1707,"url":"https:\/\/observatoire-asap.org\/wp-content\/uploads\/2025\/10\/philippe-froute-scaled.jpg","type":"image\/jpeg"}],"twitter_card":"summary_large_image","twitter_misc":{"Dur\u00e9e de lecture estim\u00e9e":"2 minutes"},"schema":{"@context":"https:\/\/schema.org","@graph":[{"@type":"WebPage","@id":"https:\/\/observatoire-asap.org\/index.php\/comite-de-pilotage\/","url":"https:\/\/observatoire-asap.org\/index.php\/comite-de-pilotage\/","name":"comit\u00e9 de pilotage -","isPartOf":{"@id":"http:\/\/observatoire-asap.org\/#website"},"primaryImageOfPage":{"@id":"https:\/\/observatoire-asap.org\/index.php\/comite-de-pilotage\/#primaryimage"},"image":{"@id":"https:\/\/observatoire-asap.org\/index.php\/comite-de-pilotage\/#primaryimage"},"thumbnailUrl":"http:\/\/observatoire-asap.org\/wp-content\/uploads\/2025\/10\/philippe-froute-150x150.jpg","datePublished":"2020-02-26T22:56:26+00:00","dateModified":"2025-10-08T09:37:01+00:00","breadcrumb":{"@id":"https:\/\/observatoire-asap.org\/index.php\/comite-de-pilotage\/#breadcrumb"},"inLanguage":"fr-FR","potentialAction":[{"@type":"ReadAction","target":["https:\/\/observatoire-asap.org\/index.php\/comite-de-pilotage\/"]}]},{"@type":"ImageObject","inLanguage":"fr-FR","@id":"https:\/\/observatoire-asap.org\/index.php\/comite-de-pilotage\/#primaryimage","url":"https:\/\/observatoire-asap.org\/wp-content\/uploads\/2025\/10\/philippe-froute-scaled.jpg","contentUrl":"https:\/\/observatoire-asap.org\/wp-content\/uploads\/2025\/10\/philippe-froute-scaled.jpg","width":2560,"height":1707},{"@type":"BreadcrumbList","@id":"https:\/\/observatoire-asap.org\/index.php\/comite-de-pilotage\/#breadcrumb","itemListElement":[{"@type":"ListItem","position":1,"name":"Accueil","item":"http:\/\/observatoire-asap.org\/"},{"@type":"ListItem","position":2,"name":"comit\u00e9 de pilotage"}]},{"@type":"WebSite","@id":"http:\/\/observatoire-asap.org\/#website","url":"http:\/\/observatoire-asap.org\/","name":"Action Soci\u00e9tale et Action Publique","description":"","publisher":{"@id":"http:\/\/observatoire-asap.org\/#organization"},"potentialAction":[{"@type":"SearchAction","target":{"@type":"EntryPoint","urlTemplate":"http:\/\/observatoire-asap.org\/?s={search_term_string}"},"query-input":{"@type":"PropertyValueSpecification","valueRequired":true,"valueName":"search_term_string"}}],"inLanguage":"fr-FR"},{"@type":"Organization","@id":"http:\/\/observatoire-asap.org\/#organization","name":"Laboratoire ASAP","url":"http:\/\/observatoire-asap.org\/","logo":{"@type":"ImageObject","inLanguage":"fr-FR","@id":"http:\/\/observatoire-asap.org\/#\/schema\/logo\/image\/","url":"https:\/\/observatoire-asap.org\/wp-content\/uploads\/2022\/01\/cropped-cropped-ASAP_Plan-de-travail-1.png","contentUrl":"https:\/\/observatoire-asap.org\/wp-content\/uploads\/2022\/01\/cropped-cropped-ASAP_Plan-de-travail-1.png","width":1345,"height":426,"caption":"Laboratoire ASAP"},"image":{"@id":"http:\/\/observatoire-asap.org\/#\/schema\/logo\/image\/"},"sameAs":["https:\/\/facebook.com\/fabrice.hamelin.1"]}]}},"_links":{"self":[{"href":"https:\/\/observatoire-asap.org\/index.php\/wp-json\/wp\/v2\/pages\/195","targetHints":{"allow":["GET"]}}],"collection":[{"href":"https:\/\/observatoire-asap.org\/index.php\/wp-json\/wp\/v2\/pages"}],"about":[{"href":"https:\/\/observatoire-asap.org\/index.php\/wp-json\/wp\/v2\/types\/page"}],"author":[{"embeddable":true,"href":"https:\/\/observatoire-asap.org\/index.php\/wp-json\/wp\/v2\/users\/1"}],"replies":[{"embeddable":true,"href":"https:\/\/observatoire-asap.org\/index.php\/wp-json\/wp\/v2\/comments?post=195"}],"version-history":[{"count":86,"href":"https:\/\/observatoire-asap.org\/index.php\/wp-json\/wp\/v2\/pages\/195\/revisions"}],"predecessor-version":[{"id":6318,"href":"https:\/\/observatoire-asap.org\/index.php\/wp-json\/wp\/v2\/pages\/195\/revisions\/6318"}],"wp:attachment":[{"href":"https:\/\/observatoire-asap.org\/index.php\/wp-json\/wp\/v2\/media?parent=195"}],"curies":[{"name":"wp","href":"https:\/\/api.w.org\/{rel}","templated":true}]}}