{"id":1510,"date":"2020-12-11T22:26:46","date_gmt":"2020-12-11T21:26:46","guid":{"rendered":"http:\/\/observatoire-asap.org\/?page_id=1510"},"modified":"2021-04-22T22:17:44","modified_gmt":"2021-04-22T20:17:44","slug":"lettre-3-12-2020","status":"publish","type":"page","link":"https:\/\/observatoire-asap.org\/index.php\/lettre-3-12-2020\/","title":{"rendered":"Lettre #3 &#8211; 12\/2020"},"content":{"rendered":"\n<div class=\"wp-block-file\"><a href=\"http:\/\/observatoire-asap.org\/wp-content\/uploads\/2021\/04\/Lettre-3-fusionnee.pdf\"><strong>Lettre #3 compl\u00e8te<\/strong><\/a><a href=\"http:\/\/observatoire-asap.org\/wp-content\/uploads\/2021\/04\/Lettre-3-fusionnee.pdf\" class=\"wp-block-file__button\" download>T\u00e9l\u00e9charger<\/a><\/div>\n\n\n<h2>1. Tribune<\/h2>\n\n\n<div class=\"wp-block-columns is-layout-flex wp-container-core-columns-is-layout-9d6595d7 wp-block-columns-is-layout-flex\">\n<div class=\"wp-block-column is-layout-flow wp-block-column-is-layout-flow\" style=\"flex-basis:66.66%\">\n<p><a href=\"http:\/\/observatoire-asap.org\/index.php\/2020\/11\/14\/universitaires-et-universites-meme-combat\/\">Universitaires et universit\u00e9s : m\u00eame combat !<\/a> par <a href=\"http:\/\/observatoire-asap.org\/index.php\/2020\/10\/24\/aude-deville\/\">Aude Deville<\/a> et <a href=\"http:\/\/observatoire-asap.org\/index.php\/2020\/02\/02\/olivier-meier\/\">Olivier Meier <\/a><\/p>\n<\/div>\n\n\n\n<div class=\"wp-block-column is-layout-flow wp-block-column-is-layout-flow\" style=\"flex-basis:33.33%\">\n<div class=\"wp-block-file\"><a href=\"http:\/\/observatoire-asap.org\/wp-content\/uploads\/2020\/12\/Deville_Meier_Lettre3_ASAP_12_20.pdf\" class=\"wp-block-file__button\" download>T\u00e9l\u00e9charger<\/a><\/div>\n<\/div>\n<\/div>\n\n\n\n<div class=\"wp-block-columns is-layout-flex wp-container-core-columns-is-layout-9d6595d7 wp-block-columns-is-layout-flex\">\n<div class=\"wp-block-column is-layout-flow wp-block-column-is-layout-flow\" style=\"flex-basis:66.66%\">\n<p><a href=\"http:\/\/observatoire-asap.org\/index.php\/2020\/11\/15\/responsabiliser-sans-controle-ni-sanction-sens-et-contresens-au-sein-des-universites\/\">Responsabiliser sans contr\u00f4le ni sanction : sens et contresens au sein des universit\u00e9s<\/a> par <a href=\"http:\/\/observatoire-asap.org\/index.php\/2020\/10\/24\/aude-deville\/\">Aude Deville<\/a> et <a href=\"http:\/\/observatoire-asap.org\/index.php\/2020\/10\/23\/stephanie-chatelain-ponroy\/\">St\u00e9phanie Chatelain-Ponroy<\/a><\/p>\n\n\n\n<h2>2. Entretien<\/h2>\n<\/div>\n\n\n\n<div class=\"wp-block-column is-layout-flow wp-block-column-is-layout-flow\" style=\"flex-basis:33.33%\">\n<div class=\"wp-block-file\"><a href=\"http:\/\/observatoire-asap.org\/wp-content\/uploads\/2020\/12\/Chatelain_Deville_Lettre3_ASAP_12_20.pdf\" class=\"wp-block-file__button\" download>T\u00e9l\u00e9charger<\/a><\/div>\n<\/div>\n<\/div>\n\n\n\n<div class=\"wp-block-columns is-layout-flex wp-container-core-columns-is-layout-9d6595d7 wp-block-columns-is-layout-flex\">\n<div class=\"wp-block-column is-layout-flow wp-block-column-is-layout-flow\" style=\"flex-basis:66.66%\">\n<p><a href=\"http:\/\/observatoire-asap.org\/index.php\/2020\/11\/30\/linclusion-scolaire-un-long-parcours-et-des-obstacles-a-lever\/\">L\u2019inclusion scolaire\u2026 un long parcours\u2026 et des obstacles \u00e0 lever<\/a>. Entretien men\u00e9 par <a href=\"http:\/\/observatoire-asap.org\/index.php\/2020\/02\/15\/maryvonne-dussaux\/\">Maryvonne Dussaux<\/a><\/p>\n<\/div>\n\n\n\n<div class=\"wp-block-column is-layout-flow wp-block-column-is-layout-flow\" style=\"flex-basis:33.33%\">\n<div class=\"wp-block-file\"><a href=\"http:\/\/observatoire-asap.org\/wp-content\/uploads\/2020\/12\/Dussaux_Lettre3_ASAP_12_20.pdf\" class=\"wp-block-file__button\" download>T\u00e9l\u00e9charger<\/a><\/div>\n<\/div>\n<\/div>\n\n\n<h2>3. Politique<\/h2>\n\n\n<div class=\"wp-block-columns is-layout-flex wp-container-core-columns-is-layout-9d6595d7 wp-block-columns-is-layout-flex\">\n<div class=\"wp-block-column is-layout-flow wp-block-column-is-layout-flow\" style=\"flex-basis:66.66%\">\n<p><a href=\"http:\/\/observatoire-asap.org\/index.php\/2020\/10\/24\/lacceptabilite-sociale-le-nouvel-eldorado-de-laction-publique\/\">L\u2019acceptation sociale, nouvel Eldorado de l\u2019action publique <\/a>par <a href=\"http:\/\/observatoire-asap.org\/index.php\/2020\/02\/27\/fabrice-hamelin\/\">Fabrice Hamelin <\/a><\/p>\n<\/div>\n\n\n\n<div class=\"wp-block-column is-layout-flow wp-block-column-is-layout-flow\" style=\"flex-basis:33.33%\">\n<div class=\"wp-block-file\"><a href=\"http:\/\/observatoire-asap.org\/wp-content\/uploads\/2020\/12\/Hamelin_Lettre3_ASAP_12_20.pdf\" class=\"wp-block-file__button\" download>T\u00e9l\u00e9charger<\/a><\/div>\n<\/div>\n<\/div>\n\n\n\n<div class=\"wp-block-columns is-layout-flex wp-container-core-columns-is-layout-9d6595d7 wp-block-columns-is-layout-flex\">\n<div class=\"wp-block-column is-layout-flow wp-block-column-is-layout-flow\" style=\"flex-basis:66.66%\">\n<p><a href=\"http:\/\/observatoire-asap.org\/index.php\/2020\/11\/20\/la-preuve-a-lepreuve-reflexions-sur-la-doctrine-du-gouvernement-experimental\/\">La preuve \u00e0 l\u2019\u00e9preuve : r\u00e9flexions sur la doctrine du gouvernement exp\u00e9rimental<\/a> par <a href=\"http:\/\/observatoire-asap.org\/index.php\/2020\/02\/14\/mathias-bejean\/\">Mathias B\u00e9jean<\/a><\/p>\n<\/div>\n\n\n\n<div class=\"wp-block-column is-layout-flow wp-block-column-is-layout-flow\" style=\"flex-basis:33.33%\">\n<div class=\"wp-block-file\"><a href=\"http:\/\/observatoire-asap.org\/wp-content\/uploads\/2020\/12\/Bejean_Lettre3_ASAP_12_20.pdf\" class=\"wp-block-file__button\" download>T\u00e9l\u00e9charger<\/a><\/div>\n<\/div>\n<\/div>\n\n\n<h2>4. \u00c9conomie<\/h2>\n\n\n<div class=\"wp-block-columns is-layout-flex wp-container-core-columns-is-layout-9d6595d7 wp-block-columns-is-layout-flex\">\n<div class=\"wp-block-column is-layout-flow wp-block-column-is-layout-flow\" style=\"flex-basis:66.66%\">\n<p><a href=\"http:\/\/observatoire-asap.org\/index.php\/2020\/11\/20\/le-changement-et-linnovation-au-sein-des-organisations-a-travers-lapproche-de-la-deviance-positive\/\">Le changement et l\u2019innovation au sein des organisations \u00e0 travers l\u2019approche de la d\u00e9viance positive<\/a> par <a href=\"http:\/\/observatoire-asap.org\/index.php\/2020\/11\/06\/mathilde-briere\/\">Mathilde Bri\u00e8re<\/a> et <a href=\"http:\/\/observatoire-asap.org\/index.php\/2020\/02\/27\/jeanne-le-roy\/\">Jeanne Le Roy<\/a><\/p>\n\n\n\n<p><\/p>\n<\/div>\n\n\n\n<div class=\"wp-block-column is-layout-flow wp-block-column-is-layout-flow\" style=\"flex-basis:33.33%\">\n<div class=\"wp-block-file\"><a href=\"http:\/\/observatoire-asap.org\/wp-content\/uploads\/2020\/12\/Briere_Le-Roy_Lettre3_ASAP_12_20.pdf\" class=\"wp-block-file__button\" download>T\u00e9l\u00e9charger<\/a><\/div>\n<\/div>\n<\/div>\n\n\n\n<div class=\"wp-block-columns is-layout-flex wp-container-core-columns-is-layout-9d6595d7 wp-block-columns-is-layout-flex\">\n<div class=\"wp-block-column is-layout-flow wp-block-column-is-layout-flow\" style=\"flex-basis:66.66%\">\n<p><a href=\"http:\/\/observatoire-asap.org\/index.php\/2020\/11\/19\/laction-publique-rehabilitee-dans-laction-economique-relance-et-croissance\/\">L\u2019action publique r\u00e9habilit\u00e9e dans l\u2019action \u00e9conomique : relance et croissance<\/a> par <a href=\"http:\/\/observatoire-asap.org\/index.php\/2020\/11\/13\/elizabeth-couzineau-zegwaard\/\">Elizabeth Couzineau-Zegwaard<\/a><\/p>\n<\/div>\n\n\n\n<div class=\"wp-block-column is-layout-flow wp-block-column-is-layout-flow\" style=\"flex-basis:33.33%\">\n<div class=\"wp-block-file\"><a href=\"http:\/\/observatoire-asap.org\/wp-content\/uploads\/2020\/12\/Couzineau_Lettre3_ASAP_12_20.pdf\" class=\"wp-block-file__button\" download>T\u00e9l\u00e9charger<\/a><\/div>\n<\/div>\n<\/div>\n\n\n<h2>5. Soci\u00e9tal<\/h2>\n\n\n<div class=\"wp-block-columns is-layout-flex wp-container-core-columns-is-layout-9d6595d7 wp-block-columns-is-layout-flex\">\n<div class=\"wp-block-column is-layout-flow wp-block-column-is-layout-flow\" style=\"flex-basis:66.66%\">\n<p><span class=\"current\"><a href=\"http:\/\/observatoire-asap.org\/index.php\/2020\/12\/02\/elections-americaines-processus-damerique-et-dailleurs\/\">\u00c9lections Am\u00e9ricaines \u2013 Processus d\u2019Am\u00e9rique et d\u2019Ailleurs<\/a><\/span> par <a href=\"http:\/\/observatoire-asap.org\/index.php\/2020\/10\/27\/isabelle-portelinha\/\">Isabelle Portelinha<\/a><\/p>\n<\/div>\n\n\n\n<div class=\"wp-block-column is-layout-flow wp-block-column-is-layout-flow\" style=\"flex-basis:33.33%\">\n<div class=\"wp-block-file\"><a href=\"http:\/\/observatoire-asap.org\/wp-content\/uploads\/2020\/12\/Portelinha_Lettre3_ASAP_12_20.pdf\" class=\"wp-block-file__button\" download>T\u00e9l\u00e9charger<\/a><\/div>\n<\/div>\n<\/div>\n\n\n<h2>6. \u00c9ducation<\/h2>\n\n\n<div class=\"wp-block-columns is-layout-flex wp-container-core-columns-is-layout-9d6595d7 wp-block-columns-is-layout-flex\">\n<div class=\"wp-block-column is-layout-flow wp-block-column-is-layout-flow\" style=\"flex-basis:66.66%\">\n<p><a href=\"http:\/\/observatoire-asap.org\/index.php\/2020\/11\/30\/comprendre-et-agir-urgence-educative\/\">Comprendre et agir : urgence \u00e9ducative<\/a> par <a href=\"http:\/\/observatoire-asap.org\/index.php\/2020\/02\/15\/maryvonne-dussaux\/\">Maryvonne Dussaux<\/a><\/p>\n<p><\/p>\n<\/div>\n\n\n\n<div class=\"wp-block-column is-layout-flow wp-block-column-is-layout-flow\" style=\"flex-basis:33.33%\">\n<div class=\"wp-block-file\"><a href=\"http:\/\/observatoire-asap.org\/wp-content\/uploads\/2020\/12\/Dussaux_Lettre3_ASAP_12_20-1.pdf\" class=\"wp-block-file__button\" download>T\u00e9l\u00e9charger<\/a><\/div>\n<\/div>\n<\/div>\n","protected":false},"excerpt":{"rendered":"<p>1. Tribune Universitaires et universit\u00e9s : m\u00eame combat ! par Aude Deville et Olivier Meier Responsabiliser sans contr\u00f4le ni sanction : sens et contresens au sein des universit\u00e9s par Aude Deville et St\u00e9phanie Chatelain-Ponroy 2. Entretien L\u2019inclusion scolaire\u2026 un long parcours\u2026 et des obstacles \u00e0 lever. Entretien men\u00e9 par Maryvonne Dussaux 3. Politique L\u2019acceptation sociale, &hellip; <\/p>\n","protected":false},"author":1,"featured_media":0,"parent":0,"menu_order":0,"comment_status":"closed","ping_status":"closed","template":"","meta":{"spay_email":"","footnotes":""},"class_list":["post-1510","page","type-page","status-publish","hentry"],"yoast_head":"<!-- This site is optimized with the Yoast SEO plugin v24.9 - https:\/\/yoast.com\/wordpress\/plugins\/seo\/ -->\n<title>Lettre #3 - 12\/2020 -<\/title>\n<meta name=\"robots\" content=\"index, follow, max-snippet:-1, max-image-preview:large, max-video-preview:-1\" \/>\n<link rel=\"canonical\" href=\"http:\/\/observatoire-asap.org\/index.php\/lettre-3-12-2020\/\" \/>\n<meta property=\"og:locale\" content=\"fr_FR\" \/>\n<meta property=\"og:type\" content=\"article\" \/>\n<meta property=\"og:title\" content=\"Lettre #3 - 12\/2020 -\" \/>\n<meta property=\"og:description\" content=\"1. Tribune Universitaires et universit\u00e9s : m\u00eame combat ! par Aude Deville et Olivier Meier Responsabiliser sans contr\u00f4le ni sanction : sens et contresens au sein des universit\u00e9s par Aude Deville et St\u00e9phanie Chatelain-Ponroy 2. Entretien L\u2019inclusion scolaire\u2026 un long parcours\u2026 et des obstacles \u00e0 lever. Entretien men\u00e9 par Maryvonne Dussaux 3. Politique L\u2019acceptation sociale, &hellip;\" \/>\n<meta property=\"og:url\" content=\"http:\/\/observatoire-asap.org\/index.php\/lettre-3-12-2020\/\" \/>\n<meta property=\"article:publisher\" content=\"https:\/\/facebook.com\/fabrice.hamelin.1\" \/>\n<meta property=\"article:modified_time\" content=\"2021-04-22T20:17:44+00:00\" \/>\n<meta name=\"twitter:card\" content=\"summary_large_image\" \/>\n<meta name=\"twitter:label1\" content=\"Dur\u00e9e de lecture estim\u00e9e\" \/>\n\t<meta name=\"twitter:data1\" content=\"1 minute\" \/>\n<script type=\"application\/ld+json\" class=\"yoast-schema-graph\">{\"@context\":\"https:\/\/schema.org\",\"@graph\":[{\"@type\":\"WebPage\",\"@id\":\"http:\/\/observatoire-asap.org\/index.php\/lettre-3-12-2020\/\",\"url\":\"http:\/\/observatoire-asap.org\/index.php\/lettre-3-12-2020\/\",\"name\":\"Lettre #3 - 12\/2020 -\",\"isPartOf\":{\"@id\":\"http:\/\/observatoire-asap.org\/#website\"},\"datePublished\":\"2020-12-11T21:26:46+00:00\",\"dateModified\":\"2021-04-22T20:17:44+00:00\",\"breadcrumb\":{\"@id\":\"http:\/\/observatoire-asap.org\/index.php\/lettre-3-12-2020\/#breadcrumb\"},\"inLanguage\":\"fr-FR\",\"potentialAction\":[{\"@type\":\"ReadAction\",\"target\":[\"http:\/\/observatoire-asap.org\/index.php\/lettre-3-12-2020\/\"]}]},{\"@type\":\"BreadcrumbList\",\"@id\":\"http:\/\/observatoire-asap.org\/index.php\/lettre-3-12-2020\/#breadcrumb\",\"itemListElement\":[{\"@type\":\"ListItem\",\"position\":1,\"name\":\"Accueil\",\"item\":\"http:\/\/observatoire-asap.org\/\"},{\"@type\":\"ListItem\",\"position\":2,\"name\":\"Lettre #3 &#8211; 12\/2020\"}]},{\"@type\":\"WebSite\",\"@id\":\"http:\/\/observatoire-asap.org\/#website\",\"url\":\"http:\/\/observatoire-asap.org\/\",\"name\":\"Action Soci\u00e9tale et Action Publique\",\"description\":\"\",\"publisher\":{\"@id\":\"http:\/\/observatoire-asap.org\/#organization\"},\"potentialAction\":[{\"@type\":\"SearchAction\",\"target\":{\"@type\":\"EntryPoint\",\"urlTemplate\":\"http:\/\/observatoire-asap.org\/?s={search_term_string}\"},\"query-input\":{\"@type\":\"PropertyValueSpecification\",\"valueRequired\":true,\"valueName\":\"search_term_string\"}}],\"inLanguage\":\"fr-FR\"},{\"@type\":\"Organization\",\"@id\":\"http:\/\/observatoire-asap.org\/#organization\",\"name\":\"Laboratoire ASAP\",\"url\":\"http:\/\/observatoire-asap.org\/\",\"logo\":{\"@type\":\"ImageObject\",\"inLanguage\":\"fr-FR\",\"@id\":\"http:\/\/observatoire-asap.org\/#\/schema\/logo\/image\/\",\"url\":\"https:\/\/observatoire-asap.org\/wp-content\/uploads\/2022\/01\/cropped-cropped-ASAP_Plan-de-travail-1.png\",\"contentUrl\":\"https:\/\/observatoire-asap.org\/wp-content\/uploads\/2022\/01\/cropped-cropped-ASAP_Plan-de-travail-1.png\",\"width\":1345,\"height\":426,\"caption\":\"Laboratoire ASAP\"},\"image\":{\"@id\":\"http:\/\/observatoire-asap.org\/#\/schema\/logo\/image\/\"},\"sameAs\":[\"https:\/\/facebook.com\/fabrice.hamelin.1\"]}]}<\/script>\n<!-- \/ Yoast SEO plugin. -->","yoast_head_json":{"title":"Lettre #3 - 12\/2020 -","robots":{"index":"index","follow":"follow","max-snippet":"max-snippet:-1","max-image-preview":"max-image-preview:large","max-video-preview":"max-video-preview:-1"},"canonical":"http:\/\/observatoire-asap.org\/index.php\/lettre-3-12-2020\/","og_locale":"fr_FR","og_type":"article","og_title":"Lettre #3 - 12\/2020 -","og_description":"1. Tribune Universitaires et universit\u00e9s : m\u00eame combat ! par Aude Deville et Olivier Meier Responsabiliser sans contr\u00f4le ni sanction : sens et contresens au sein des universit\u00e9s par Aude Deville et St\u00e9phanie Chatelain-Ponroy 2. Entretien L\u2019inclusion scolaire\u2026 un long parcours\u2026 et des obstacles \u00e0 lever. Entretien men\u00e9 par Maryvonne Dussaux 3. Politique L\u2019acceptation sociale, &hellip;","og_url":"http:\/\/observatoire-asap.org\/index.php\/lettre-3-12-2020\/","article_publisher":"https:\/\/facebook.com\/fabrice.hamelin.1","article_modified_time":"2021-04-22T20:17:44+00:00","twitter_card":"summary_large_image","twitter_misc":{"Dur\u00e9e de lecture estim\u00e9e":"1 minute"},"schema":{"@context":"https:\/\/schema.org","@graph":[{"@type":"WebPage","@id":"http:\/\/observatoire-asap.org\/index.php\/lettre-3-12-2020\/","url":"http:\/\/observatoire-asap.org\/index.php\/lettre-3-12-2020\/","name":"Lettre #3 - 12\/2020 -","isPartOf":{"@id":"http:\/\/observatoire-asap.org\/#website"},"datePublished":"2020-12-11T21:26:46+00:00","dateModified":"2021-04-22T20:17:44+00:00","breadcrumb":{"@id":"http:\/\/observatoire-asap.org\/index.php\/lettre-3-12-2020\/#breadcrumb"},"inLanguage":"fr-FR","potentialAction":[{"@type":"ReadAction","target":["http:\/\/observatoire-asap.org\/index.php\/lettre-3-12-2020\/"]}]},{"@type":"BreadcrumbList","@id":"http:\/\/observatoire-asap.org\/index.php\/lettre-3-12-2020\/#breadcrumb","itemListElement":[{"@type":"ListItem","position":1,"name":"Accueil","item":"http:\/\/observatoire-asap.org\/"},{"@type":"ListItem","position":2,"name":"Lettre #3 &#8211; 12\/2020"}]},{"@type":"WebSite","@id":"http:\/\/observatoire-asap.org\/#website","url":"http:\/\/observatoire-asap.org\/","name":"Action Soci\u00e9tale et Action Publique","description":"","publisher":{"@id":"http:\/\/observatoire-asap.org\/#organization"},"potentialAction":[{"@type":"SearchAction","target":{"@type":"EntryPoint","urlTemplate":"http:\/\/observatoire-asap.org\/?s={search_term_string}"},"query-input":{"@type":"PropertyValueSpecification","valueRequired":true,"valueName":"search_term_string"}}],"inLanguage":"fr-FR"},{"@type":"Organization","@id":"http:\/\/observatoire-asap.org\/#organization","name":"Laboratoire ASAP","url":"http:\/\/observatoire-asap.org\/","logo":{"@type":"ImageObject","inLanguage":"fr-FR","@id":"http:\/\/observatoire-asap.org\/#\/schema\/logo\/image\/","url":"https:\/\/observatoire-asap.org\/wp-content\/uploads\/2022\/01\/cropped-cropped-ASAP_Plan-de-travail-1.png","contentUrl":"https:\/\/observatoire-asap.org\/wp-content\/uploads\/2022\/01\/cropped-cropped-ASAP_Plan-de-travail-1.png","width":1345,"height":426,"caption":"Laboratoire ASAP"},"image":{"@id":"http:\/\/observatoire-asap.org\/#\/schema\/logo\/image\/"},"sameAs":["https:\/\/facebook.com\/fabrice.hamelin.1"]}]}},"_links":{"self":[{"href":"https:\/\/observatoire-asap.org\/index.php\/wp-json\/wp\/v2\/pages\/1510","targetHints":{"allow":["GET"]}}],"collection":[{"href":"https:\/\/observatoire-asap.org\/index.php\/wp-json\/wp\/v2\/pages"}],"about":[{"href":"https:\/\/observatoire-asap.org\/index.php\/wp-json\/wp\/v2\/types\/page"}],"author":[{"embeddable":true,"href":"https:\/\/observatoire-asap.org\/index.php\/wp-json\/wp\/v2\/users\/1"}],"replies":[{"embeddable":true,"href":"https:\/\/observatoire-asap.org\/index.php\/wp-json\/wp\/v2\/comments?post=1510"}],"version-history":[{"count":27,"href":"https:\/\/observatoire-asap.org\/index.php\/wp-json\/wp\/v2\/pages\/1510\/revisions"}],"predecessor-version":[{"id":3134,"href":"https:\/\/observatoire-asap.org\/index.php\/wp-json\/wp\/v2\/pages\/1510\/revisions\/3134"}],"wp:attachment":[{"href":"https:\/\/observatoire-asap.org\/index.php\/wp-json\/wp\/v2\/media?parent=1510"}],"curies":[{"name":"wp","href":"https:\/\/api.w.org\/{rel}","templated":true}]}}