{"id":14,"date":"2019-12-30T11:36:02","date_gmt":"2019-12-30T10:36:02","guid":{"rendered":"http:\/\/observatoire-asap.org\/?page_id=14"},"modified":"2022-11-17T12:51:41","modified_gmt":"2022-11-17T11:51:41","slug":"articles","status":"publish","type":"page","link":"https:\/\/observatoire-asap.org\/index.php\/articles\/","title":{"rendered":"Articles"},"content":{"rendered":"<p>Les articles publi\u00e9s dans les Lettres de l&rsquo;Observatoire<\/p>\n\n\n<div class=\"wp-block-group\"><div class=\"wp-block-group__inner-container is-layout-flow wp-block-group-is-layout-flow\">\n<figure class=\"wp-block-table aligncenter\"><table><tbody><tr><td><img decoding=\"async\" src=\"http:\/\/observatoire-asap.org\/wp-content\/uploads\/2020\/07\/Innovation-nouvelle-generation_imagefull.jpg\" alt=\"\" style=\"width: 140px;\"><\/td><td><a href=\"http:\/\/observatoire-asap.org\/index.php\/economie\/\">\u00c9conomie<\/a><\/td><\/tr><tr><td><img decoding=\"async\" src=\"http:\/\/observatoire-asap.org\/wp-content\/uploads\/2020\/07\/education-flatlay-1024x683.jpg\" alt=\"\" style=\"width: 140px;\"><\/td><td><a href=\"http:\/\/observatoire-asap.org\/index.php\/education\/\">\u00c9ducation<\/a><\/td><\/tr><tr><td><img decoding=\"async\" src=\"http:\/\/observatoire-asap.org\/wp-content\/uploads\/2020\/11\/entretien.jpg\" alt=\"\" style=\"width: 140px;\"><\/td><td><a href=\"http:\/\/observatoire-asap.org\/index.php\/blog\/\">Entretiens<\/a><\/td><\/tr><tr><td><img decoding=\"async\" src=\"http:\/\/observatoire-asap.org\/wp-content\/uploads\/2020\/07\/veille-juridique.jpg\" alt=\"\" style=\"width: 140px;\"><\/td><td><a href=\"http:\/\/observatoire-asap.org\/index.php\/veille-juridique\/\">Juridique<\/a><\/td><\/tr><tr><td><img decoding=\"async\" src=\"http:\/\/observatoire-asap.org\/wp-content\/uploads\/2022\/11\/analyst-6492859_1920.jpg\" alt=\"\" style=\"width: 140px;\"><\/td><td><a href=\"http:\/\/observatoire-asap.org\/index.php\/organisation\/\">Management<\/a><\/td><\/tr><tr><td><img decoding=\"async\" src=\"http:\/\/observatoire-asap.org\/wp-content\/uploads\/2020\/07\/policy-design.png\" alt=\"\" style=\"width: 140px;\"><\/td><td><a href=\"http:\/\/observatoire-asap.org\/index.php\/politique\/\">Politique<\/a><\/td><\/tr><tr><td><img decoding=\"async\" src=\"http:\/\/observatoire-asap.org\/wp-content\/uploads\/2020\/12\/Societal.jpg\" alt=\"\" style=\"width: 140px;\"><\/td><td><a href=\"http:\/\/observatoire-asap.org\/index.php\/societal\/\">Soci\u00e9tal<\/a><\/td><\/tr><tr><td><img decoding=\"async\" src=\"http:\/\/observatoire-asap.org\/wp-content\/uploads\/2020\/07\/num%C3%A9rique.jpg\" alt=\"\" style=\"width: 140px;\"><\/td><td><a href=\"http:\/\/observatoire-asap.org\/index.php\/technologie\/\">Technologie<\/a><\/td><\/tr><tr><td><img loading=\"lazy\" decoding=\"async\" width=\"140\" height=\"140\" class=\"wp-image-1133\" style=\"width: 140px;\" src=\"http:\/\/observatoire-asap.org\/wp-content\/uploads\/2020\/11\/micro.jpg\" alt=\"\" srcset=\"https:\/\/observatoire-asap.org\/wp-content\/uploads\/2020\/11\/micro.jpg 640w, https:\/\/observatoire-asap.org\/wp-content\/uploads\/2020\/11\/micro-300x300.jpg 300w, https:\/\/observatoire-asap.org\/wp-content\/uploads\/2020\/11\/micro-150x150.jpg 150w, https:\/\/observatoire-asap.org\/wp-content\/uploads\/2020\/11\/micro-60x60.jpg 60w\" sizes=\"auto, (max-width: 140px) 100vw, 140px\" \/><\/td><td><a href=\"http:\/\/observatoire-asap.org\/index.php\/tribunes\/\">Tribunes<\/a><\/td><\/tr><\/tbody><\/table><\/figure>\n<\/div><\/div>\n","protected":false},"excerpt":{"rendered":"<p>Les articles publi\u00e9s dans les Lettres de l&rsquo;Observatoire \u00c9conomie \u00c9ducation Entretiens Juridique Management Politique Soci\u00e9tal Technologie Tribunes<\/p>\n","protected":false},"author":1,"featured_media":0,"parent":0,"menu_order":0,"comment_status":"closed","ping_status":"closed","template":"","meta":{"spay_email":"","footnotes":""},"class_list":["post-14","page","type-page","status-publish","hentry"],"yoast_head":"<!-- This site is optimized with the Yoast SEO plugin v24.9 - https:\/\/yoast.com\/wordpress\/plugins\/seo\/ -->\n<title>Articles -<\/title>\n<meta name=\"robots\" content=\"index, follow, max-snippet:-1, max-image-preview:large, max-video-preview:-1\" \/>\n<link rel=\"canonical\" href=\"https:\/\/observatoire-asap.org\/index.php\/articles\/\" \/>\n<meta property=\"og:locale\" content=\"fr_FR\" \/>\n<meta property=\"og:type\" content=\"article\" \/>\n<meta property=\"og:title\" content=\"Articles -\" \/>\n<meta property=\"og:description\" content=\"Les articles publi\u00e9s dans les Lettres de l&rsquo;Observatoire \u00c9conomie \u00c9ducation Entretiens Juridique Management Politique Soci\u00e9tal Technologie Tribunes\" \/>\n<meta property=\"og:url\" content=\"https:\/\/observatoire-asap.org\/index.php\/articles\/\" \/>\n<meta property=\"article:publisher\" content=\"https:\/\/facebook.com\/fabrice.hamelin.1\" \/>\n<meta property=\"article:modified_time\" content=\"2022-11-17T11:51:41+00:00\" \/>\n<meta property=\"og:image\" content=\"http:\/\/observatoire-asap.org\/wp-content\/uploads\/2020\/07\/Innovation-nouvelle-generation_imagefull.jpg\" \/>\n<meta name=\"twitter:card\" content=\"summary_large_image\" \/>\n<meta name=\"twitter:label1\" content=\"Dur\u00e9e de lecture estim\u00e9e\" \/>\n\t<meta name=\"twitter:data1\" content=\"2 minutes\" \/>\n<script type=\"application\/ld+json\" class=\"yoast-schema-graph\">{\"@context\":\"https:\/\/schema.org\",\"@graph\":[{\"@type\":\"WebPage\",\"@id\":\"https:\/\/observatoire-asap.org\/index.php\/articles\/\",\"url\":\"https:\/\/observatoire-asap.org\/index.php\/articles\/\",\"name\":\"Articles -\",\"isPartOf\":{\"@id\":\"http:\/\/observatoire-asap.org\/#website\"},\"primaryImageOfPage\":{\"@id\":\"https:\/\/observatoire-asap.org\/index.php\/articles\/#primaryimage\"},\"image\":{\"@id\":\"https:\/\/observatoire-asap.org\/index.php\/articles\/#primaryimage\"},\"thumbnailUrl\":\"http:\/\/observatoire-asap.org\/wp-content\/uploads\/2020\/07\/Innovation-nouvelle-generation_imagefull.jpg\",\"datePublished\":\"2019-12-30T10:36:02+00:00\",\"dateModified\":\"2022-11-17T11:51:41+00:00\",\"breadcrumb\":{\"@id\":\"https:\/\/observatoire-asap.org\/index.php\/articles\/#breadcrumb\"},\"inLanguage\":\"fr-FR\",\"potentialAction\":[{\"@type\":\"ReadAction\",\"target\":[\"https:\/\/observatoire-asap.org\/index.php\/articles\/\"]}]},{\"@type\":\"ImageObject\",\"inLanguage\":\"fr-FR\",\"@id\":\"https:\/\/observatoire-asap.org\/index.php\/articles\/#primaryimage\",\"url\":\"https:\/\/observatoire-asap.org\/wp-content\/uploads\/2020\/07\/Innovation-nouvelle-generation_imagefull.jpg\",\"contentUrl\":\"https:\/\/observatoire-asap.org\/wp-content\/uploads\/2020\/07\/Innovation-nouvelle-generation_imagefull.jpg\",\"width\":630,\"height\":418},{\"@type\":\"BreadcrumbList\",\"@id\":\"https:\/\/observatoire-asap.org\/index.php\/articles\/#breadcrumb\",\"itemListElement\":[{\"@type\":\"ListItem\",\"position\":1,\"name\":\"Accueil\",\"item\":\"http:\/\/observatoire-asap.org\/\"},{\"@type\":\"ListItem\",\"position\":2,\"name\":\"Articles\"}]},{\"@type\":\"WebSite\",\"@id\":\"http:\/\/observatoire-asap.org\/#website\",\"url\":\"http:\/\/observatoire-asap.org\/\",\"name\":\"Action Soci\u00e9tale et Action Publique\",\"description\":\"\",\"publisher\":{\"@id\":\"http:\/\/observatoire-asap.org\/#organization\"},\"potentialAction\":[{\"@type\":\"SearchAction\",\"target\":{\"@type\":\"EntryPoint\",\"urlTemplate\":\"http:\/\/observatoire-asap.org\/?s={search_term_string}\"},\"query-input\":{\"@type\":\"PropertyValueSpecification\",\"valueRequired\":true,\"valueName\":\"search_term_string\"}}],\"inLanguage\":\"fr-FR\"},{\"@type\":\"Organization\",\"@id\":\"http:\/\/observatoire-asap.org\/#organization\",\"name\":\"Laboratoire ASAP\",\"url\":\"http:\/\/observatoire-asap.org\/\",\"logo\":{\"@type\":\"ImageObject\",\"inLanguage\":\"fr-FR\",\"@id\":\"http:\/\/observatoire-asap.org\/#\/schema\/logo\/image\/\",\"url\":\"https:\/\/observatoire-asap.org\/wp-content\/uploads\/2022\/01\/cropped-cropped-ASAP_Plan-de-travail-1.png\",\"contentUrl\":\"https:\/\/observatoire-asap.org\/wp-content\/uploads\/2022\/01\/cropped-cropped-ASAP_Plan-de-travail-1.png\",\"width\":1345,\"height\":426,\"caption\":\"Laboratoire ASAP\"},\"image\":{\"@id\":\"http:\/\/observatoire-asap.org\/#\/schema\/logo\/image\/\"},\"sameAs\":[\"https:\/\/facebook.com\/fabrice.hamelin.1\"]}]}<\/script>\n<!-- \/ Yoast SEO plugin. -->","yoast_head_json":{"title":"Articles -","robots":{"index":"index","follow":"follow","max-snippet":"max-snippet:-1","max-image-preview":"max-image-preview:large","max-video-preview":"max-video-preview:-1"},"canonical":"https:\/\/observatoire-asap.org\/index.php\/articles\/","og_locale":"fr_FR","og_type":"article","og_title":"Articles -","og_description":"Les articles publi\u00e9s dans les Lettres de l&rsquo;Observatoire \u00c9conomie \u00c9ducation Entretiens Juridique Management Politique Soci\u00e9tal Technologie Tribunes","og_url":"https:\/\/observatoire-asap.org\/index.php\/articles\/","article_publisher":"https:\/\/facebook.com\/fabrice.hamelin.1","article_modified_time":"2022-11-17T11:51:41+00:00","og_image":[{"url":"http:\/\/observatoire-asap.org\/wp-content\/uploads\/2020\/07\/Innovation-nouvelle-generation_imagefull.jpg","type":"","width":"","height":""}],"twitter_card":"summary_large_image","twitter_misc":{"Dur\u00e9e de lecture estim\u00e9e":"2 minutes"},"schema":{"@context":"https:\/\/schema.org","@graph":[{"@type":"WebPage","@id":"https:\/\/observatoire-asap.org\/index.php\/articles\/","url":"https:\/\/observatoire-asap.org\/index.php\/articles\/","name":"Articles -","isPartOf":{"@id":"http:\/\/observatoire-asap.org\/#website"},"primaryImageOfPage":{"@id":"https:\/\/observatoire-asap.org\/index.php\/articles\/#primaryimage"},"image":{"@id":"https:\/\/observatoire-asap.org\/index.php\/articles\/#primaryimage"},"thumbnailUrl":"http:\/\/observatoire-asap.org\/wp-content\/uploads\/2020\/07\/Innovation-nouvelle-generation_imagefull.jpg","datePublished":"2019-12-30T10:36:02+00:00","dateModified":"2022-11-17T11:51:41+00:00","breadcrumb":{"@id":"https:\/\/observatoire-asap.org\/index.php\/articles\/#breadcrumb"},"inLanguage":"fr-FR","potentialAction":[{"@type":"ReadAction","target":["https:\/\/observatoire-asap.org\/index.php\/articles\/"]}]},{"@type":"ImageObject","inLanguage":"fr-FR","@id":"https:\/\/observatoire-asap.org\/index.php\/articles\/#primaryimage","url":"https:\/\/observatoire-asap.org\/wp-content\/uploads\/2020\/07\/Innovation-nouvelle-generation_imagefull.jpg","contentUrl":"https:\/\/observatoire-asap.org\/wp-content\/uploads\/2020\/07\/Innovation-nouvelle-generation_imagefull.jpg","width":630,"height":418},{"@type":"BreadcrumbList","@id":"https:\/\/observatoire-asap.org\/index.php\/articles\/#breadcrumb","itemListElement":[{"@type":"ListItem","position":1,"name":"Accueil","item":"http:\/\/observatoire-asap.org\/"},{"@type":"ListItem","position":2,"name":"Articles"}]},{"@type":"WebSite","@id":"http:\/\/observatoire-asap.org\/#website","url":"http:\/\/observatoire-asap.org\/","name":"Action Soci\u00e9tale et Action Publique","description":"","publisher":{"@id":"http:\/\/observatoire-asap.org\/#organization"},"potentialAction":[{"@type":"SearchAction","target":{"@type":"EntryPoint","urlTemplate":"http:\/\/observatoire-asap.org\/?s={search_term_string}"},"query-input":{"@type":"PropertyValueSpecification","valueRequired":true,"valueName":"search_term_string"}}],"inLanguage":"fr-FR"},{"@type":"Organization","@id":"http:\/\/observatoire-asap.org\/#organization","name":"Laboratoire ASAP","url":"http:\/\/observatoire-asap.org\/","logo":{"@type":"ImageObject","inLanguage":"fr-FR","@id":"http:\/\/observatoire-asap.org\/#\/schema\/logo\/image\/","url":"https:\/\/observatoire-asap.org\/wp-content\/uploads\/2022\/01\/cropped-cropped-ASAP_Plan-de-travail-1.png","contentUrl":"https:\/\/observatoire-asap.org\/wp-content\/uploads\/2022\/01\/cropped-cropped-ASAP_Plan-de-travail-1.png","width":1345,"height":426,"caption":"Laboratoire ASAP"},"image":{"@id":"http:\/\/observatoire-asap.org\/#\/schema\/logo\/image\/"},"sameAs":["https:\/\/facebook.com\/fabrice.hamelin.1"]}]}},"_links":{"self":[{"href":"https:\/\/observatoire-asap.org\/index.php\/wp-json\/wp\/v2\/pages\/14","targetHints":{"allow":["GET"]}}],"collection":[{"href":"https:\/\/observatoire-asap.org\/index.php\/wp-json\/wp\/v2\/pages"}],"about":[{"href":"https:\/\/observatoire-asap.org\/index.php\/wp-json\/wp\/v2\/types\/page"}],"author":[{"embeddable":true,"href":"https:\/\/observatoire-asap.org\/index.php\/wp-json\/wp\/v2\/users\/1"}],"replies":[{"embeddable":true,"href":"https:\/\/observatoire-asap.org\/index.php\/wp-json\/wp\/v2\/comments?post=14"}],"version-history":[{"count":35,"href":"https:\/\/observatoire-asap.org\/index.php\/wp-json\/wp\/v2\/pages\/14\/revisions"}],"predecessor-version":[{"id":5326,"href":"https:\/\/observatoire-asap.org\/index.php\/wp-json\/wp\/v2\/pages\/14\/revisions\/5326"}],"wp:attachment":[{"href":"https:\/\/observatoire-asap.org\/index.php\/wp-json\/wp\/v2\/media?parent=14"}],"curies":[{"name":"wp","href":"https:\/\/api.w.org\/{rel}","templated":true}]}}