{"id":1068,"date":"2020-11-27T17:32:35","date_gmt":"2020-11-27T16:32:35","guid":{"rendered":"http:\/\/observatoire-asap.org\/?page_id=1068"},"modified":"2022-08-24T08:54:55","modified_gmt":"2022-08-24T06:54:55","slug":"accompagner","status":"publish","type":"page","link":"https:\/\/observatoire-asap.org\/index.php\/accompagner\/","title":{"rendered":"Accompagner"},"content":{"rendered":"<p style=\"text-align: justify;\"><strong>Accompagner et soutenir<\/strong> les acteurs de l&rsquo;action publique dans leurs d\u00e9marches et programmes d&rsquo;actions<\/p>\n<p>\u00a0<\/p>\n<p style=\"text-align: justify;\"><u>Au niveau de l&rsquo;encadrement doctoral<\/u> (<a href=\"http:\/\/observatoire-asap.org\/index.php\/2020\/02\/02\/olivier-meier\/\">O. Meier<\/a>, <a href=\"http:\/\/observatoire-asap.org\/index.php\/2020\/02\/14\/francois-grima\/\">F. Grima<\/a>)<\/p>\n<p style=\"text-align: justify;\">L&rsquo;Observatoire ASAP accompagne et encadre doctorants et jeunes chercheurs dans leurs travaux de recherche (\u00e9tude doctorale, m\u00e9moires HDR, articles scientifiques &#8230;). Un des groupes de recherche est notamment d\u00e9di\u00e9 aux questions que soul\u00e8ve l<strong>a gestion de travaux en terrain sensible<\/strong> (guerre, conflits, pand\u00e9mie, crise \u00e9conomique, violence urbaine, transformations sociales et soci\u00e9tales&#8230;).<\/p>\n<ul style=\"text-align: justify;\">\n<li>Animation d&rsquo;ateliers de recherche et de th\u00e8ses<\/li>\n<li>Suivi de th\u00e8ses<\/li>\n<li>Aide \u00e0 publications<\/li>\n<\/ul>\n<p>\u00a0<\/p>\n<p style=\"text-align: justify;\"><u>Au niveau des recherche-action et missions (<a href=\"http:\/\/observatoire-asap.org\/index.php\/2020\/02\/27\/fabrice-hamelin\/\">F. Hamelin<\/a>, <a href=\"http:\/\/observatoire-asap.org\/index.php\/2020\/02\/02\/lolita-rubens\/\">L. Rubens<\/a>)<\/u><\/p>\n<p style=\"text-align: justify;\">L&rsquo;Observatoire ASAP est constitu\u00e9 d&rsquo;experts et d&rsquo;enseignants chercheurs qui, dans le cadre de leurs activit\u00e9s, m\u00e8nent un certain nombre de <strong>programmes de formation<\/strong>, de <strong>recherche-action<\/strong>, <strong>recherche intervention<\/strong> ou de <strong>conduite du changement<\/strong>. L&rsquo;Observatoire tient \u00e0 les remercier pour leur participation aux missions de l&rsquo;Institution et \u00e0 l&rsquo;actualisation des connaissances en lien avec l&rsquo;action publique.<\/p>\n<ul>\n<li style=\"list-style-type: none; text-align: justify;\">\u00a0<\/li>\n<\/ul>\n\n\n<figure class=\"wp-block-table\"><table><tbody><tr><td>Quelques exemples de missions r\u00e9alis\u00e9es par les membres de l&rsquo;Observatoire :<br>&nbsp;<br>Accompagner les organisations dans le d\u00e9veloppement de <strong>leur culture <\/strong>et de leurs<strong> pratiques de coop\u00e9ration et de participation<\/strong>, notamment en phase de croissance (mod\u00e8le agile et adaptatif, autonomisation, responsabilisation, coop\u00e9ration dans les modes de travail) : diagnostic partag\u00e9, <em>learning expedition<\/em>, formation-action, animation d&rsquo;ateliers en intelligence collective, conduite du changement ;<br><br>Accompagner les organisations dans leur <strong>transformation digitale<\/strong> et leur mode de<strong> communication <\/strong>aupr\u00e8s des diff\u00e9rentes parties prenantes : animation du dialogue social, communication digitale, management des r\u00e9seaux sociaux, valorisation des interfaces utilisateurs ;<br><br>Accompagner les <strong>changements de comportement <\/strong>dans les organisations, collectivit\u00e9s et avec les citoyens (co-construction) : identification des leviers et freins par type de comportement (\u00e9tude des normes sociales, des habitudes et des pratiques comportementales) ;<br><br>Accompagner les entreprises et les collectivit\u00e9s vers la<strong>&nbsp;transition \u00e9cologique <\/strong>: veille, \u00e9tudes, sensibilisation, accompagnement.<\/td><\/tr><\/tbody><\/table><\/figure>\n","protected":false},"excerpt":{"rendered":"<p>Accompagner et soutenir les acteurs de l&rsquo;action publique dans leurs d\u00e9marches et programmes d&rsquo;actions \u00a0 Au niveau de l&rsquo;encadrement doctoral (O. Meier, F. Grima) L&rsquo;Observatoire ASAP accompagne et encadre doctorants et jeunes chercheurs dans leurs travaux de recherche (\u00e9tude doctorale, m\u00e9moires HDR, articles scientifiques &#8230;). Un des groupes de recherche est notamment d\u00e9di\u00e9 aux questions &hellip; <\/p>\n","protected":false},"author":1,"featured_media":0,"parent":0,"menu_order":0,"comment_status":"closed","ping_status":"closed","template":"","meta":{"spay_email":"","footnotes":""},"class_list":["post-1068","page","type-page","status-publish","hentry"],"yoast_head":"<!-- This site is optimized with the Yoast SEO plugin v24.9 - https:\/\/yoast.com\/wordpress\/plugins\/seo\/ -->\n<title>Accompagner -<\/title>\n<meta name=\"robots\" content=\"index, follow, max-snippet:-1, max-image-preview:large, max-video-preview:-1\" \/>\n<link rel=\"canonical\" href=\"https:\/\/observatoire-asap.org\/index.php\/accompagner\/\" \/>\n<meta property=\"og:locale\" content=\"fr_FR\" \/>\n<meta property=\"og:type\" content=\"article\" \/>\n<meta property=\"og:title\" content=\"Accompagner -\" \/>\n<meta property=\"og:description\" content=\"Accompagner et soutenir les acteurs de l&rsquo;action publique dans leurs d\u00e9marches et programmes d&rsquo;actions \u00a0 Au niveau de l&rsquo;encadrement doctoral (O. Meier, F. Grima) L&rsquo;Observatoire ASAP accompagne et encadre doctorants et jeunes chercheurs dans leurs travaux de recherche (\u00e9tude doctorale, m\u00e9moires HDR, articles scientifiques &#8230;). Un des groupes de recherche est notamment d\u00e9di\u00e9 aux questions &hellip;\" \/>\n<meta property=\"og:url\" content=\"https:\/\/observatoire-asap.org\/index.php\/accompagner\/\" \/>\n<meta property=\"article:publisher\" content=\"https:\/\/facebook.com\/fabrice.hamelin.1\" \/>\n<meta property=\"article:modified_time\" content=\"2022-08-24T06:54:55+00:00\" \/>\n<meta name=\"twitter:card\" content=\"summary_large_image\" \/>\n<meta name=\"twitter:label1\" content=\"Dur\u00e9e de lecture estim\u00e9e\" \/>\n\t<meta name=\"twitter:data1\" content=\"2 minutes\" \/>\n<script type=\"application\/ld+json\" class=\"yoast-schema-graph\">{\"@context\":\"https:\/\/schema.org\",\"@graph\":[{\"@type\":\"WebPage\",\"@id\":\"https:\/\/observatoire-asap.org\/index.php\/accompagner\/\",\"url\":\"https:\/\/observatoire-asap.org\/index.php\/accompagner\/\",\"name\":\"Accompagner -\",\"isPartOf\":{\"@id\":\"http:\/\/observatoire-asap.org\/#website\"},\"datePublished\":\"2020-11-27T16:32:35+00:00\",\"dateModified\":\"2022-08-24T06:54:55+00:00\",\"breadcrumb\":{\"@id\":\"https:\/\/observatoire-asap.org\/index.php\/accompagner\/#breadcrumb\"},\"inLanguage\":\"fr-FR\",\"potentialAction\":[{\"@type\":\"ReadAction\",\"target\":[\"https:\/\/observatoire-asap.org\/index.php\/accompagner\/\"]}]},{\"@type\":\"BreadcrumbList\",\"@id\":\"https:\/\/observatoire-asap.org\/index.php\/accompagner\/#breadcrumb\",\"itemListElement\":[{\"@type\":\"ListItem\",\"position\":1,\"name\":\"Accueil\",\"item\":\"http:\/\/observatoire-asap.org\/\"},{\"@type\":\"ListItem\",\"position\":2,\"name\":\"Accompagner\"}]},{\"@type\":\"WebSite\",\"@id\":\"http:\/\/observatoire-asap.org\/#website\",\"url\":\"http:\/\/observatoire-asap.org\/\",\"name\":\"Action Soci\u00e9tale et Action Publique\",\"description\":\"\",\"publisher\":{\"@id\":\"http:\/\/observatoire-asap.org\/#organization\"},\"potentialAction\":[{\"@type\":\"SearchAction\",\"target\":{\"@type\":\"EntryPoint\",\"urlTemplate\":\"http:\/\/observatoire-asap.org\/?s={search_term_string}\"},\"query-input\":{\"@type\":\"PropertyValueSpecification\",\"valueRequired\":true,\"valueName\":\"search_term_string\"}}],\"inLanguage\":\"fr-FR\"},{\"@type\":\"Organization\",\"@id\":\"http:\/\/observatoire-asap.org\/#organization\",\"name\":\"Laboratoire ASAP\",\"url\":\"http:\/\/observatoire-asap.org\/\",\"logo\":{\"@type\":\"ImageObject\",\"inLanguage\":\"fr-FR\",\"@id\":\"http:\/\/observatoire-asap.org\/#\/schema\/logo\/image\/\",\"url\":\"https:\/\/observatoire-asap.org\/wp-content\/uploads\/2022\/01\/cropped-cropped-ASAP_Plan-de-travail-1.png\",\"contentUrl\":\"https:\/\/observatoire-asap.org\/wp-content\/uploads\/2022\/01\/cropped-cropped-ASAP_Plan-de-travail-1.png\",\"width\":1345,\"height\":426,\"caption\":\"Laboratoire ASAP\"},\"image\":{\"@id\":\"http:\/\/observatoire-asap.org\/#\/schema\/logo\/image\/\"},\"sameAs\":[\"https:\/\/facebook.com\/fabrice.hamelin.1\"]}]}<\/script>\n<!-- \/ Yoast SEO plugin. -->","yoast_head_json":{"title":"Accompagner -","robots":{"index":"index","follow":"follow","max-snippet":"max-snippet:-1","max-image-preview":"max-image-preview:large","max-video-preview":"max-video-preview:-1"},"canonical":"https:\/\/observatoire-asap.org\/index.php\/accompagner\/","og_locale":"fr_FR","og_type":"article","og_title":"Accompagner -","og_description":"Accompagner et soutenir les acteurs de l&rsquo;action publique dans leurs d\u00e9marches et programmes d&rsquo;actions \u00a0 Au niveau de l&rsquo;encadrement doctoral (O. Meier, F. Grima) L&rsquo;Observatoire ASAP accompagne et encadre doctorants et jeunes chercheurs dans leurs travaux de recherche (\u00e9tude doctorale, m\u00e9moires HDR, articles scientifiques &#8230;). Un des groupes de recherche est notamment d\u00e9di\u00e9 aux questions &hellip;","og_url":"https:\/\/observatoire-asap.org\/index.php\/accompagner\/","article_publisher":"https:\/\/facebook.com\/fabrice.hamelin.1","article_modified_time":"2022-08-24T06:54:55+00:00","twitter_card":"summary_large_image","twitter_misc":{"Dur\u00e9e de lecture estim\u00e9e":"2 minutes"},"schema":{"@context":"https:\/\/schema.org","@graph":[{"@type":"WebPage","@id":"https:\/\/observatoire-asap.org\/index.php\/accompagner\/","url":"https:\/\/observatoire-asap.org\/index.php\/accompagner\/","name":"Accompagner -","isPartOf":{"@id":"http:\/\/observatoire-asap.org\/#website"},"datePublished":"2020-11-27T16:32:35+00:00","dateModified":"2022-08-24T06:54:55+00:00","breadcrumb":{"@id":"https:\/\/observatoire-asap.org\/index.php\/accompagner\/#breadcrumb"},"inLanguage":"fr-FR","potentialAction":[{"@type":"ReadAction","target":["https:\/\/observatoire-asap.org\/index.php\/accompagner\/"]}]},{"@type":"BreadcrumbList","@id":"https:\/\/observatoire-asap.org\/index.php\/accompagner\/#breadcrumb","itemListElement":[{"@type":"ListItem","position":1,"name":"Accueil","item":"http:\/\/observatoire-asap.org\/"},{"@type":"ListItem","position":2,"name":"Accompagner"}]},{"@type":"WebSite","@id":"http:\/\/observatoire-asap.org\/#website","url":"http:\/\/observatoire-asap.org\/","name":"Action Soci\u00e9tale et Action Publique","description":"","publisher":{"@id":"http:\/\/observatoire-asap.org\/#organization"},"potentialAction":[{"@type":"SearchAction","target":{"@type":"EntryPoint","urlTemplate":"http:\/\/observatoire-asap.org\/?s={search_term_string}"},"query-input":{"@type":"PropertyValueSpecification","valueRequired":true,"valueName":"search_term_string"}}],"inLanguage":"fr-FR"},{"@type":"Organization","@id":"http:\/\/observatoire-asap.org\/#organization","name":"Laboratoire ASAP","url":"http:\/\/observatoire-asap.org\/","logo":{"@type":"ImageObject","inLanguage":"fr-FR","@id":"http:\/\/observatoire-asap.org\/#\/schema\/logo\/image\/","url":"https:\/\/observatoire-asap.org\/wp-content\/uploads\/2022\/01\/cropped-cropped-ASAP_Plan-de-travail-1.png","contentUrl":"https:\/\/observatoire-asap.org\/wp-content\/uploads\/2022\/01\/cropped-cropped-ASAP_Plan-de-travail-1.png","width":1345,"height":426,"caption":"Laboratoire ASAP"},"image":{"@id":"http:\/\/observatoire-asap.org\/#\/schema\/logo\/image\/"},"sameAs":["https:\/\/facebook.com\/fabrice.hamelin.1"]}]}},"_links":{"self":[{"href":"https:\/\/observatoire-asap.org\/index.php\/wp-json\/wp\/v2\/pages\/1068","targetHints":{"allow":["GET"]}}],"collection":[{"href":"https:\/\/observatoire-asap.org\/index.php\/wp-json\/wp\/v2\/pages"}],"about":[{"href":"https:\/\/observatoire-asap.org\/index.php\/wp-json\/wp\/v2\/types\/page"}],"author":[{"embeddable":true,"href":"https:\/\/observatoire-asap.org\/index.php\/wp-json\/wp\/v2\/users\/1"}],"replies":[{"embeddable":true,"href":"https:\/\/observatoire-asap.org\/index.php\/wp-json\/wp\/v2\/comments?post=1068"}],"version-history":[{"count":29,"href":"https:\/\/observatoire-asap.org\/index.php\/wp-json\/wp\/v2\/pages\/1068\/revisions"}],"predecessor-version":[{"id":5063,"href":"https:\/\/observatoire-asap.org\/index.php\/wp-json\/wp\/v2\/pages\/1068\/revisions\/5063"}],"wp:attachment":[{"href":"https:\/\/observatoire-asap.org\/index.php\/wp-json\/wp\/v2\/media?parent=1068"}],"curies":[{"name":"wp","href":"https:\/\/api.w.org\/{rel}","templated":true}]}}