{"id":1018,"date":"2020-11-25T15:12:51","date_gmt":"2020-11-25T14:12:51","guid":{"rendered":"http:\/\/observatoire-asap.org\/?page_id=1018"},"modified":"2023-04-19T07:26:10","modified_gmt":"2023-04-19T05:26:10","slug":"diffuser-et-accompagner","status":"publish","type":"page","link":"https:\/\/observatoire-asap.org\/index.php\/diffuser-et-accompagner\/","title":{"rendered":"Diffuser"},"content":{"rendered":"<p style=\"text-align: justify;\"><strong>Valoriser\u00a0par la publication<\/strong>, l<strong>es actions publiques et leurs \u00e9valuations<\/strong>, dans un souci de transparence, d\u2019utilit\u00e9 \u00e9conomique et sociale.<\/p>\n<ul>\n<li><a href=\"https:\/\/www.editions-ems.fr\/livres-2\/collections\/questions-de-societe\/ouvrage\/639-innovation-publique.html\">La collection ASAP \u00ab\u00a0Innovation et Institutions Publiques\u00a0\u00bb<\/a><\/li>\n<li><a href=\"http:\/\/observatoire-asap.org\/index.php\/articles\/\">Les Lettres ASAP<\/a><\/li>\n<li><a href=\"http:\/\/observatoire-asap.org\/index.php\/tribunes\/\">Les tribunes ASAP<\/a><\/li>\n<li><a href=\"https:\/\/observatoire-asap.org\/index.php\/blog\/\">Les entretiens professionnels ASAP<\/a><\/li>\n<li>Les \u00e9tudes et rapports institutionnels<\/li>\n<li>Les colloques et s\u00e9minaires th\u00e9matiques<\/li>\n<li>Le d\u00e9veloppement de ressources p\u00e9dagogiques avec l&rsquo; <a href=\"https:\/\/www.ih2ef.gouv.fr\/les-experts-associes\">IH2EF<\/a><\/li>\n<li><a href=\"https:\/\/rfg.revuesonline.com\/\">Le partenariat avec la <em>Revue Fran\u00e7aise de Gestion<\/em><\/a><\/li>\n<li><a href=\"http:\/\/www.magrh.reconquete-rh.org\/\">Le partenariat avec le MagRH<\/a><\/li>\n<li><a href=\"https:\/\/www.isfj.fr\/\">Le partenariat avec l&rsquo;ISFJ &#8211; Ecole de journalisme<\/a>: production d\u2019\u00e9missions TV et podcasts en lien avec l\u2019ISFJ (salles de montage, plateaux TV, unit\u00e9s de tournage HD, studios Web radio).<\/li>\n<li>La participation active aux travaux du Conseil National des Universit\u00e9s (<a href=\"https:\/\/www.lemonde.fr\/emploi\/article\/2022\/06\/02\/enseignant-chercheur-en-gestion-une-profession-en-observation_6128587_1698637.html#xtor=AL-32280270\">*<\/a>): financement, publications et organisation d&rsquo;\u00e9v\u00e9nements<\/li>\n<\/ul>\n\n\n<figure class=\"wp-block-table\"><table><tbody><tr><td><u>Le Comit\u00e9 \u00e9ditorial<\/u> :<br>Le comit\u00e9 \u00e9ditorial est compos\u00e9 de plusieurs membres de l&rsquo;Observatoire.<br><br>Il choisit les th\u00e8mes des dossiers et participe \u00e0 l\u2019\u00e9bauche de la trame des num\u00e9ros (rubriques): <a href=\"http:\/\/observatoire-asap.org\/index.php\/2020\/02\/02\/olivier-meier\/\">O. Meier<\/a>, <a href=\"http:\/\/observatoire-asap.org\/index.php\/2020\/02\/02\/lolita-rubens\/\">L. Rubens<\/a>, <a href=\"http:\/\/observatoire-asap.org\/index.php\/2020\/02\/27\/fabrice-hamelin\/\">F. Hamelin<\/a>, <a href=\"http:\/\/observatoire-asap.org\/index.php\/2021\/02\/01\/marine-fouquet\/\">M. Fouquet<\/a>, B. Lakhdar (assistante \u00e9ditoriale)<\/td><\/tr><\/tbody><\/table><\/figure>\n","protected":false},"excerpt":{"rendered":"<p>Valoriser\u00a0par la publication, les actions publiques et leurs \u00e9valuations, dans un souci de transparence, d\u2019utilit\u00e9 \u00e9conomique et sociale. La collection ASAP \u00ab\u00a0Innovation et Institutions Publiques\u00a0\u00bb Les Lettres ASAP Les tribunes ASAP Les entretiens professionnels ASAP Les \u00e9tudes et rapports institutionnels Les colloques et s\u00e9minaires th\u00e9matiques Le d\u00e9veloppement de ressources p\u00e9dagogiques avec l&rsquo; IH2EF Le partenariat &hellip; <\/p>\n","protected":false},"author":1,"featured_media":0,"parent":0,"menu_order":0,"comment_status":"closed","ping_status":"closed","template":"","meta":{"spay_email":"","footnotes":""},"class_list":["post-1018","page","type-page","status-publish","hentry"],"yoast_head":"<!-- This site is optimized with the Yoast SEO plugin v24.9 - https:\/\/yoast.com\/wordpress\/plugins\/seo\/ -->\n<title>Diffuser -<\/title>\n<meta name=\"robots\" content=\"index, follow, max-snippet:-1, max-image-preview:large, max-video-preview:-1\" \/>\n<link rel=\"canonical\" href=\"https:\/\/observatoire-asap.org\/index.php\/diffuser-et-accompagner\/\" \/>\n<meta property=\"og:locale\" content=\"fr_FR\" \/>\n<meta property=\"og:type\" content=\"article\" \/>\n<meta property=\"og:title\" content=\"Diffuser -\" \/>\n<meta property=\"og:description\" content=\"Valoriser\u00a0par la publication, les actions publiques et leurs \u00e9valuations, dans un souci de transparence, d\u2019utilit\u00e9 \u00e9conomique et sociale. La collection ASAP \u00ab\u00a0Innovation et Institutions Publiques\u00a0\u00bb Les Lettres ASAP Les tribunes ASAP Les entretiens professionnels ASAP Les \u00e9tudes et rapports institutionnels Les colloques et s\u00e9minaires th\u00e9matiques Le d\u00e9veloppement de ressources p\u00e9dagogiques avec l&rsquo; IH2EF Le partenariat &hellip;\" \/>\n<meta property=\"og:url\" content=\"https:\/\/observatoire-asap.org\/index.php\/diffuser-et-accompagner\/\" \/>\n<meta property=\"article:publisher\" content=\"https:\/\/facebook.com\/fabrice.hamelin.1\" \/>\n<meta property=\"article:modified_time\" content=\"2023-04-19T05:26:10+00:00\" \/>\n<meta name=\"twitter:card\" content=\"summary_large_image\" \/>\n<meta name=\"twitter:label1\" content=\"Dur\u00e9e de lecture estim\u00e9e\" \/>\n\t<meta name=\"twitter:data1\" content=\"1 minute\" \/>\n<script type=\"application\/ld+json\" class=\"yoast-schema-graph\">{\"@context\":\"https:\/\/schema.org\",\"@graph\":[{\"@type\":\"WebPage\",\"@id\":\"https:\/\/observatoire-asap.org\/index.php\/diffuser-et-accompagner\/\",\"url\":\"https:\/\/observatoire-asap.org\/index.php\/diffuser-et-accompagner\/\",\"name\":\"Diffuser -\",\"isPartOf\":{\"@id\":\"http:\/\/observatoire-asap.org\/#website\"},\"datePublished\":\"2020-11-25T14:12:51+00:00\",\"dateModified\":\"2023-04-19T05:26:10+00:00\",\"breadcrumb\":{\"@id\":\"https:\/\/observatoire-asap.org\/index.php\/diffuser-et-accompagner\/#breadcrumb\"},\"inLanguage\":\"fr-FR\",\"potentialAction\":[{\"@type\":\"ReadAction\",\"target\":[\"https:\/\/observatoire-asap.org\/index.php\/diffuser-et-accompagner\/\"]}]},{\"@type\":\"BreadcrumbList\",\"@id\":\"https:\/\/observatoire-asap.org\/index.php\/diffuser-et-accompagner\/#breadcrumb\",\"itemListElement\":[{\"@type\":\"ListItem\",\"position\":1,\"name\":\"Accueil\",\"item\":\"http:\/\/observatoire-asap.org\/\"},{\"@type\":\"ListItem\",\"position\":2,\"name\":\"Diffuser\"}]},{\"@type\":\"WebSite\",\"@id\":\"http:\/\/observatoire-asap.org\/#website\",\"url\":\"http:\/\/observatoire-asap.org\/\",\"name\":\"Action Soci\u00e9tale et Action Publique\",\"description\":\"\",\"publisher\":{\"@id\":\"http:\/\/observatoire-asap.org\/#organization\"},\"potentialAction\":[{\"@type\":\"SearchAction\",\"target\":{\"@type\":\"EntryPoint\",\"urlTemplate\":\"http:\/\/observatoire-asap.org\/?s={search_term_string}\"},\"query-input\":{\"@type\":\"PropertyValueSpecification\",\"valueRequired\":true,\"valueName\":\"search_term_string\"}}],\"inLanguage\":\"fr-FR\"},{\"@type\":\"Organization\",\"@id\":\"http:\/\/observatoire-asap.org\/#organization\",\"name\":\"Laboratoire ASAP\",\"url\":\"http:\/\/observatoire-asap.org\/\",\"logo\":{\"@type\":\"ImageObject\",\"inLanguage\":\"fr-FR\",\"@id\":\"http:\/\/observatoire-asap.org\/#\/schema\/logo\/image\/\",\"url\":\"https:\/\/observatoire-asap.org\/wp-content\/uploads\/2022\/01\/cropped-cropped-ASAP_Plan-de-travail-1.png\",\"contentUrl\":\"https:\/\/observatoire-asap.org\/wp-content\/uploads\/2022\/01\/cropped-cropped-ASAP_Plan-de-travail-1.png\",\"width\":1345,\"height\":426,\"caption\":\"Laboratoire ASAP\"},\"image\":{\"@id\":\"http:\/\/observatoire-asap.org\/#\/schema\/logo\/image\/\"},\"sameAs\":[\"https:\/\/facebook.com\/fabrice.hamelin.1\"]}]}<\/script>\n<!-- \/ Yoast SEO plugin. -->","yoast_head_json":{"title":"Diffuser -","robots":{"index":"index","follow":"follow","max-snippet":"max-snippet:-1","max-image-preview":"max-image-preview:large","max-video-preview":"max-video-preview:-1"},"canonical":"https:\/\/observatoire-asap.org\/index.php\/diffuser-et-accompagner\/","og_locale":"fr_FR","og_type":"article","og_title":"Diffuser -","og_description":"Valoriser\u00a0par la publication, les actions publiques et leurs \u00e9valuations, dans un souci de transparence, d\u2019utilit\u00e9 \u00e9conomique et sociale. La collection ASAP \u00ab\u00a0Innovation et Institutions Publiques\u00a0\u00bb Les Lettres ASAP Les tribunes ASAP Les entretiens professionnels ASAP Les \u00e9tudes et rapports institutionnels Les colloques et s\u00e9minaires th\u00e9matiques Le d\u00e9veloppement de ressources p\u00e9dagogiques avec l&rsquo; IH2EF Le partenariat &hellip;","og_url":"https:\/\/observatoire-asap.org\/index.php\/diffuser-et-accompagner\/","article_publisher":"https:\/\/facebook.com\/fabrice.hamelin.1","article_modified_time":"2023-04-19T05:26:10+00:00","twitter_card":"summary_large_image","twitter_misc":{"Dur\u00e9e de lecture estim\u00e9e":"1 minute"},"schema":{"@context":"https:\/\/schema.org","@graph":[{"@type":"WebPage","@id":"https:\/\/observatoire-asap.org\/index.php\/diffuser-et-accompagner\/","url":"https:\/\/observatoire-asap.org\/index.php\/diffuser-et-accompagner\/","name":"Diffuser -","isPartOf":{"@id":"http:\/\/observatoire-asap.org\/#website"},"datePublished":"2020-11-25T14:12:51+00:00","dateModified":"2023-04-19T05:26:10+00:00","breadcrumb":{"@id":"https:\/\/observatoire-asap.org\/index.php\/diffuser-et-accompagner\/#breadcrumb"},"inLanguage":"fr-FR","potentialAction":[{"@type":"ReadAction","target":["https:\/\/observatoire-asap.org\/index.php\/diffuser-et-accompagner\/"]}]},{"@type":"BreadcrumbList","@id":"https:\/\/observatoire-asap.org\/index.php\/diffuser-et-accompagner\/#breadcrumb","itemListElement":[{"@type":"ListItem","position":1,"name":"Accueil","item":"http:\/\/observatoire-asap.org\/"},{"@type":"ListItem","position":2,"name":"Diffuser"}]},{"@type":"WebSite","@id":"http:\/\/observatoire-asap.org\/#website","url":"http:\/\/observatoire-asap.org\/","name":"Action Soci\u00e9tale et Action Publique","description":"","publisher":{"@id":"http:\/\/observatoire-asap.org\/#organization"},"potentialAction":[{"@type":"SearchAction","target":{"@type":"EntryPoint","urlTemplate":"http:\/\/observatoire-asap.org\/?s={search_term_string}"},"query-input":{"@type":"PropertyValueSpecification","valueRequired":true,"valueName":"search_term_string"}}],"inLanguage":"fr-FR"},{"@type":"Organization","@id":"http:\/\/observatoire-asap.org\/#organization","name":"Laboratoire ASAP","url":"http:\/\/observatoire-asap.org\/","logo":{"@type":"ImageObject","inLanguage":"fr-FR","@id":"http:\/\/observatoire-asap.org\/#\/schema\/logo\/image\/","url":"https:\/\/observatoire-asap.org\/wp-content\/uploads\/2022\/01\/cropped-cropped-ASAP_Plan-de-travail-1.png","contentUrl":"https:\/\/observatoire-asap.org\/wp-content\/uploads\/2022\/01\/cropped-cropped-ASAP_Plan-de-travail-1.png","width":1345,"height":426,"caption":"Laboratoire ASAP"},"image":{"@id":"http:\/\/observatoire-asap.org\/#\/schema\/logo\/image\/"},"sameAs":["https:\/\/facebook.com\/fabrice.hamelin.1"]}]}},"_links":{"self":[{"href":"https:\/\/observatoire-asap.org\/index.php\/wp-json\/wp\/v2\/pages\/1018","targetHints":{"allow":["GET"]}}],"collection":[{"href":"https:\/\/observatoire-asap.org\/index.php\/wp-json\/wp\/v2\/pages"}],"about":[{"href":"https:\/\/observatoire-asap.org\/index.php\/wp-json\/wp\/v2\/types\/page"}],"author":[{"embeddable":true,"href":"https:\/\/observatoire-asap.org\/index.php\/wp-json\/wp\/v2\/users\/1"}],"replies":[{"embeddable":true,"href":"https:\/\/observatoire-asap.org\/index.php\/wp-json\/wp\/v2\/comments?post=1018"}],"version-history":[{"count":45,"href":"https:\/\/observatoire-asap.org\/index.php\/wp-json\/wp\/v2\/pages\/1018\/revisions"}],"predecessor-version":[{"id":5548,"href":"https:\/\/observatoire-asap.org\/index.php\/wp-json\/wp\/v2\/pages\/1018\/revisions\/5548"}],"wp:attachment":[{"href":"https:\/\/observatoire-asap.org\/index.php\/wp-json\/wp\/v2\/media?parent=1018"}],"curies":[{"name":"wp","href":"https:\/\/api.w.org\/{rel}","templated":true}]}}