{"id":1014,"date":"2020-11-25T15:12:15","date_gmt":"2020-11-25T14:12:15","guid":{"rendered":"http:\/\/observatoire-asap.org\/?page_id=1014"},"modified":"2022-04-14T12:05:35","modified_gmt":"2022-04-14T10:05:35","slug":"debattre","status":"publish","type":"page","link":"https:\/\/observatoire-asap.org\/index.php\/debattre\/","title":{"rendered":"D\u00e9battre"},"content":{"rendered":"<p style=\"text-align: justify;\"><a href=\"http:\/\/observatoire-asap.org\/index.php\/tribunes\/\">Nourrir les d\u00e9bats<\/a>\u00a0 : fonctions r\u00e9galiennes (d\u00e9fense, s\u00e9curit\u00e9, s\u00fbret\u00e9), politiques sociale et culturelle (diversit\u00e9, \u00e9ducation, pr\u00e9carit\u00e9, sant\u00e9), avenir de la recherche (programmation, financement, statut), politiques de relance et de croissance (aide aux entreprises, soutien \u00e0 l&rsquo;innovation, digitalisation), d\u00e9centralisation\/centralisation, subsidiarit\u00e9, dialogue social, espace public r\u00e9el et virtuel&#8230;\u00a0<\/p>\n<p style=\"text-align: justify;\"><strong>Favoriser les \u00e9changes<\/strong> entre des acteurs d\u2019univers et de disciplines diff\u00e9rents (droit, sociologie, sciences politiques, \u00e9conomie, gestion\u2026), pour les inciter \u00e0 collaborer dans le cadre de projets transversaux au service de\u00a0\u00a0 l\u2019action publique et territoriale.<\/p>\n\n\n<figure class=\"wp-block-table\"><table><tbody><tr><td><u>Au niveau de la Presse et des M\u00e9dias<\/u> (<a href=\"http:\/\/observatoire-asap.org\/index.php\/2020\/02\/02\/olivier-meier\/\">O. Meier<\/a>, <a href=\"http:\/\/observatoire-asap.org\/index.php\/2020\/02\/27\/fabrice-hamelin\/\">F. Hamelin<\/a>)<br>Presse nationale et r\u00e9gionale<br>M\u00e9dias audiovisuels (TV, radios)<br>M\u00e9dias en ligne<\/td><\/tr><\/tbody><\/table><\/figure>\n\n\n\n<figure class=\"wp-block-table\"><table><tbody><tr><td><u>Au niveau de l&rsquo;organisation des colloques et des conf\u00e9rences<\/u> (<a href=\"http:\/\/observatoire-asap.org\/index.php\/2020\/02\/02\/lolita-rubens\/\">L. Rubens<\/a>, <a href=\"http:\/\/observatoire-asap.org\/index.php\/2021\/02\/01\/marine-fouquet\/\">M. Fouquet<\/a>)<br>Conf\u00e9rences<br>Colloques et s\u00e9minaires<br>Rencontres institutionnelles<\/td><\/tr><\/tbody><\/table><\/figure>\n","protected":false},"excerpt":{"rendered":"<p>Nourrir les d\u00e9bats\u00a0 : fonctions r\u00e9galiennes (d\u00e9fense, s\u00e9curit\u00e9, s\u00fbret\u00e9), politiques sociale et culturelle (diversit\u00e9, \u00e9ducation, pr\u00e9carit\u00e9, sant\u00e9), avenir de la recherche (programmation, financement, statut), politiques de relance et de croissance (aide aux entreprises, soutien \u00e0 l&rsquo;innovation, digitalisation), d\u00e9centralisation\/centralisation, subsidiarit\u00e9, dialogue social, espace public r\u00e9el et virtuel&#8230;\u00a0 Favoriser les \u00e9changes entre des acteurs d\u2019univers et de &hellip; <\/p>\n","protected":false},"author":1,"featured_media":0,"parent":0,"menu_order":0,"comment_status":"closed","ping_status":"closed","template":"","meta":{"spay_email":"","footnotes":""},"class_list":["post-1014","page","type-page","status-publish","hentry"],"yoast_head":"<!-- This site is optimized with the Yoast SEO plugin v24.9 - https:\/\/yoast.com\/wordpress\/plugins\/seo\/ -->\n<title>D\u00e9battre -<\/title>\n<meta name=\"robots\" content=\"index, follow, max-snippet:-1, max-image-preview:large, max-video-preview:-1\" \/>\n<link rel=\"canonical\" href=\"https:\/\/observatoire-asap.org\/index.php\/debattre\/\" \/>\n<meta property=\"og:locale\" content=\"fr_FR\" \/>\n<meta property=\"og:type\" content=\"article\" \/>\n<meta property=\"og:title\" content=\"D\u00e9battre -\" \/>\n<meta property=\"og:description\" content=\"Nourrir les d\u00e9bats\u00a0 : fonctions r\u00e9galiennes (d\u00e9fense, s\u00e9curit\u00e9, s\u00fbret\u00e9), politiques sociale et culturelle (diversit\u00e9, \u00e9ducation, pr\u00e9carit\u00e9, sant\u00e9), avenir de la recherche (programmation, financement, statut), politiques de relance et de croissance (aide aux entreprises, soutien \u00e0 l&rsquo;innovation, digitalisation), d\u00e9centralisation\/centralisation, subsidiarit\u00e9, dialogue social, espace public r\u00e9el et virtuel&#8230;\u00a0 Favoriser les \u00e9changes entre des acteurs d\u2019univers et de &hellip;\" \/>\n<meta property=\"og:url\" content=\"https:\/\/observatoire-asap.org\/index.php\/debattre\/\" \/>\n<meta property=\"article:publisher\" content=\"https:\/\/facebook.com\/fabrice.hamelin.1\" \/>\n<meta property=\"article:modified_time\" content=\"2022-04-14T10:05:35+00:00\" \/>\n<meta name=\"twitter:card\" content=\"summary_large_image\" \/>\n<meta name=\"twitter:label1\" content=\"Dur\u00e9e de lecture estim\u00e9e\" \/>\n\t<meta name=\"twitter:data1\" content=\"1 minute\" \/>\n<script type=\"application\/ld+json\" class=\"yoast-schema-graph\">{\"@context\":\"https:\/\/schema.org\",\"@graph\":[{\"@type\":\"WebPage\",\"@id\":\"https:\/\/observatoire-asap.org\/index.php\/debattre\/\",\"url\":\"https:\/\/observatoire-asap.org\/index.php\/debattre\/\",\"name\":\"D\u00e9battre -\",\"isPartOf\":{\"@id\":\"http:\/\/observatoire-asap.org\/#website\"},\"datePublished\":\"2020-11-25T14:12:15+00:00\",\"dateModified\":\"2022-04-14T10:05:35+00:00\",\"breadcrumb\":{\"@id\":\"https:\/\/observatoire-asap.org\/index.php\/debattre\/#breadcrumb\"},\"inLanguage\":\"fr-FR\",\"potentialAction\":[{\"@type\":\"ReadAction\",\"target\":[\"https:\/\/observatoire-asap.org\/index.php\/debattre\/\"]}]},{\"@type\":\"BreadcrumbList\",\"@id\":\"https:\/\/observatoire-asap.org\/index.php\/debattre\/#breadcrumb\",\"itemListElement\":[{\"@type\":\"ListItem\",\"position\":1,\"name\":\"Accueil\",\"item\":\"http:\/\/observatoire-asap.org\/\"},{\"@type\":\"ListItem\",\"position\":2,\"name\":\"D\u00e9battre\"}]},{\"@type\":\"WebSite\",\"@id\":\"http:\/\/observatoire-asap.org\/#website\",\"url\":\"http:\/\/observatoire-asap.org\/\",\"name\":\"Action Soci\u00e9tale et Action Publique\",\"description\":\"\",\"publisher\":{\"@id\":\"http:\/\/observatoire-asap.org\/#organization\"},\"potentialAction\":[{\"@type\":\"SearchAction\",\"target\":{\"@type\":\"EntryPoint\",\"urlTemplate\":\"http:\/\/observatoire-asap.org\/?s={search_term_string}\"},\"query-input\":{\"@type\":\"PropertyValueSpecification\",\"valueRequired\":true,\"valueName\":\"search_term_string\"}}],\"inLanguage\":\"fr-FR\"},{\"@type\":\"Organization\",\"@id\":\"http:\/\/observatoire-asap.org\/#organization\",\"name\":\"Laboratoire ASAP\",\"url\":\"http:\/\/observatoire-asap.org\/\",\"logo\":{\"@type\":\"ImageObject\",\"inLanguage\":\"fr-FR\",\"@id\":\"http:\/\/observatoire-asap.org\/#\/schema\/logo\/image\/\",\"url\":\"https:\/\/observatoire-asap.org\/wp-content\/uploads\/2022\/01\/cropped-cropped-ASAP_Plan-de-travail-1.png\",\"contentUrl\":\"https:\/\/observatoire-asap.org\/wp-content\/uploads\/2022\/01\/cropped-cropped-ASAP_Plan-de-travail-1.png\",\"width\":1345,\"height\":426,\"caption\":\"Laboratoire ASAP\"},\"image\":{\"@id\":\"http:\/\/observatoire-asap.org\/#\/schema\/logo\/image\/\"},\"sameAs\":[\"https:\/\/facebook.com\/fabrice.hamelin.1\"]}]}<\/script>\n<!-- \/ Yoast SEO plugin. -->","yoast_head_json":{"title":"D\u00e9battre -","robots":{"index":"index","follow":"follow","max-snippet":"max-snippet:-1","max-image-preview":"max-image-preview:large","max-video-preview":"max-video-preview:-1"},"canonical":"https:\/\/observatoire-asap.org\/index.php\/debattre\/","og_locale":"fr_FR","og_type":"article","og_title":"D\u00e9battre -","og_description":"Nourrir les d\u00e9bats\u00a0 : fonctions r\u00e9galiennes (d\u00e9fense, s\u00e9curit\u00e9, s\u00fbret\u00e9), politiques sociale et culturelle (diversit\u00e9, \u00e9ducation, pr\u00e9carit\u00e9, sant\u00e9), avenir de la recherche (programmation, financement, statut), politiques de relance et de croissance (aide aux entreprises, soutien \u00e0 l&rsquo;innovation, digitalisation), d\u00e9centralisation\/centralisation, subsidiarit\u00e9, dialogue social, espace public r\u00e9el et virtuel&#8230;\u00a0 Favoriser les \u00e9changes entre des acteurs d\u2019univers et de &hellip;","og_url":"https:\/\/observatoire-asap.org\/index.php\/debattre\/","article_publisher":"https:\/\/facebook.com\/fabrice.hamelin.1","article_modified_time":"2022-04-14T10:05:35+00:00","twitter_card":"summary_large_image","twitter_misc":{"Dur\u00e9e de lecture estim\u00e9e":"1 minute"},"schema":{"@context":"https:\/\/schema.org","@graph":[{"@type":"WebPage","@id":"https:\/\/observatoire-asap.org\/index.php\/debattre\/","url":"https:\/\/observatoire-asap.org\/index.php\/debattre\/","name":"D\u00e9battre -","isPartOf":{"@id":"http:\/\/observatoire-asap.org\/#website"},"datePublished":"2020-11-25T14:12:15+00:00","dateModified":"2022-04-14T10:05:35+00:00","breadcrumb":{"@id":"https:\/\/observatoire-asap.org\/index.php\/debattre\/#breadcrumb"},"inLanguage":"fr-FR","potentialAction":[{"@type":"ReadAction","target":["https:\/\/observatoire-asap.org\/index.php\/debattre\/"]}]},{"@type":"BreadcrumbList","@id":"https:\/\/observatoire-asap.org\/index.php\/debattre\/#breadcrumb","itemListElement":[{"@type":"ListItem","position":1,"name":"Accueil","item":"http:\/\/observatoire-asap.org\/"},{"@type":"ListItem","position":2,"name":"D\u00e9battre"}]},{"@type":"WebSite","@id":"http:\/\/observatoire-asap.org\/#website","url":"http:\/\/observatoire-asap.org\/","name":"Action Soci\u00e9tale et Action Publique","description":"","publisher":{"@id":"http:\/\/observatoire-asap.org\/#organization"},"potentialAction":[{"@type":"SearchAction","target":{"@type":"EntryPoint","urlTemplate":"http:\/\/observatoire-asap.org\/?s={search_term_string}"},"query-input":{"@type":"PropertyValueSpecification","valueRequired":true,"valueName":"search_term_string"}}],"inLanguage":"fr-FR"},{"@type":"Organization","@id":"http:\/\/observatoire-asap.org\/#organization","name":"Laboratoire ASAP","url":"http:\/\/observatoire-asap.org\/","logo":{"@type":"ImageObject","inLanguage":"fr-FR","@id":"http:\/\/observatoire-asap.org\/#\/schema\/logo\/image\/","url":"https:\/\/observatoire-asap.org\/wp-content\/uploads\/2022\/01\/cropped-cropped-ASAP_Plan-de-travail-1.png","contentUrl":"https:\/\/observatoire-asap.org\/wp-content\/uploads\/2022\/01\/cropped-cropped-ASAP_Plan-de-travail-1.png","width":1345,"height":426,"caption":"Laboratoire ASAP"},"image":{"@id":"http:\/\/observatoire-asap.org\/#\/schema\/logo\/image\/"},"sameAs":["https:\/\/facebook.com\/fabrice.hamelin.1"]}]}},"_links":{"self":[{"href":"https:\/\/observatoire-asap.org\/index.php\/wp-json\/wp\/v2\/pages\/1014","targetHints":{"allow":["GET"]}}],"collection":[{"href":"https:\/\/observatoire-asap.org\/index.php\/wp-json\/wp\/v2\/pages"}],"about":[{"href":"https:\/\/observatoire-asap.org\/index.php\/wp-json\/wp\/v2\/types\/page"}],"author":[{"embeddable":true,"href":"https:\/\/observatoire-asap.org\/index.php\/wp-json\/wp\/v2\/users\/1"}],"replies":[{"embeddable":true,"href":"https:\/\/observatoire-asap.org\/index.php\/wp-json\/wp\/v2\/comments?post=1014"}],"version-history":[{"count":32,"href":"https:\/\/observatoire-asap.org\/index.php\/wp-json\/wp\/v2\/pages\/1014\/revisions"}],"predecessor-version":[{"id":4474,"href":"https:\/\/observatoire-asap.org\/index.php\/wp-json\/wp\/v2\/pages\/1014\/revisions\/4474"}],"wp:attachment":[{"href":"https:\/\/observatoire-asap.org\/index.php\/wp-json\/wp\/v2\/media?parent=1014"}],"curies":[{"name":"wp","href":"https:\/\/api.w.org\/{rel}","templated":true}]}}